{"id":14619,"date":"2022-04-28T09:27:51","date_gmt":"2022-04-28T09:27:51","guid":{"rendered":"https:\/\/lamanchaturismo.es\/con-guida-in-citta\/con-la-tua-guida-a-ciudad-real\/"},"modified":"2022-08-10T15:54:59","modified_gmt":"2022-08-10T15:54:59","slug":"con-la-tua-guida-a-ciudad-real","status":"publish","type":"page","link":"https:\/\/lamanchaturismo.es\/it\/con-guida-in-citta\/con-la-tua-guida-a-ciudad-real\/","title":{"rendered":"CON LA TUA GUIDA A CIUDAD REAL"},"content":{"rendered":"\t\t<div data-elementor-type=\"wp-page\" data-elementor-id=\"14619\" class=\"elementor elementor-14619 elementor-12784\" data-elementor-post-type=\"page\">\n\t\t\t\t\t\t<section class=\"elementor-section elementor-top-section elementor-element elementor-element-f2e9139 elementor-section-full_width elementor-section-stretched elementor-section-height-default elementor-section-height-default qodef-elementor-content-no qodef-elementor-stretch-row-no\" data-id=\"f2e9139\" data-element_type=\"section\" data-e-type=\"section\" data-settings=\"{&quot;stretch_section&quot;:&quot;section-stretched&quot;}\">\n\t\t\t\t\t\t<div class=\"elementor-container elementor-column-gap-no\">\n\t\t\t\t\t<div class=\"elementor-column elementor-col-100 elementor-top-column elementor-element elementor-element-e69d2a6\" data-id=\"e69d2a6\" data-element_type=\"column\" data-e-type=\"column\">\n\t\t\t<div class=\"elementor-widget-wrap elementor-element-populated\">\n\t\t\t\t\t\t<div class=\"elementor-element elementor-element-e8cbb44 elementor-widget elementor-widget-video\" data-id=\"e8cbb44\" data-element_type=\"widget\" data-e-type=\"widget\" data-settings=\"{&quot;video_type&quot;:&quot;hosted&quot;,&quot;autoplay&quot;:&quot;yes&quot;,&quot;play_on_mobile&quot;:&quot;yes&quot;,&quot;loop&quot;:&quot;yes&quot;}\" data-widget_type=\"video.default\">\n\t\t\t\t<div class=\"elementor-widget-container\">\n\t\t\t\t\t\t\t<div class=\"e-hosted-video elementor-wrapper elementor-open-inline\">\n\t\t\t\t\t<video class=\"elementor-video\" src=\"https:\/\/lamanchaturismo.es\/wp-content\/uploads\/2022\/07\/VIDEO-CIUDAD-REAL.mp4\" autoplay=\"\" loop=\"\" playsinline=\"\" controlsList=\"nodownload\"><\/video>\n\t\t\t\t<\/div>\n\t\t\t\t\t\t<\/div>\n\t\t\t\t<\/div>\n\t\t\t\t\t<\/div>\n\t\t<\/div>\n\t\t\t\t\t<\/div>\n\t\t<\/section>\n\t\t\t\t<section class=\"elementor-section elementor-top-section elementor-element elementor-element-8f7fcf7 elementor-section-boxed elementor-section-height-default elementor-section-height-default qodef-elementor-content-no qodef-elementor-stretch-row-no\" data-id=\"8f7fcf7\" data-element_type=\"section\" data-e-type=\"section\">\n\t\t\t\t\t\t<div class=\"elementor-container elementor-column-gap-default\">\n\t\t\t\t\t<div class=\"elementor-column elementor-col-100 elementor-top-column elementor-element elementor-element-3fa364e\" data-id=\"3fa364e\" data-element_type=\"column\" data-e-type=\"column\">\n\t\t\t<div class=\"elementor-widget-wrap elementor-element-populated\">\n\t\t\t\t\t\t<div class=\"elementor-element elementor-element-b8c479e elementor-align-center elementor-widget elementor-widget-breadcrumbs\" data-id=\"b8c479e\" data-element_type=\"widget\" data-e-type=\"widget\" data-widget_type=\"breadcrumbs.default\">\n\t\t\t\t<div class=\"elementor-widget-container\">\n\t\t\t\t\t<p id=\"breadcrumbs\"><span><span><a href=\"https:\/\/lamanchaturismo.es\/it\/casa\/\">Home<\/a><\/span><\/span><\/p>\t\t\t\t<\/div>\n\t\t\t\t<\/div>\n\t\t\t\t<div class=\"elementor-element elementor-element-3f10065 elementor-widget elementor-widget-spacer\" data-id=\"3f10065\" data-element_type=\"widget\" data-e-type=\"widget\" data-widget_type=\"spacer.default\">\n\t\t\t\t<div class=\"elementor-widget-container\">\n\t\t\t\t\t\t\t<div class=\"elementor-spacer\">\n\t\t\t<div class=\"elementor-spacer-inner\"><\/div>\n\t\t<\/div>\n\t\t\t\t\t\t<\/div>\n\t\t\t\t<\/div>\n\t\t\t\t\t<\/div>\n\t\t<\/div>\n\t\t\t\t\t<\/div>\n\t\t<\/section>\n\t\t\t\t<section class=\"elementor-section elementor-top-section elementor-element elementor-element-7d96d69 elementor-section-content-middle elementor-section-boxed elementor-section-height-default elementor-section-height-default qodef-elementor-content-no qodef-elementor-stretch-row-no\" data-id=\"7d96d69\" data-element_type=\"section\" data-e-type=\"section\">\n\t\t\t\t\t\t<div class=\"elementor-container elementor-column-gap-extended\">\n\t\t\t\t\t<div class=\"elementor-column elementor-col-100 elementor-top-column elementor-element elementor-element-fe72816\" data-id=\"fe72816\" data-element_type=\"column\" data-e-type=\"column\">\n\t\t\t<div class=\"elementor-widget-wrap elementor-element-populated\">\n\t\t\t\t\t\t<div class=\"elementor-element elementor-element-f56adae elementor-widget elementor-widget-text-editor\" data-id=\"f56adae\" data-element_type=\"widget\" data-e-type=\"widget\" data-widget_type=\"text-editor.default\">\n\t\t\t\t<div class=\"elementor-widget-container\">\n\t\t\t\t\t\t\t\t\t<p>La citt\u00e0 fondata da Alfonso X, divenuta poi capitale delle peregrinazioni di Don Chisciotte, ti stupir\u00e0 con la sua grande storia. Ti sorprender\u00e0 un tour attraverso chiese gotiche, splendidi musei, resti di mura e la sublime cucina. <\/p>\t\t\t\t\t\t\t\t<\/div>\n\t\t\t\t<\/div>\n\t\t\t\t\t<\/div>\n\t\t<\/div>\n\t\t\t\t\t<\/div>\n\t\t<\/section>\n\t\t\t\t<\/div>\n\t\t","protected":false},"excerpt":{"rendered":"<p>https:\/\/lamanchaturismo.es\/wp-content\/uploads\/2022\/07\/VIDEO-CIUDAD-REAL.mp4 La citt\u00e0 fondata da Alfonso X, divenuta poi capitale delle peregrinazioni di Don Chisciotte, ti stupir\u00e0 con la sua grande storia. Ti sorprender\u00e0 un tour attraverso chiese gotiche, splendidi musei, resti di mura e la sublime cucina.<\/p>\n","protected":false},"author":2,"featured_media":0,"parent":14614,"menu_order":0,"comment_status":"closed","ping_status":"closed","template":"","meta":{"footnotes":""},"class_list":["post-14619","page","type-page","status-publish","hentry"],"yoast_head":"<!-- This site is optimized with the Yoast SEO plugin v27.0 - https:\/\/yoast.com\/product\/yoast-seo-wordpress\/ -->\n<title>CON LA TUA GUIDA A CIUDAD REAL - La Mancha Turismo<\/title>\n<meta name=\"robots\" content=\"index, follow, max-snippet:-1, max-image-preview:large, max-video-preview:-1\" \/>\n<link rel=\"canonical\" href=\"https:\/\/lamanchaturismo.es\/it\/con-guida-in-citta\/con-la-tua-guida-a-ciudad-real\/\" \/>\n<meta property=\"og:locale\" content=\"it_IT\" \/>\n<meta property=\"og:type\" content=\"article\" \/>\n<meta property=\"og:title\" content=\"CON LA TUA GUIDA A CIUDAD REAL - La Mancha Turismo\" \/>\n<meta property=\"og:description\" content=\"https:\/\/lamanchaturismo.es\/wp-content\/uploads\/2022\/07\/VIDEO-CIUDAD-REAL.mp4 La citt\u00e0 fondata da Alfonso X, divenuta poi capitale delle peregrinazioni di Don Chisciotte, ti stupir\u00e0 con la sua grande storia. Ti sorprender\u00e0 un tour attraverso chiese gotiche, splendidi musei, resti di mura e la sublime cucina.\" \/>\n<meta property=\"og:url\" content=\"https:\/\/lamanchaturismo.es\/it\/con-guida-in-citta\/con-la-tua-guida-a-ciudad-real\/\" \/>\n<meta property=\"og:site_name\" content=\"La Mancha Turismo\" \/>\n<meta property=\"article:modified_time\" content=\"2022-08-10T15:54:59+00:00\" \/>\n<meta name=\"twitter:card\" content=\"summary_large_image\" \/>\n<script type=\"application\/ld+json\" class=\"yoast-schema-graph\">{\"@context\":\"https:\/\/schema.org\",\"@graph\":[{\"@type\":\"WebPage\",\"@id\":\"https:\/\/lamanchaturismo.es\/it\/con-guida-in-citta\/con-la-tua-guida-a-ciudad-real\/\",\"url\":\"https:\/\/lamanchaturismo.es\/it\/con-guida-in-citta\/con-la-tua-guida-a-ciudad-real\/\",\"name\":\"CON LA TUA GUIDA A CIUDAD REAL - La Mancha Turismo\",\"isPartOf\":{\"@id\":\"https:\/\/lamanchaturismo.es\/it\/#website\"},\"datePublished\":\"2022-04-28T09:27:51+00:00\",\"dateModified\":\"2022-08-10T15:54:59+00:00\",\"breadcrumb\":{\"@id\":\"https:\/\/lamanchaturismo.es\/it\/con-guida-in-citta\/con-la-tua-guida-a-ciudad-real\/#breadcrumb\"},\"inLanguage\":\"it-IT\",\"potentialAction\":[{\"@type\":\"ReadAction\",\"target\":[\"https:\/\/lamanchaturismo.es\/it\/con-guida-in-citta\/con-la-tua-guida-a-ciudad-real\/\"]}]},{\"@type\":\"BreadcrumbList\",\"@id\":\"https:\/\/lamanchaturismo.es\/it\/con-guida-in-citta\/con-la-tua-guida-a-ciudad-real\/#breadcrumb\",\"itemListElement\":[{\"@type\":\"ListItem\",\"position\":1,\"name\":\"Home\",\"item\":\"https:\/\/lamanchaturismo.es\/it\/casa\/\"},{\"@type\":\"ListItem\",\"position\":2,\"name\":\"CON GUIDA IN CITT\u00c0\",\"item\":\"https:\/\/lamanchaturismo.es\/it\/con-guida-in-citta\/\"},{\"@type\":\"ListItem\",\"position\":3,\"name\":\"CON LA TUA GUIDA A CIUDAD REAL\"}]},{\"@type\":\"WebSite\",\"@id\":\"https:\/\/lamanchaturismo.es\/it\/#website\",\"url\":\"https:\/\/lamanchaturismo.es\/it\/\",\"name\":\"La Mancha Turismo\",\"description\":\"CRISTINA, TU GU\u00cdA OFICIAL DE TURISMO\",\"potentialAction\":[{\"@type\":\"SearchAction\",\"target\":{\"@type\":\"EntryPoint\",\"urlTemplate\":\"https:\/\/lamanchaturismo.es\/it\/?s={search_term_string}\"},\"query-input\":{\"@type\":\"PropertyValueSpecification\",\"valueRequired\":true,\"valueName\":\"search_term_string\"}}],\"inLanguage\":\"it-IT\"}]}<\/script>\n<!-- \/ Yoast SEO plugin. -->","yoast_head_json":{"title":"CON LA TUA GUIDA A CIUDAD REAL - La Mancha Turismo","robots":{"index":"index","follow":"follow","max-snippet":"max-snippet:-1","max-image-preview":"max-image-preview:large","max-video-preview":"max-video-preview:-1"},"canonical":"https:\/\/lamanchaturismo.es\/it\/con-guida-in-citta\/con-la-tua-guida-a-ciudad-real\/","og_locale":"it_IT","og_type":"article","og_title":"CON LA TUA GUIDA A CIUDAD REAL - La Mancha Turismo","og_description":"https:\/\/lamanchaturismo.es\/wp-content\/uploads\/2022\/07\/VIDEO-CIUDAD-REAL.mp4 La citt\u00e0 fondata da Alfonso X, divenuta poi capitale delle peregrinazioni di Don Chisciotte, ti stupir\u00e0 con la sua grande storia. Ti sorprender\u00e0 un tour attraverso chiese gotiche, splendidi musei, resti di mura e la sublime cucina.","og_url":"https:\/\/lamanchaturismo.es\/it\/con-guida-in-citta\/con-la-tua-guida-a-ciudad-real\/","og_site_name":"La Mancha Turismo","article_modified_time":"2022-08-10T15:54:59+00:00","twitter_card":"summary_large_image","schema":{"@context":"https:\/\/schema.org","@graph":[{"@type":"WebPage","@id":"https:\/\/lamanchaturismo.es\/it\/con-guida-in-citta\/con-la-tua-guida-a-ciudad-real\/","url":"https:\/\/lamanchaturismo.es\/it\/con-guida-in-citta\/con-la-tua-guida-a-ciudad-real\/","name":"CON LA TUA GUIDA A CIUDAD REAL - La Mancha Turismo","isPartOf":{"@id":"https:\/\/lamanchaturismo.es\/it\/#website"},"datePublished":"2022-04-28T09:27:51+00:00","dateModified":"2022-08-10T15:54:59+00:00","breadcrumb":{"@id":"https:\/\/lamanchaturismo.es\/it\/con-guida-in-citta\/con-la-tua-guida-a-ciudad-real\/#breadcrumb"},"inLanguage":"it-IT","potentialAction":[{"@type":"ReadAction","target":["https:\/\/lamanchaturismo.es\/it\/con-guida-in-citta\/con-la-tua-guida-a-ciudad-real\/"]}]},{"@type":"BreadcrumbList","@id":"https:\/\/lamanchaturismo.es\/it\/con-guida-in-citta\/con-la-tua-guida-a-ciudad-real\/#breadcrumb","itemListElement":[{"@type":"ListItem","position":1,"name":"Home","item":"https:\/\/lamanchaturismo.es\/it\/casa\/"},{"@type":"ListItem","position":2,"name":"CON GUIDA IN CITT\u00c0","item":"https:\/\/lamanchaturismo.es\/it\/con-guida-in-citta\/"},{"@type":"ListItem","position":3,"name":"CON LA TUA GUIDA A CIUDAD REAL"}]},{"@type":"WebSite","@id":"https:\/\/lamanchaturismo.es\/it\/#website","url":"https:\/\/lamanchaturismo.es\/it\/","name":"La Mancha Turismo","description":"CRISTINA, TU GU\u00cdA OFICIAL DE TURISMO","potentialAction":[{"@type":"SearchAction","target":{"@type":"EntryPoint","urlTemplate":"https:\/\/lamanchaturismo.es\/it\/?s={search_term_string}"},"query-input":{"@type":"PropertyValueSpecification","valueRequired":true,"valueName":"search_term_string"}}],"inLanguage":"it-IT"}]}},"_links":{"self":[{"href":"https:\/\/lamanchaturismo.es\/it\/wp-json\/wp\/v2\/pages\/14619","targetHints":{"allow":["GET"]}}],"collection":[{"href":"https:\/\/lamanchaturismo.es\/it\/wp-json\/wp\/v2\/pages"}],"about":[{"href":"https:\/\/lamanchaturismo.es\/it\/wp-json\/wp\/v2\/types\/page"}],"author":[{"embeddable":true,"href":"https:\/\/lamanchaturismo.es\/it\/wp-json\/wp\/v2\/users\/2"}],"replies":[{"embeddable":true,"href":"https:\/\/lamanchaturismo.es\/it\/wp-json\/wp\/v2\/comments?post=14619"}],"version-history":[{"count":8,"href":"https:\/\/lamanchaturismo.es\/it\/wp-json\/wp\/v2\/pages\/14619\/revisions"}],"predecessor-version":[{"id":15960,"href":"https:\/\/lamanchaturismo.es\/it\/wp-json\/wp\/v2\/pages\/14619\/revisions\/15960"}],"up":[{"embeddable":true,"href":"https:\/\/lamanchaturismo.es\/it\/wp-json\/wp\/v2\/pages\/14614"}],"wp:attachment":[{"href":"https:\/\/lamanchaturismo.es\/it\/wp-json\/wp\/v2\/media?parent=14619"}],"curies":[{"name":"wp","href":"https:\/\/api.w.org\/{rel}","templated":true}]}}