{"id":14554,"date":"2022-04-27T16:10:54","date_gmt":"2022-04-27T14:10:54","guid":{"rendered":"https:\/\/lamanchaturismo.es\/patrimonio-e-arte\/e-101-villaggi-da-scoprire\/"},"modified":"2023-01-15T21:51:23","modified_gmt":"2023-01-15T20:51:23","slug":"e-101-villaggi-da-scoprire","status":"publish","type":"page","link":"https:\/\/lamanchaturismo.es\/it\/patrimonio-e-arte\/e-101-villaggi-da-scoprire\/","title":{"rendered":"E 101 villaggi da scoprire"},"content":{"rendered":"\t\t<div data-elementor-type=\"wp-page\" data-elementor-id=\"14554\" class=\"elementor elementor-14554 elementor-12556\" data-elementor-post-type=\"page\">\n\t\t\t\t\t\t<section class=\"elementor-section elementor-top-section elementor-element elementor-element-de39dbf elementor-section-boxed elementor-section-height-default elementor-section-height-default qodef-elementor-content-no qodef-elementor-stretch-row-no\" data-id=\"de39dbf\" data-element_type=\"section\" data-e-type=\"section\">\n\t\t\t\t\t\t<div class=\"elementor-container elementor-column-gap-default\">\n\t\t\t\t\t<div class=\"elementor-column elementor-col-100 elementor-top-column elementor-element elementor-element-06dd938\" data-id=\"06dd938\" data-element_type=\"column\" data-e-type=\"column\">\n\t\t\t<div class=\"elementor-widget-wrap elementor-element-populated\">\n\t\t\t\t\t\t<div class=\"elementor-element elementor-element-272d65f elementor-align-center elementor-widget elementor-widget-button\" data-id=\"272d65f\" data-element_type=\"widget\" data-e-type=\"widget\" data-widget_type=\"button.default\">\n\t\t\t\t<div class=\"elementor-widget-container\">\n\t\t\t\t\t\t\t\t\t<div class=\"elementor-button-wrapper\">\n\t\t\t\t\t<a class=\"elementor-button elementor-button-link elementor-size-sm\" href=\"https:\/\/lamanchaturismo.es\/it\/patrimonio-e-arte\/\">\n\t\t\t\t\t\t<span class=\"elementor-button-content-wrapper\">\n\t\t\t\t\t\t<span class=\"elementor-button-icon\">\n\t\t\t\t<i aria-hidden=\"true\" class=\"fas fa-long-arrow-alt-left\"><\/i>\t\t\t<\/span>\n\t\t\t\t\t\t\t\t\t<span class=\"elementor-button-text\">PATRIMONIO E ARTE<\/span>\n\t\t\t\t\t<\/span>\n\t\t\t\t\t<\/a>\n\t\t\t\t<\/div>\n\t\t\t\t\t\t\t\t<\/div>\n\t\t\t\t<\/div>\n\t\t\t\t\t<\/div>\n\t\t<\/div>\n\t\t\t\t\t<\/div>\n\t\t<\/section>\n\t\t\t\t<section class=\"elementor-section elementor-top-section elementor-element elementor-element-75509b0 elementor-section-boxed elementor-section-height-default elementor-section-height-default qodef-elementor-content-no qodef-elementor-stretch-row-no\" data-id=\"75509b0\" data-element_type=\"section\" data-e-type=\"section\">\n\t\t\t\t\t\t<div class=\"elementor-container elementor-column-gap-default\">\n\t\t\t\t\t<div class=\"elementor-column elementor-col-100 elementor-top-column elementor-element elementor-element-8f22924\" data-id=\"8f22924\" data-element_type=\"column\" data-e-type=\"column\">\n\t\t\t<div class=\"elementor-widget-wrap elementor-element-populated\">\n\t\t\t\t\t\t<div class=\"elementor-element elementor-element-14a1ad2 elementor-widget elementor-widget-gallery\" data-id=\"14a1ad2\" data-element_type=\"widget\" data-e-type=\"widget\" data-settings=\"{&quot;gallery_layout&quot;:&quot;masonry&quot;,&quot;overlay_title&quot;:&quot;caption&quot;,&quot;columns&quot;:3,&quot;lazyload&quot;:&quot;yes&quot;,&quot;columns_tablet&quot;:2,&quot;columns_mobile&quot;:1,&quot;gap&quot;:{&quot;unit&quot;:&quot;px&quot;,&quot;size&quot;:10,&quot;sizes&quot;:[]},&quot;gap_tablet&quot;:{&quot;unit&quot;:&quot;px&quot;,&quot;size&quot;:10,&quot;sizes&quot;:[]},&quot;gap_mobile&quot;:{&quot;unit&quot;:&quot;px&quot;,&quot;size&quot;:10,&quot;sizes&quot;:[]},&quot;link_to&quot;:&quot;file&quot;,&quot;overlay_background&quot;:&quot;yes&quot;,&quot;content_hover_animation&quot;:&quot;fade-in&quot;}\" data-widget_type=\"gallery.default\">\n\t\t\t\t<div class=\"elementor-widget-container\">\n\t\t\t\t\t\t\t<div class=\"elementor-gallery__container\">\n\t\t\t\t\t\t\t<a class=\"e-gallery-item elementor-gallery-item elementor-animated-content\" href=\"https:\/\/lamanchaturismo.es\/wp-content\/uploads\/2022\/07\/21.belmonte.jpg\" data-elementor-open-lightbox=\"yes\" data-elementor-lightbox-slideshow=\"14a1ad2\" data-elementor-lightbox-title=\"BELMONTE(Cuenca)\" data-elementor-lightbox-description=\"BELMONTE (Cuenca)\nConoce su Castillo, construido en el s. XV y m\u00e1s tarde residencia de Eugenia de Montijo.\nUn castillo de cine elegido como escenario para el film EL CID, con Charlton Heston y Sof\u00eda Loren\" data-e-action-hash=\"#elementor-action%3Aaction%3Dlightbox%26settings%3DeyJpZCI6MTUyNzAsInVybCI6Imh0dHBzOlwvXC9sYW1hbmNoYXR1cmlzbW8uZXNcL3dwLWNvbnRlbnRcL3VwbG9hZHNcLzIwMjJcLzA3XC8yMS5iZWxtb250ZS5qcGciLCJzbGlkZXNob3ciOiIxNGExYWQyIn0%3D\">\n\t\t\t\t\t<div class=\"e-gallery-image elementor-gallery-item__image\" data-thumbnail=\"https:\/\/lamanchaturismo.es\/wp-content\/uploads\/2022\/07\/21.belmonte-300x223.jpg\" data-width=\"300\" data-height=\"223\" aria-label=\"CASTILLO DE BELMONTE(Cuenca)\" role=\"img\" ><\/div>\n\t\t\t\t\t\t\t\t\t\t\t<div class=\"elementor-gallery-item__overlay\"><\/div>\n\t\t\t\t\t\t\t\t\t\t\t\t\t\t\t<div class=\"elementor-gallery-item__content\">\n\t\t\t\t\t\t\t\t\t\t\t\t\t\t<div class=\"elementor-gallery-item__title\">\n\t\t\t\t\t\t\t\t\t\t\t\t\t\t\t\t\t\tBELMONTE(Cuenca).\nCastillo construido en el s. XV y posteriormente residencia de la emperatriz Eugenia de Montijo.\t\t\t\t\t\t\t\t<\/div>\n\t\t\t\t\t\t\t\t\t\t\t\t<\/div>\n\t\t\t\t\t\t\t\t\t<\/a>\n\t\t\t\t\t\t\t<a class=\"e-gallery-item elementor-gallery-item elementor-animated-content\" href=\"https:\/\/lamanchaturismo.es\/wp-content\/uploads\/2022\/07\/21.Bombos-scaled.jpg\" data-elementor-open-lightbox=\"yes\" data-elementor-lightbox-slideshow=\"14a1ad2\" data-elementor-lightbox-title=\"Bombos\" data-e-action-hash=\"#elementor-action%3Aaction%3Dlightbox%26settings%3DeyJpZCI6MTUyNzMsInVybCI6Imh0dHBzOlwvXC9sYW1hbmNoYXR1cmlzbW8uZXNcL3dwLWNvbnRlbnRcL3VwbG9hZHNcLzIwMjJcLzA3XC8yMS5Cb21ib3Mtc2NhbGVkLmpwZyIsInNsaWRlc2hvdyI6IjE0YTFhZDIifQ%3D%3D\">\n\t\t\t\t\t<div class=\"e-gallery-image elementor-gallery-item__image\" data-thumbnail=\"https:\/\/lamanchaturismo.es\/wp-content\/uploads\/2022\/07\/21.Bombos-300x225.jpg\" data-width=\"300\" data-height=\"225\" aria-label=\"Patrimonio Rural.\" role=\"img\" ><\/div>\n\t\t\t\t\t\t\t\t\t\t\t<div class=\"elementor-gallery-item__overlay\"><\/div>\n\t\t\t\t\t\t\t\t\t\t\t\t\t\t\t<div class=\"elementor-gallery-item__content\">\n\t\t\t\t\t\t\t\t\t\t\t\t\t\t<div class=\"elementor-gallery-item__title\">\n\t\t\t\t\t\t\t\t\t\t\t\t\t\t\t\t\t\tPatrimonio Rural. Los Bombos de Tomelloso son arquitecturas r\u00fasticas usadas por los agricultores y realizadas piedra a piedra, sin argamasa, sirviendo de vivienda y refugio durante las labores del campo\t\t\t\t\t\t\t\t<\/div>\n\t\t\t\t\t\t\t\t\t\t\t\t<\/div>\n\t\t\t\t\t\t\t\t\t<\/a>\n\t\t\t\t\t\t\t<a class=\"e-gallery-item elementor-gallery-item elementor-animated-content\" href=\"https:\/\/lamanchaturismo.es\/wp-content\/uploads\/2022\/07\/21.fuencaliente.jpg\" data-elementor-open-lightbox=\"yes\" data-elementor-lightbox-slideshow=\"14a1ad2\" data-elementor-lightbox-title=\"Fuencaliente\" data-e-action-hash=\"#elementor-action%3Aaction%3Dlightbox%26settings%3DeyJpZCI6MTUyNzYsInVybCI6Imh0dHBzOlwvXC9sYW1hbmNoYXR1cmlzbW8uZXNcL3dwLWNvbnRlbnRcL3VwbG9hZHNcLzIwMjJcLzA3XC8yMS5mdWVuY2FsaWVudGUuanBnIiwic2xpZGVzaG93IjoiMTRhMWFkMiJ9\">\n\t\t\t\t\t<div class=\"e-gallery-image elementor-gallery-item__image\" data-thumbnail=\"https:\/\/lamanchaturismo.es\/wp-content\/uploads\/2022\/07\/21.fuencaliente-300x225.jpg\" data-width=\"300\" data-height=\"225\" aria-label=\"Fuencaliente\" role=\"img\" ><\/div>\n\t\t\t\t\t\t\t\t\t\t\t<div class=\"elementor-gallery-item__overlay\"><\/div>\n\t\t\t\t\t\t\t\t\t\t\t\t\t\t\t<div class=\"elementor-gallery-item__content\">\n\t\t\t\t\t\t\t\t\t\t\t\t\t\t<div class=\"elementor-gallery-item__title\">\n\t\t\t\t\t\t\t\t\t\t\t\t\t\t\t\t\t\tArte Rupestre. En Fuencaliente encontrar\u00e1s uno de los conjuntos de pinturas rupestres de tipo esquem\u00e1tico m\u00e1s grande y mejor conservado de la Pen\u00ednsula Ib\u00e9rica.\t\t\t\t\t\t\t\t<\/div>\n\t\t\t\t\t\t\t\t\t\t\t\t<\/div>\n\t\t\t\t\t\t\t\t\t<\/a>\n\t\t\t\t\t\t\t<a class=\"e-gallery-item elementor-gallery-item elementor-animated-content\" href=\"https:\/\/lamanchaturismo.es\/wp-content\/uploads\/2022\/07\/21.Museo-Gregorio-Prieto.jpg\" data-elementor-open-lightbox=\"yes\" data-elementor-lightbox-slideshow=\"14a1ad2\" data-elementor-lightbox-title=\"Museo Gregorio Prieto\" data-e-action-hash=\"#elementor-action%3Aaction%3Dlightbox%26settings%3DeyJpZCI6MTUyNzksInVybCI6Imh0dHBzOlwvXC9sYW1hbmNoYXR1cmlzbW8uZXNcL3dwLWNvbnRlbnRcL3VwbG9hZHNcLzIwMjJcLzA3XC8yMS5NdXNlby1HcmVnb3Jpby1QcmlldG8uanBnIiwic2xpZGVzaG93IjoiMTRhMWFkMiJ9\">\n\t\t\t\t\t<div class=\"e-gallery-image elementor-gallery-item__image\" data-thumbnail=\"https:\/\/lamanchaturismo.es\/wp-content\/uploads\/2022\/07\/21.Museo-Gregorio-Prieto-190x300.jpg\" data-width=\"190\" data-height=\"300\" aria-label=\"Museo Gregorio Prieto\" role=\"img\" ><\/div>\n\t\t\t\t\t\t\t\t\t\t\t<div class=\"elementor-gallery-item__overlay\"><\/div>\n\t\t\t\t\t\t\t\t\t\t\t\t\t\t\t<div class=\"elementor-gallery-item__content\">\n\t\t\t\t\t\t\t\t\t\t\t\t\t\t<div class=\"elementor-gallery-item__title\">\n\t\t\t\t\t\t\t\t\t\t\t\t\t\t\t\t\t\tMuseo Gregorio Prieto (Valdepe\u00f1as). Bell\u00edsimo museo en el que se expone la obra de Gregorio Prieto, pionero de la vanguardia espa\u00f1ola y gran representante pict\u00f3rico de la Generaci\u00f3n del 27,\t\t\t\t\t\t\t\t<\/div>\n\t\t\t\t\t\t\t\t\t\t\t\t<\/div>\n\t\t\t\t\t\t\t\t\t<\/a>\n\t\t\t\t\t\t\t<a class=\"e-gallery-item elementor-gallery-item elementor-animated-content\" href=\"https:\/\/lamanchaturismo.es\/wp-content\/uploads\/2022\/07\/21.nave-de-tinajas-scaled.jpg\" data-elementor-open-lightbox=\"yes\" data-elementor-lightbox-slideshow=\"14a1ad2\" data-elementor-lightbox-title=\"Nave de tinajas\" data-e-action-hash=\"#elementor-action%3Aaction%3Dlightbox%26settings%3DeyJpZCI6MTUyODIsInVybCI6Imh0dHBzOlwvXC9sYW1hbmNoYXR1cmlzbW8uZXNcL3dwLWNvbnRlbnRcL3VwbG9hZHNcLzIwMjJcLzA3XC8yMS5uYXZlLWRlLXRpbmFqYXMtc2NhbGVkLmpwZyIsInNsaWRlc2hvdyI6IjE0YTFhZDIifQ%3D%3D\">\n\t\t\t\t\t<div class=\"e-gallery-image elementor-gallery-item__image\" data-thumbnail=\"https:\/\/lamanchaturismo.es\/wp-content\/uploads\/2022\/07\/21.nave-de-tinajas-300x225.jpg\" data-width=\"300\" data-height=\"225\" aria-label=\"Nave de tinajas\" role=\"img\" ><\/div>\n\t\t\t\t\t\t\t\t\t\t\t<div class=\"elementor-gallery-item__overlay\"><\/div>\n\t\t\t\t\t\t\t\t\t\t\t\t\t\t\t<div class=\"elementor-gallery-item__content\">\n\t\t\t\t\t\t\t\t\t\t\t\t\t\t<div class=\"elementor-gallery-item__title\">\n\t\t\t\t\t\t\t\t\t\t\t\t\t\t\t\t\t\tPatrimonio Enol\u00f3gico. \nNave de tinajas de Valdepe\u00f1as.\t\t\t\t\t\t\t\t<\/div>\n\t\t\t\t\t\t\t\t\t\t\t\t<\/div>\n\t\t\t\t\t\t\t\t\t<\/a>\n\t\t\t\t\t\t\t<a class=\"e-gallery-item elementor-gallery-item elementor-animated-content\" href=\"https:\/\/lamanchaturismo.es\/wp-content\/uploads\/2022\/07\/21.parque-arqueologico-cerro-de-las-cabezas.jpg\" data-elementor-open-lightbox=\"yes\" data-elementor-lightbox-slideshow=\"14a1ad2\" data-elementor-lightbox-title=\"Parque arqueologico cerro de las cabezas\" data-e-action-hash=\"#elementor-action%3Aaction%3Dlightbox%26settings%3DeyJpZCI6MTUyODUsInVybCI6Imh0dHBzOlwvXC9sYW1hbmNoYXR1cmlzbW8uZXNcL3dwLWNvbnRlbnRcL3VwbG9hZHNcLzIwMjJcLzA3XC8yMS5wYXJxdWUtYXJxdWVvbG9naWNvLWNlcnJvLWRlLWxhcy1jYWJlemFzLmpwZyIsInNsaWRlc2hvdyI6IjE0YTFhZDIifQ%3D%3D\">\n\t\t\t\t\t<div class=\"e-gallery-image elementor-gallery-item__image\" data-thumbnail=\"https:\/\/lamanchaturismo.es\/wp-content\/uploads\/2022\/07\/21.parque-arqueologico-cerro-de-las-cabezas-300x252.jpg\" data-width=\"300\" data-height=\"252\" aria-label=\"Parque arqueologico cerro de las cabezas\" role=\"img\" ><\/div>\n\t\t\t\t\t\t\t\t\t\t\t<div class=\"elementor-gallery-item__overlay\"><\/div>\n\t\t\t\t\t\t\t\t\t\t\t\t\t\t\t<div class=\"elementor-gallery-item__content\">\n\t\t\t\t\t\t\t\t\t\t\t\t\t\t<div class=\"elementor-gallery-item__title\">\n\t\t\t\t\t\t\t\t\t\t\t\t\t\t\t\t\t\tParque Arqueol\u00f3gico Cerro de las Cabezas          (Valdepe\u00f1as).                   Uno de los mejores ejemplos de la cultura ib\u00e9rica de La Mancha. \t\t\t\t\t\t\t\t<\/div>\n\t\t\t\t\t\t\t\t\t\t\t\t<\/div>\n\t\t\t\t\t\t\t\t\t<\/a>\n\t\t\t\t\t\t\t<a class=\"e-gallery-item elementor-gallery-item elementor-animated-content\" href=\"https:\/\/lamanchaturismo.es\/wp-content\/uploads\/2022\/07\/21.pina_.jpg\" data-elementor-open-lightbox=\"yes\" data-elementor-lightbox-slideshow=\"14a1ad2\" data-elementor-lightbox-title=\"Pi\u00f1a\" data-e-action-hash=\"#elementor-action%3Aaction%3Dlightbox%26settings%3DeyJpZCI6MTUyODgsInVybCI6Imh0dHBzOlwvXC9sYW1hbmNoYXR1cmlzbW8uZXNcL3dwLWNvbnRlbnRcL3VwbG9hZHNcLzIwMjJcLzA3XC8yMS5waW5hXy5qcGciLCJzbGlkZXNob3ciOiIxNGExYWQyIn0%3D\">\n\t\t\t\t\t<div class=\"e-gallery-image elementor-gallery-item__image\" data-thumbnail=\"https:\/\/lamanchaturismo.es\/wp-content\/uploads\/2022\/07\/21.pina_-300x196.jpg\" data-width=\"300\" data-height=\"196\" aria-label=\"Pi\u00f1a\" role=\"img\" ><\/div>\n\t\t\t\t\t\t\t\t\t\t\t<div class=\"elementor-gallery-item__overlay\"><\/div>\n\t\t\t\t\t\t\t\t\t\t\t\t\t\t\t<div class=\"elementor-gallery-item__content\">\n\t\t\t\t\t\t\t\t\t\t\t\t\t\t<div class=\"elementor-gallery-item__title\">\n\t\t\t\t\t\t\t\t\t\t\t\t\t\t\t\t\t\tMuseo Manuel Pi\u00f1a          (Manzanares). \nDise\u00f1ador de la moda y la modernidad en la Movida madrile\u00f1a de los 80.\t\t\t\t\t\t\t\t<\/div>\n\t\t\t\t\t\t\t\t\t\t\t\t<\/div>\n\t\t\t\t\t\t\t\t\t<\/a>\n\t\t\t\t\t\t\t<a class=\"e-gallery-item elementor-gallery-item elementor-animated-content\" href=\"https:\/\/lamanchaturismo.es\/wp-content\/uploads\/2022\/07\/21.plaza-virtudes-aerea-scaled.jpg\" data-elementor-open-lightbox=\"yes\" data-elementor-lightbox-slideshow=\"14a1ad2\" data-elementor-lightbox-title=\"Plaza virtudes aerea\" data-e-action-hash=\"#elementor-action%3Aaction%3Dlightbox%26settings%3DeyJpZCI6MTUyOTEsInVybCI6Imh0dHBzOlwvXC9sYW1hbmNoYXR1cmlzbW8uZXNcL3dwLWNvbnRlbnRcL3VwbG9hZHNcLzIwMjJcLzA3XC8yMS5wbGF6YS12aXJ0dWRlcy1hZXJlYS1zY2FsZWQuanBnIiwic2xpZGVzaG93IjoiMTRhMWFkMiJ9\">\n\t\t\t\t\t<div class=\"e-gallery-image elementor-gallery-item__image\" data-thumbnail=\"https:\/\/lamanchaturismo.es\/wp-content\/uploads\/2022\/07\/21.plaza-virtudes-aerea-300x169.jpg\" data-width=\"300\" data-height=\"169\" aria-label=\"Plaza virtudes aerea\" role=\"img\" ><\/div>\n\t\t\t\t\t\t\t\t\t\t\t<div class=\"elementor-gallery-item__overlay\"><\/div>\n\t\t\t\t\t\t\t\t\t\t\t\t\t\t\t<div class=\"elementor-gallery-item__content\">\n\t\t\t\t\t\t\t\t\t\t\t\t\t\t<div class=\"elementor-gallery-item__title\">\n\t\t\t\t\t\t\t\t\t\t\t\t\t\t\t\t\t\tPlaza de Toros y Ermita de las Virtudes (Santa Cruz de Mudela)\t\t\t\t\t\t\t\t<\/div>\n\t\t\t\t\t\t\t\t\t\t\t\t<\/div>\n\t\t\t\t\t\t\t\t\t<\/a>\n\t\t\t\t\t\t\t<a class=\"e-gallery-item elementor-gallery-item elementor-animated-content\" href=\"https:\/\/lamanchaturismo.es\/wp-content\/uploads\/2022\/07\/21.puertolapice.jpg\" data-elementor-open-lightbox=\"yes\" data-elementor-lightbox-slideshow=\"14a1ad2\" data-elementor-lightbox-title=\"Puertolapice\" data-e-action-hash=\"#elementor-action%3Aaction%3Dlightbox%26settings%3DeyJpZCI6MTUyOTUsInVybCI6Imh0dHBzOlwvXC9sYW1hbmNoYXR1cmlzbW8uZXNcL3dwLWNvbnRlbnRcL3VwbG9hZHNcLzIwMjJcLzA3XC8yMS5wdWVydG9sYXBpY2UuanBnIiwic2xpZGVzaG93IjoiMTRhMWFkMiJ9\">\n\t\t\t\t\t<div class=\"e-gallery-image elementor-gallery-item__image\" data-thumbnail=\"https:\/\/lamanchaturismo.es\/wp-content\/uploads\/2022\/07\/21.puertolapice.jpg\" data-width=\"236\" data-height=\"157\" aria-label=\"Puertolapice\" role=\"img\" ><\/div>\n\t\t\t\t\t\t\t\t\t\t\t<div class=\"elementor-gallery-item__overlay\"><\/div>\n\t\t\t\t\t\t\t\t\t\t\t\t\t\t\t<div class=\"elementor-gallery-item__content\">\n\t\t\t\t\t\t\t\t\t\t\t\t\t\t<div class=\"elementor-gallery-item__title\">\n\t\t\t\t\t\t\t\t\t\t\t\t\t\t\t\t\t\tPuertolapice. Cervantes eligir\u00e1 la localidad como escenario para uno de los momentos cruciales de D. Quijote. Aqu\u00ed ser\u00e1 armado Caballero.\t\t\t\t\t\t\t\t<\/div>\n\t\t\t\t\t\t\t\t\t\t\t\t<\/div>\n\t\t\t\t\t\t\t\t\t<\/a>\n\t\t\t\t\t\t\t<a class=\"e-gallery-item elementor-gallery-item elementor-animated-content\" href=\"https:\/\/lamanchaturismo.es\/wp-content\/uploads\/2023\/01\/plaza-de-tembleque-1.jpg\" data-elementor-open-lightbox=\"yes\" data-elementor-lightbox-slideshow=\"14a1ad2\" data-elementor-lightbox-title=\"Tembleque\" data-e-action-hash=\"#elementor-action%3Aaction%3Dlightbox%26settings%3DeyJpZCI6MTY1NjEsInVybCI6Imh0dHBzOlwvXC9sYW1hbmNoYXR1cmlzbW8uZXNcL3dwLWNvbnRlbnRcL3VwbG9hZHNcLzIwMjNcLzAxXC9wbGF6YS1kZS10ZW1ibGVxdWUtMS5qcGciLCJzbGlkZXNob3ciOiIxNGExYWQyIn0%3D\">\n\t\t\t\t\t<div class=\"e-gallery-image elementor-gallery-item__image\" data-thumbnail=\"https:\/\/lamanchaturismo.es\/wp-content\/uploads\/2023\/01\/plaza-de-tembleque-1-300x158.jpg\" data-width=\"300\" data-height=\"158\" aria-label=\"\" role=\"img\" ><\/div>\n\t\t\t\t\t\t\t\t\t\t\t<div class=\"elementor-gallery-item__overlay\"><\/div>\n\t\t\t\t\t\t\t\t\t\t\t\t\t\t\t<div class=\"elementor-gallery-item__content\">\n\t\t\t\t\t\t\t\t\t\t\t\t\t\t<div class=\"elementor-gallery-item__title\">\n\t\t\t\t\t\t\t\t\t\t\t\t\t\t\t\t\t\tTembleque. Las Plazas definen nuestros pueblos.\t\t\t\t\t\t\t\t<\/div>\n\t\t\t\t\t\t\t\t\t\t\t\t<\/div>\n\t\t\t\t\t\t\t\t\t<\/a>\n\t\t\t\t\t<\/div>\n\t\t\t\t\t<\/div>\n\t\t\t\t<\/div>\n\t\t\t\t\t<\/div>\n\t\t<\/div>\n\t\t\t\t\t<\/div>\n\t\t<\/section>\n\t\t\t\t<\/div>\n\t\t","protected":false},"excerpt":{"rendered":"<p>PATRIMONIO E ARTE BELMONTE(Cuenca). Castillo construido en el s. XV y posteriormente residencia de la emperatriz Eugenia de Montijo. Patrimonio Rural. Los Bombos de Tomelloso son arquitecturas r\u00fasticas usadas por los agricultores y realizadas piedra a piedra, sin argamasa, sirviendo de vivienda y refugio durante las labores del campo Arte Rupestre. En Fuencaliente encontrar\u00e1s uno [&hellip;]<\/p>\n","protected":false},"author":2,"featured_media":0,"parent":14512,"menu_order":0,"comment_status":"closed","ping_status":"closed","template":"","meta":{"footnotes":""},"class_list":["post-14554","page","type-page","status-publish","hentry"],"yoast_head":"<!-- This site is optimized with the Yoast SEO plugin v27.0 - https:\/\/yoast.com\/product\/yoast-seo-wordpress\/ -->\n<title>E 101 villaggi da scoprire - La Mancha Turismo<\/title>\n<meta name=\"robots\" content=\"index, follow, max-snippet:-1, max-image-preview:large, max-video-preview:-1\" \/>\n<link rel=\"canonical\" href=\"https:\/\/lamanchaturismo.es\/it\/patrimonio-e-arte\/e-101-villaggi-da-scoprire\/\" \/>\n<meta property=\"og:locale\" content=\"it_IT\" \/>\n<meta property=\"og:type\" content=\"article\" \/>\n<meta property=\"og:title\" content=\"E 101 villaggi da scoprire - La Mancha Turismo\" \/>\n<meta property=\"og:description\" content=\"PATRIMONIO E ARTE BELMONTE(Cuenca). Castillo construido en el s. XV y posteriormente residencia de la emperatriz Eugenia de Montijo. Patrimonio Rural. Los Bombos de Tomelloso son arquitecturas r\u00fasticas usadas por los agricultores y realizadas piedra a piedra, sin argamasa, sirviendo de vivienda y refugio durante las labores del campo Arte Rupestre. En Fuencaliente encontrar\u00e1s uno [&hellip;]\" \/>\n<meta property=\"og:url\" content=\"https:\/\/lamanchaturismo.es\/it\/patrimonio-e-arte\/e-101-villaggi-da-scoprire\/\" \/>\n<meta property=\"og:site_name\" content=\"La Mancha Turismo\" \/>\n<meta property=\"article:modified_time\" content=\"2023-01-15T20:51:23+00:00\" \/>\n<meta name=\"twitter:card\" content=\"summary_large_image\" \/>\n<meta name=\"twitter:label1\" content=\"Tempo di lettura stimato\" \/>\n\t<meta name=\"twitter:data1\" content=\"1 minuto\" \/>\n<script type=\"application\/ld+json\" class=\"yoast-schema-graph\">{\"@context\":\"https:\/\/schema.org\",\"@graph\":[{\"@type\":\"WebPage\",\"@id\":\"https:\/\/lamanchaturismo.es\/it\/patrimonio-e-arte\/e-101-villaggi-da-scoprire\/\",\"url\":\"https:\/\/lamanchaturismo.es\/it\/patrimonio-e-arte\/e-101-villaggi-da-scoprire\/\",\"name\":\"E 101 villaggi da scoprire - La Mancha Turismo\",\"isPartOf\":{\"@id\":\"https:\/\/lamanchaturismo.es\/it\/#website\"},\"datePublished\":\"2022-04-27T14:10:54+00:00\",\"dateModified\":\"2023-01-15T20:51:23+00:00\",\"breadcrumb\":{\"@id\":\"https:\/\/lamanchaturismo.es\/it\/patrimonio-e-arte\/e-101-villaggi-da-scoprire\/#breadcrumb\"},\"inLanguage\":\"it-IT\",\"potentialAction\":[{\"@type\":\"ReadAction\",\"target\":[\"https:\/\/lamanchaturismo.es\/it\/patrimonio-e-arte\/e-101-villaggi-da-scoprire\/\"]}]},{\"@type\":\"BreadcrumbList\",\"@id\":\"https:\/\/lamanchaturismo.es\/it\/patrimonio-e-arte\/e-101-villaggi-da-scoprire\/#breadcrumb\",\"itemListElement\":[{\"@type\":\"ListItem\",\"position\":1,\"name\":\"Home\",\"item\":\"https:\/\/lamanchaturismo.es\/it\/casa\/\"},{\"@type\":\"ListItem\",\"position\":2,\"name\":\"PATRIMONIO E ARTE\",\"item\":\"https:\/\/lamanchaturismo.es\/it\/patrimonio-e-arte\/\"},{\"@type\":\"ListItem\",\"position\":3,\"name\":\"E 101 villaggi da scoprire\"}]},{\"@type\":\"WebSite\",\"@id\":\"https:\/\/lamanchaturismo.es\/it\/#website\",\"url\":\"https:\/\/lamanchaturismo.es\/it\/\",\"name\":\"La Mancha Turismo\",\"description\":\"CRISTINA, TU GU\u00cdA OFICIAL DE TURISMO\",\"potentialAction\":[{\"@type\":\"SearchAction\",\"target\":{\"@type\":\"EntryPoint\",\"urlTemplate\":\"https:\/\/lamanchaturismo.es\/it\/?s={search_term_string}\"},\"query-input\":{\"@type\":\"PropertyValueSpecification\",\"valueRequired\":true,\"valueName\":\"search_term_string\"}}],\"inLanguage\":\"it-IT\"}]}<\/script>\n<!-- \/ Yoast SEO plugin. -->","yoast_head_json":{"title":"E 101 villaggi da scoprire - La Mancha Turismo","robots":{"index":"index","follow":"follow","max-snippet":"max-snippet:-1","max-image-preview":"max-image-preview:large","max-video-preview":"max-video-preview:-1"},"canonical":"https:\/\/lamanchaturismo.es\/it\/patrimonio-e-arte\/e-101-villaggi-da-scoprire\/","og_locale":"it_IT","og_type":"article","og_title":"E 101 villaggi da scoprire - La Mancha Turismo","og_description":"PATRIMONIO E ARTE BELMONTE(Cuenca). Castillo construido en el s. XV y posteriormente residencia de la emperatriz Eugenia de Montijo. Patrimonio Rural. Los Bombos de Tomelloso son arquitecturas r\u00fasticas usadas por los agricultores y realizadas piedra a piedra, sin argamasa, sirviendo de vivienda y refugio durante las labores del campo Arte Rupestre. En Fuencaliente encontrar\u00e1s uno [&hellip;]","og_url":"https:\/\/lamanchaturismo.es\/it\/patrimonio-e-arte\/e-101-villaggi-da-scoprire\/","og_site_name":"La Mancha Turismo","article_modified_time":"2023-01-15T20:51:23+00:00","twitter_card":"summary_large_image","twitter_misc":{"Tempo di lettura stimato":"1 minuto"},"schema":{"@context":"https:\/\/schema.org","@graph":[{"@type":"WebPage","@id":"https:\/\/lamanchaturismo.es\/it\/patrimonio-e-arte\/e-101-villaggi-da-scoprire\/","url":"https:\/\/lamanchaturismo.es\/it\/patrimonio-e-arte\/e-101-villaggi-da-scoprire\/","name":"E 101 villaggi da scoprire - La Mancha Turismo","isPartOf":{"@id":"https:\/\/lamanchaturismo.es\/it\/#website"},"datePublished":"2022-04-27T14:10:54+00:00","dateModified":"2023-01-15T20:51:23+00:00","breadcrumb":{"@id":"https:\/\/lamanchaturismo.es\/it\/patrimonio-e-arte\/e-101-villaggi-da-scoprire\/#breadcrumb"},"inLanguage":"it-IT","potentialAction":[{"@type":"ReadAction","target":["https:\/\/lamanchaturismo.es\/it\/patrimonio-e-arte\/e-101-villaggi-da-scoprire\/"]}]},{"@type":"BreadcrumbList","@id":"https:\/\/lamanchaturismo.es\/it\/patrimonio-e-arte\/e-101-villaggi-da-scoprire\/#breadcrumb","itemListElement":[{"@type":"ListItem","position":1,"name":"Home","item":"https:\/\/lamanchaturismo.es\/it\/casa\/"},{"@type":"ListItem","position":2,"name":"PATRIMONIO E ARTE","item":"https:\/\/lamanchaturismo.es\/it\/patrimonio-e-arte\/"},{"@type":"ListItem","position":3,"name":"E 101 villaggi da scoprire"}]},{"@type":"WebSite","@id":"https:\/\/lamanchaturismo.es\/it\/#website","url":"https:\/\/lamanchaturismo.es\/it\/","name":"La Mancha Turismo","description":"CRISTINA, TU GU\u00cdA OFICIAL DE TURISMO","potentialAction":[{"@type":"SearchAction","target":{"@type":"EntryPoint","urlTemplate":"https:\/\/lamanchaturismo.es\/it\/?s={search_term_string}"},"query-input":{"@type":"PropertyValueSpecification","valueRequired":true,"valueName":"search_term_string"}}],"inLanguage":"it-IT"}]}},"_links":{"self":[{"href":"https:\/\/lamanchaturismo.es\/it\/wp-json\/wp\/v2\/pages\/14554","targetHints":{"allow":["GET"]}}],"collection":[{"href":"https:\/\/lamanchaturismo.es\/it\/wp-json\/wp\/v2\/pages"}],"about":[{"href":"https:\/\/lamanchaturismo.es\/it\/wp-json\/wp\/v2\/types\/page"}],"author":[{"embeddable":true,"href":"https:\/\/lamanchaturismo.es\/it\/wp-json\/wp\/v2\/users\/2"}],"replies":[{"embeddable":true,"href":"https:\/\/lamanchaturismo.es\/it\/wp-json\/wp\/v2\/comments?post=14554"}],"version-history":[{"count":12,"href":"https:\/\/lamanchaturismo.es\/it\/wp-json\/wp\/v2\/pages\/14554\/revisions"}],"predecessor-version":[{"id":16693,"href":"https:\/\/lamanchaturismo.es\/it\/wp-json\/wp\/v2\/pages\/14554\/revisions\/16693"}],"up":[{"embeddable":true,"href":"https:\/\/lamanchaturismo.es\/it\/wp-json\/wp\/v2\/pages\/14512"}],"wp:attachment":[{"href":"https:\/\/lamanchaturismo.es\/it\/wp-json\/wp\/v2\/media?parent=14554"}],"curies":[{"name":"wp","href":"https:\/\/api.w.org\/{rel}","templated":true}]}}