{"id":14521,"date":"2022-04-27T15:25:50","date_gmt":"2022-04-27T13:25:50","guid":{"rendered":"https:\/\/lamanchaturismo.es\/patrimonio-e-arte\/los-pueblos-mas-bonitos-de-espana\/"},"modified":"2025-02-23T20:07:04","modified_gmt":"2025-02-23T19:07:04","slug":"i-borghi-piu-belli-di-spagna","status":"publish","type":"page","link":"https:\/\/lamanchaturismo.es\/it\/patrimonio-e-arte\/i-borghi-piu-belli-di-spagna\/","title":{"rendered":"LOS PUEBLOS MAS BONITOS DE ESPA\u00d1A"},"content":{"rendered":"\t\t<div data-elementor-type=\"wp-page\" data-elementor-id=\"14521\" class=\"elementor elementor-14521 elementor-12486\" data-elementor-post-type=\"page\">\n\t\t\t\t\t\t<section class=\"elementor-section elementor-top-section elementor-element elementor-element-879b5e9 elementor-section-boxed elementor-section-height-default elementor-section-height-default qodef-elementor-content-no qodef-elementor-stretch-row-no\" data-id=\"879b5e9\" data-element_type=\"section\" data-e-type=\"section\">\n\t\t\t\t\t\t<div class=\"elementor-container elementor-column-gap-default\">\n\t\t\t\t\t<div class=\"elementor-column elementor-col-100 elementor-top-column elementor-element elementor-element-0fc2bdf\" data-id=\"0fc2bdf\" data-element_type=\"column\" data-e-type=\"column\">\n\t\t\t<div class=\"elementor-widget-wrap elementor-element-populated\">\n\t\t\t\t\t\t<div class=\"elementor-element elementor-element-39659d6 elementor-align-center elementor-widget elementor-widget-button\" data-id=\"39659d6\" data-element_type=\"widget\" data-e-type=\"widget\" data-widget_type=\"button.default\">\n\t\t\t\t<div class=\"elementor-widget-container\">\n\t\t\t\t\t\t\t\t\t<div class=\"elementor-button-wrapper\">\n\t\t\t\t\t<a class=\"elementor-button elementor-button-link elementor-size-sm\" href=\"https:\/\/lamanchaturismo.es\/it\/patrimonio-e-arte\/\">\n\t\t\t\t\t\t<span class=\"elementor-button-content-wrapper\">\n\t\t\t\t\t\t<span class=\"elementor-button-icon\">\n\t\t\t\t<i aria-hidden=\"true\" class=\"fas fa-long-arrow-alt-left\"><\/i>\t\t\t<\/span>\n\t\t\t\t\t\t\t\t\t<span class=\"elementor-button-text\">PATRIMONIO E ARTE<\/span>\n\t\t\t\t\t<\/span>\n\t\t\t\t\t<\/a>\n\t\t\t\t<\/div>\n\t\t\t\t\t\t\t\t<\/div>\n\t\t\t\t<\/div>\n\t\t\t\t<div class=\"elementor-element elementor-element-f9be58b elementor-widget elementor-widget-text-editor\" data-id=\"f9be58b\" data-element_type=\"widget\" data-e-type=\"widget\" data-widget_type=\"text-editor.default\">\n\t\t\t\t<div class=\"elementor-widget-container\">\n\t\t\t\t\t\t\t\t\t<p>Los Pueblos son nuestra identidad. \u00a1Tenemos tantos lugares donde te transportar\u00e1s en el tiempo!<\/p>\n<p>Almagro, Villanueva de los Infantes, Aranjuez, Belmonte, Alcal\u00e1 de Henares&#8230;<\/p>\n\t\t\t\t\t\t\t\t<\/div>\n\t\t\t\t<\/div>\n\t\t\t\t\t<\/div>\n\t\t<\/div>\n\t\t\t\t\t<\/div>\n\t\t<\/section>\n\t\t\t\t<section class=\"elementor-section elementor-top-section elementor-element elementor-element-8063ea8 elementor-section-boxed elementor-section-height-default elementor-section-height-default qodef-elementor-content-no qodef-elementor-stretch-row-no\" data-id=\"8063ea8\" data-element_type=\"section\" data-e-type=\"section\">\n\t\t\t\t\t\t<div class=\"elementor-container elementor-column-gap-default\">\n\t\t\t\t\t<div class=\"elementor-column elementor-col-33 elementor-top-column elementor-element elementor-element-338df8b\" data-id=\"338df8b\" data-element_type=\"column\" data-e-type=\"column\">\n\t\t\t<div class=\"elementor-widget-wrap elementor-element-populated\">\n\t\t\t\t\t\t<div class=\"elementor-element elementor-element-2eca933 elementor-widget elementor-widget-myvoyage_core_banner\" data-id=\"2eca933\" data-element_type=\"widget\" data-e-type=\"widget\" data-widget_type=\"myvoyage_core_banner.default\">\n\t\t\t\t<div class=\"elementor-widget-container\">\n\t\t\t\t\t<div class=\"qodef-shortcode qodef-m qodef-banner qodef-layout--link-button qodef-skin--light qodef-alignment--center\">\n\t<div class=\"qodef-m-image\">\n\t<img fetchpriority=\"high\" decoding=\"async\" width=\"800\" height=\"1088\" src=\"https:\/\/lamanchaturismo.es\/wp-content\/uploads\/2022\/08\/11.-Plaza-Almagro-01.jpg\" class=\"attachment-full size-full\" alt=\"\" srcset=\"https:\/\/lamanchaturismo.es\/wp-content\/uploads\/2022\/08\/11.-Plaza-Almagro-01.jpg 800w, https:\/\/lamanchaturismo.es\/wp-content\/uploads\/2022\/08\/11.-Plaza-Almagro-01-221x300.jpg 221w, https:\/\/lamanchaturismo.es\/wp-content\/uploads\/2022\/08\/11.-Plaza-Almagro-01-753x1024.jpg 753w, https:\/\/lamanchaturismo.es\/wp-content\/uploads\/2022\/08\/11.-Plaza-Almagro-01-110x150.jpg 110w, https:\/\/lamanchaturismo.es\/wp-content\/uploads\/2022\/08\/11.-Plaza-Almagro-01-768x1044.jpg 768w, https:\/\/lamanchaturismo.es\/wp-content\/uploads\/2022\/08\/11.-Plaza-Almagro-01-478x650.jpg 478w, https:\/\/lamanchaturismo.es\/wp-content\/uploads\/2022\/08\/11.-Plaza-Almagro-01-650x884.jpg 650w\" sizes=\"(max-width: 800px) 100vw, 800px\" \/><\/div>\n\t<div class=\"qodef-m-content\">\n\t\t<div class=\"qodef-m-content-inner qodef-banner-content-493\">\n\t\t\t\t\t\t\t<h2 class=\"qodef-m-title\" >\n\t\tAlmagro. La ciudad del Teatro\t<\/h2>\n\t\t\t\t\t\t\t<div class=\"qodef-m-button\">\n\t\t<a class=\"qodef-shortcode qodef-m qodef-button qodef-layout--textual-with-arrow qodef-skin--light qodef-size--large qodef-html--link\" href=\"https:\/\/lamanchaturismo.es\/it\/patrimonio-e-arte\/i-borghi-piu-belli-di-spagna\/almagro\/\" target=\"_self\" data-hover-color=\"#030303\" data-hover-background-color=\"#FFFFFF\" style=\"color: #FFFFFF\">\t<span class=\"qodef-m-text\">\t\tM\u00e1s informaci\u00f3n\t<\/span>\t<svg xmlns=\"http:\/\/www.w3.org\/2000\/svg\" width=\"17.6111\" height=\"9.0373\" viewBox=\"0 0 17.6111 9.0373\">\t\t<polyline points=\"12.692 8.684 16.904 4.471 12.786 0.354\"\/>\t\t<line x1=\"0.0003\" y1=\"4.5238\" x2=\"16.7086\" y2=\"4.5134\"\/>\t<\/svg><\/a>\t<\/div>\n\t\t<\/div>\n\t<\/div>\n\t<a itemprop=\"url\" href=\"https:\/\/lamanchaturismo.es\/it\/patrimonio-e-arte\/i-borghi-piu-belli-di-spagna\/almagro\/\" class=\"qodef-m-banner-link\" target=\"_self\"><\/a>\n\n<\/div>\n\t\t\t\t<\/div>\n\t\t\t\t<\/div>\n\t\t\t\t\t<\/div>\n\t\t<\/div>\n\t\t\t\t<div class=\"elementor-column elementor-col-33 elementor-top-column elementor-element elementor-element-dff08ed\" data-id=\"dff08ed\" data-element_type=\"column\" data-e-type=\"column\">\n\t\t\t<div class=\"elementor-widget-wrap elementor-element-populated\">\n\t\t\t\t\t\t<div class=\"elementor-element elementor-element-bb9637c elementor-widget elementor-widget-myvoyage_core_banner\" data-id=\"bb9637c\" data-element_type=\"widget\" data-e-type=\"widget\" data-widget_type=\"myvoyage_core_banner.default\">\n\t\t\t\t<div class=\"elementor-widget-container\">\n\t\t\t\t\t<div class=\"qodef-shortcode qodef-m qodef-banner qodef-layout--link-button qodef-skin--light qodef-alignment--center\">\n\t<div class=\"qodef-m-image\">\n\t<img decoding=\"async\" width=\"800\" height=\"1088\" src=\"https:\/\/lamanchaturismo.es\/wp-content\/uploads\/2022\/08\/12.Villanueva-de-los-Infantes-01.jpg\" class=\"attachment-full size-full\" alt=\"\" srcset=\"https:\/\/lamanchaturismo.es\/wp-content\/uploads\/2022\/08\/12.Villanueva-de-los-Infantes-01.jpg 800w, https:\/\/lamanchaturismo.es\/wp-content\/uploads\/2022\/08\/12.Villanueva-de-los-Infantes-01-221x300.jpg 221w, https:\/\/lamanchaturismo.es\/wp-content\/uploads\/2022\/08\/12.Villanueva-de-los-Infantes-01-753x1024.jpg 753w, https:\/\/lamanchaturismo.es\/wp-content\/uploads\/2022\/08\/12.Villanueva-de-los-Infantes-01-110x150.jpg 110w, https:\/\/lamanchaturismo.es\/wp-content\/uploads\/2022\/08\/12.Villanueva-de-los-Infantes-01-768x1044.jpg 768w, https:\/\/lamanchaturismo.es\/wp-content\/uploads\/2022\/08\/12.Villanueva-de-los-Infantes-01-478x650.jpg 478w, https:\/\/lamanchaturismo.es\/wp-content\/uploads\/2022\/08\/12.Villanueva-de-los-Infantes-01-650x884.jpg 650w\" sizes=\"(max-width: 800px) 100vw, 800px\" \/><\/div>\n\t<div class=\"qodef-m-content\">\n\t\t<div class=\"qodef-m-content-inner qodef-banner-content-220\">\n\t\t\t\t\t\t\t<h2 class=\"qodef-m-title\" >\n\t\tVillanueva de los Infantes, entre Caballeros y literatos\t<\/h2>\n\t\t\t\t\t\t\t<div class=\"qodef-m-button\">\n\t\t<a class=\"qodef-shortcode qodef-m qodef-button qodef-layout--textual-with-arrow qodef-skin--light qodef-size--large qodef-html--link\" href=\"https:\/\/lamanchaturismo.es\/it\/patrimonio-e-arte\/i-borghi-piu-belli-di-spagna\/villanueva-de-los-infantes\/\" target=\"_self\" data-hover-color=\"#030303\" data-hover-background-color=\"#FFFFFF\" style=\"color: #FFFFFF\">\t<span class=\"qodef-m-text\">\t\tM\u00e1s informaci\u00f3n\t<\/span>\t<svg xmlns=\"http:\/\/www.w3.org\/2000\/svg\" width=\"17.6111\" height=\"9.0373\" viewBox=\"0 0 17.6111 9.0373\">\t\t<polyline points=\"12.692 8.684 16.904 4.471 12.786 0.354\"\/>\t\t<line x1=\"0.0003\" y1=\"4.5238\" x2=\"16.7086\" y2=\"4.5134\"\/>\t<\/svg><\/a>\t<\/div>\n\t\t<\/div>\n\t<\/div>\n\t<a itemprop=\"url\" href=\"https:\/\/lamanchaturismo.es\/it\/patrimonio-e-arte\/i-borghi-piu-belli-di-spagna\/villanueva-de-los-infantes\/\" class=\"qodef-m-banner-link\" target=\"_self\"><\/a>\n\n<\/div>\n\t\t\t\t<\/div>\n\t\t\t\t<\/div>\n\t\t\t\t\t<\/div>\n\t\t<\/div>\n\t\t\t\t<div class=\"elementor-column elementor-col-33 elementor-top-column elementor-element elementor-element-e7bf0e1\" data-id=\"e7bf0e1\" data-element_type=\"column\" data-e-type=\"column\">\n\t\t\t<div class=\"elementor-widget-wrap elementor-element-populated\">\n\t\t\t\t\t\t<div class=\"elementor-element elementor-element-b23f9a1 elementor-widget elementor-widget-myvoyage_core_banner\" data-id=\"b23f9a1\" data-element_type=\"widget\" data-e-type=\"widget\" data-widget_type=\"myvoyage_core_banner.default\">\n\t\t\t\t<div class=\"elementor-widget-container\">\n\t\t\t\t\t<div class=\"qodef-shortcode qodef-m qodef-banner qodef-layout--link-button qodef-skin--light qodef-alignment--center\">\n\t<div class=\"qodef-m-image\">\n\t<img decoding=\"async\" width=\"800\" height=\"1088\" src=\"https:\/\/lamanchaturismo.es\/wp-content\/uploads\/2022\/08\/13-alcaladehenares-.jpg\" class=\"attachment-full size-full\" alt=\"\" srcset=\"https:\/\/lamanchaturismo.es\/wp-content\/uploads\/2022\/08\/13-alcaladehenares-.jpg 800w, https:\/\/lamanchaturismo.es\/wp-content\/uploads\/2022\/08\/13-alcaladehenares--221x300.jpg 221w, https:\/\/lamanchaturismo.es\/wp-content\/uploads\/2022\/08\/13-alcaladehenares--753x1024.jpg 753w, https:\/\/lamanchaturismo.es\/wp-content\/uploads\/2022\/08\/13-alcaladehenares--110x150.jpg 110w, https:\/\/lamanchaturismo.es\/wp-content\/uploads\/2022\/08\/13-alcaladehenares--768x1044.jpg 768w, https:\/\/lamanchaturismo.es\/wp-content\/uploads\/2022\/08\/13-alcaladehenares--478x650.jpg 478w, https:\/\/lamanchaturismo.es\/wp-content\/uploads\/2022\/08\/13-alcaladehenares--650x884.jpg 650w\" sizes=\"(max-width: 800px) 100vw, 800px\" \/><\/div>\n\t<div class=\"qodef-m-content\">\n\t\t<div class=\"qodef-m-content-inner qodef-banner-content-846\">\n\t\t\t\t\t\t\t<h2 class=\"qodef-m-title\" >\n\t\tAlcal\u00e1 de Henares, la ciudad complutense\t<\/h2>\n\t\t\t\t\t\t\t<div class=\"qodef-m-button\">\n\t\t<a class=\"qodef-shortcode qodef-m qodef-button qodef-layout--textual-with-arrow qodef-skin--light qodef-size--large qodef-html--link\" href=\"https:\/\/lamanchaturismo.es\/it\/patrimonio-e-arte\/i-borghi-piu-belli-di-spagna\/alcala-de-henares\/\" target=\"_self\" data-hover-color=\"#030303\" data-hover-background-color=\"#FFFFFF\" style=\"color: #FFFFFF\">\t<span class=\"qodef-m-text\">\t\tM\u00e1s informaci\u00f3n\t<\/span>\t<svg xmlns=\"http:\/\/www.w3.org\/2000\/svg\" width=\"17.6111\" height=\"9.0373\" viewBox=\"0 0 17.6111 9.0373\">\t\t<polyline points=\"12.692 8.684 16.904 4.471 12.786 0.354\"\/>\t\t<line x1=\"0.0003\" y1=\"4.5238\" x2=\"16.7086\" y2=\"4.5134\"\/>\t<\/svg><\/a>\t<\/div>\n\t\t<\/div>\n\t<\/div>\n\t<a itemprop=\"url\" href=\"https:\/\/lamanchaturismo.es\/it\/patrimonio-e-arte\/i-borghi-piu-belli-di-spagna\/alcala-de-henares\/\" class=\"qodef-m-banner-link\" target=\"_self\"><\/a>\n\n<\/div>\n\t\t\t\t<\/div>\n\t\t\t\t<\/div>\n\t\t\t\t\t<\/div>\n\t\t<\/div>\n\t\t\t\t\t<\/div>\n\t\t<\/section>\n\t\t\t\t<\/div>\n\t\t","protected":false},"excerpt":{"rendered":"<p>PATRIMONIO E ARTE Los Pueblos son nuestra identidad. \u00a1Tenemos tantos lugares donde te transportar\u00e1s en el tiempo! Almagro, Villanueva de los Infantes, Aranjuez, Belmonte, Alcal\u00e1 de Henares&#8230; Almagro. La ciudad del Teatro M\u00e1s informaci\u00f3n Villanueva de los Infantes, entre Caballeros y literatos M\u00e1s informaci\u00f3n Alcal\u00e1 de Henares, la ciudad complutense M\u00e1s informaci\u00f3n<\/p>\n","protected":false},"author":2,"featured_media":0,"parent":14512,"menu_order":0,"comment_status":"closed","ping_status":"closed","template":"","meta":{"footnotes":""},"class_list":["post-14521","page","type-page","status-publish","hentry"],"yoast_head":"<!-- This site is optimized with the Yoast SEO plugin v27.0 - https:\/\/yoast.com\/product\/yoast-seo-wordpress\/ -->\n<title>LOS PUEBLOS MAS BONITOS DE ESPA\u00d1A - La Mancha Turismo<\/title>\n<meta name=\"robots\" content=\"index, follow, max-snippet:-1, max-image-preview:large, max-video-preview:-1\" \/>\n<link rel=\"canonical\" href=\"https:\/\/lamanchaturismo.es\/it\/patrimonio-e-arte\/i-borghi-piu-belli-di-spagna\/\" \/>\n<meta property=\"og:locale\" content=\"it_IT\" \/>\n<meta property=\"og:type\" content=\"article\" \/>\n<meta property=\"og:title\" content=\"LOS PUEBLOS MAS BONITOS DE ESPA\u00d1A - La Mancha Turismo\" \/>\n<meta property=\"og:description\" content=\"PATRIMONIO E ARTE Los Pueblos son nuestra identidad. \u00a1Tenemos tantos lugares donde te transportar\u00e1s en el tiempo! Almagro, Villanueva de los Infantes, Aranjuez, Belmonte, Alcal\u00e1 de Henares&#8230; Almagro. La ciudad del Teatro M\u00e1s informaci\u00f3n Villanueva de los Infantes, entre Caballeros y literatos M\u00e1s informaci\u00f3n Alcal\u00e1 de Henares, la ciudad complutense M\u00e1s informaci\u00f3n\" \/>\n<meta property=\"og:url\" content=\"https:\/\/lamanchaturismo.es\/it\/patrimonio-e-arte\/i-borghi-piu-belli-di-spagna\/\" \/>\n<meta property=\"og:site_name\" content=\"La Mancha Turismo\" \/>\n<meta property=\"article:modified_time\" content=\"2025-02-23T19:07:04+00:00\" \/>\n<meta property=\"og:image\" content=\"https:\/\/lamanchaturismo.es\/wp-content\/uploads\/2022\/08\/11.-Plaza-Almagro-01.jpg\" \/>\n<meta name=\"twitter:card\" content=\"summary_large_image\" \/>\n<meta name=\"twitter:label1\" content=\"Tempo di lettura stimato\" \/>\n\t<meta name=\"twitter:data1\" content=\"1 minuto\" \/>\n<script type=\"application\/ld+json\" class=\"yoast-schema-graph\">{\"@context\":\"https:\/\/schema.org\",\"@graph\":[{\"@type\":\"WebPage\",\"@id\":\"https:\/\/lamanchaturismo.es\/it\/patrimonio-e-arte\/i-borghi-piu-belli-di-spagna\/\",\"url\":\"https:\/\/lamanchaturismo.es\/it\/patrimonio-e-arte\/i-borghi-piu-belli-di-spagna\/\",\"name\":\"LOS PUEBLOS MAS BONITOS DE ESPA\u00d1A - La Mancha Turismo\",\"isPartOf\":{\"@id\":\"https:\/\/lamanchaturismo.es\/it\/#website\"},\"primaryImageOfPage\":{\"@id\":\"https:\/\/lamanchaturismo.es\/it\/patrimonio-e-arte\/i-borghi-piu-belli-di-spagna\/#primaryimage\"},\"image\":{\"@id\":\"https:\/\/lamanchaturismo.es\/it\/patrimonio-e-arte\/i-borghi-piu-belli-di-spagna\/#primaryimage\"},\"thumbnailUrl\":\"https:\/\/lamanchaturismo.es\/wp-content\/uploads\/2022\/08\/11.-Plaza-Almagro-01.jpg\",\"datePublished\":\"2022-04-27T13:25:50+00:00\",\"dateModified\":\"2025-02-23T19:07:04+00:00\",\"breadcrumb\":{\"@id\":\"https:\/\/lamanchaturismo.es\/it\/patrimonio-e-arte\/i-borghi-piu-belli-di-spagna\/#breadcrumb\"},\"inLanguage\":\"it-IT\",\"potentialAction\":[{\"@type\":\"ReadAction\",\"target\":[\"https:\/\/lamanchaturismo.es\/it\/patrimonio-e-arte\/i-borghi-piu-belli-di-spagna\/\"]}]},{\"@type\":\"ImageObject\",\"inLanguage\":\"it-IT\",\"@id\":\"https:\/\/lamanchaturismo.es\/it\/patrimonio-e-arte\/i-borghi-piu-belli-di-spagna\/#primaryimage\",\"url\":\"https:\/\/lamanchaturismo.es\/wp-content\/uploads\/2022\/08\/11.-Plaza-Almagro-01.jpg\",\"contentUrl\":\"https:\/\/lamanchaturismo.es\/wp-content\/uploads\/2022\/08\/11.-Plaza-Almagro-01.jpg\"},{\"@type\":\"BreadcrumbList\",\"@id\":\"https:\/\/lamanchaturismo.es\/it\/patrimonio-e-arte\/i-borghi-piu-belli-di-spagna\/#breadcrumb\",\"itemListElement\":[{\"@type\":\"ListItem\",\"position\":1,\"name\":\"Home\",\"item\":\"https:\/\/lamanchaturismo.es\/it\/casa\/\"},{\"@type\":\"ListItem\",\"position\":2,\"name\":\"PATRIMONIO E ARTE\",\"item\":\"https:\/\/lamanchaturismo.es\/it\/patrimonio-e-arte\/\"},{\"@type\":\"ListItem\",\"position\":3,\"name\":\"LOS PUEBLOS MAS BONITOS DE ESPA\u00d1A\"}]},{\"@type\":\"WebSite\",\"@id\":\"https:\/\/lamanchaturismo.es\/it\/#website\",\"url\":\"https:\/\/lamanchaturismo.es\/it\/\",\"name\":\"La Mancha Turismo\",\"description\":\"CRISTINA, TU GU\u00cdA OFICIAL DE TURISMO\",\"potentialAction\":[{\"@type\":\"SearchAction\",\"target\":{\"@type\":\"EntryPoint\",\"urlTemplate\":\"https:\/\/lamanchaturismo.es\/it\/?s={search_term_string}\"},\"query-input\":{\"@type\":\"PropertyValueSpecification\",\"valueRequired\":true,\"valueName\":\"search_term_string\"}}],\"inLanguage\":\"it-IT\"}]}<\/script>\n<!-- \/ Yoast SEO plugin. -->","yoast_head_json":{"title":"LOS PUEBLOS MAS BONITOS DE ESPA\u00d1A - La Mancha Turismo","robots":{"index":"index","follow":"follow","max-snippet":"max-snippet:-1","max-image-preview":"max-image-preview:large","max-video-preview":"max-video-preview:-1"},"canonical":"https:\/\/lamanchaturismo.es\/it\/patrimonio-e-arte\/i-borghi-piu-belli-di-spagna\/","og_locale":"it_IT","og_type":"article","og_title":"LOS PUEBLOS MAS BONITOS DE ESPA\u00d1A - La Mancha Turismo","og_description":"PATRIMONIO E ARTE Los Pueblos son nuestra identidad. \u00a1Tenemos tantos lugares donde te transportar\u00e1s en el tiempo! Almagro, Villanueva de los Infantes, Aranjuez, Belmonte, Alcal\u00e1 de Henares&#8230; Almagro. La ciudad del Teatro M\u00e1s informaci\u00f3n Villanueva de los Infantes, entre Caballeros y literatos M\u00e1s informaci\u00f3n Alcal\u00e1 de Henares, la ciudad complutense M\u00e1s informaci\u00f3n","og_url":"https:\/\/lamanchaturismo.es\/it\/patrimonio-e-arte\/i-borghi-piu-belli-di-spagna\/","og_site_name":"La Mancha Turismo","article_modified_time":"2025-02-23T19:07:04+00:00","og_image":[{"url":"https:\/\/lamanchaturismo.es\/wp-content\/uploads\/2022\/08\/11.-Plaza-Almagro-01.jpg","type":"","width":"","height":""}],"twitter_card":"summary_large_image","twitter_misc":{"Tempo di lettura stimato":"1 minuto"},"schema":{"@context":"https:\/\/schema.org","@graph":[{"@type":"WebPage","@id":"https:\/\/lamanchaturismo.es\/it\/patrimonio-e-arte\/i-borghi-piu-belli-di-spagna\/","url":"https:\/\/lamanchaturismo.es\/it\/patrimonio-e-arte\/i-borghi-piu-belli-di-spagna\/","name":"LOS PUEBLOS MAS BONITOS DE ESPA\u00d1A - La Mancha Turismo","isPartOf":{"@id":"https:\/\/lamanchaturismo.es\/it\/#website"},"primaryImageOfPage":{"@id":"https:\/\/lamanchaturismo.es\/it\/patrimonio-e-arte\/i-borghi-piu-belli-di-spagna\/#primaryimage"},"image":{"@id":"https:\/\/lamanchaturismo.es\/it\/patrimonio-e-arte\/i-borghi-piu-belli-di-spagna\/#primaryimage"},"thumbnailUrl":"https:\/\/lamanchaturismo.es\/wp-content\/uploads\/2022\/08\/11.-Plaza-Almagro-01.jpg","datePublished":"2022-04-27T13:25:50+00:00","dateModified":"2025-02-23T19:07:04+00:00","breadcrumb":{"@id":"https:\/\/lamanchaturismo.es\/it\/patrimonio-e-arte\/i-borghi-piu-belli-di-spagna\/#breadcrumb"},"inLanguage":"it-IT","potentialAction":[{"@type":"ReadAction","target":["https:\/\/lamanchaturismo.es\/it\/patrimonio-e-arte\/i-borghi-piu-belli-di-spagna\/"]}]},{"@type":"ImageObject","inLanguage":"it-IT","@id":"https:\/\/lamanchaturismo.es\/it\/patrimonio-e-arte\/i-borghi-piu-belli-di-spagna\/#primaryimage","url":"https:\/\/lamanchaturismo.es\/wp-content\/uploads\/2022\/08\/11.-Plaza-Almagro-01.jpg","contentUrl":"https:\/\/lamanchaturismo.es\/wp-content\/uploads\/2022\/08\/11.-Plaza-Almagro-01.jpg"},{"@type":"BreadcrumbList","@id":"https:\/\/lamanchaturismo.es\/it\/patrimonio-e-arte\/i-borghi-piu-belli-di-spagna\/#breadcrumb","itemListElement":[{"@type":"ListItem","position":1,"name":"Home","item":"https:\/\/lamanchaturismo.es\/it\/casa\/"},{"@type":"ListItem","position":2,"name":"PATRIMONIO E ARTE","item":"https:\/\/lamanchaturismo.es\/it\/patrimonio-e-arte\/"},{"@type":"ListItem","position":3,"name":"LOS PUEBLOS MAS BONITOS DE ESPA\u00d1A"}]},{"@type":"WebSite","@id":"https:\/\/lamanchaturismo.es\/it\/#website","url":"https:\/\/lamanchaturismo.es\/it\/","name":"La Mancha Turismo","description":"CRISTINA, TU GU\u00cdA OFICIAL DE TURISMO","potentialAction":[{"@type":"SearchAction","target":{"@type":"EntryPoint","urlTemplate":"https:\/\/lamanchaturismo.es\/it\/?s={search_term_string}"},"query-input":{"@type":"PropertyValueSpecification","valueRequired":true,"valueName":"search_term_string"}}],"inLanguage":"it-IT"}]}},"_links":{"self":[{"href":"https:\/\/lamanchaturismo.es\/it\/wp-json\/wp\/v2\/pages\/14521","targetHints":{"allow":["GET"]}}],"collection":[{"href":"https:\/\/lamanchaturismo.es\/it\/wp-json\/wp\/v2\/pages"}],"about":[{"href":"https:\/\/lamanchaturismo.es\/it\/wp-json\/wp\/v2\/types\/page"}],"author":[{"embeddable":true,"href":"https:\/\/lamanchaturismo.es\/it\/wp-json\/wp\/v2\/users\/2"}],"replies":[{"embeddable":true,"href":"https:\/\/lamanchaturismo.es\/it\/wp-json\/wp\/v2\/comments?post=14521"}],"version-history":[{"count":24,"href":"https:\/\/lamanchaturismo.es\/it\/wp-json\/wp\/v2\/pages\/14521\/revisions"}],"predecessor-version":[{"id":16999,"href":"https:\/\/lamanchaturismo.es\/it\/wp-json\/wp\/v2\/pages\/14521\/revisions\/16999"}],"up":[{"embeddable":true,"href":"https:\/\/lamanchaturismo.es\/it\/wp-json\/wp\/v2\/pages\/14512"}],"wp:attachment":[{"href":"https:\/\/lamanchaturismo.es\/it\/wp-json\/wp\/v2\/media?parent=14521"}],"curies":[{"name":"wp","href":"https:\/\/api.w.org\/{rel}","templated":true}]}}