{"id":14492,"date":"2021-02-19T09:26:14","date_gmt":"2021-02-19T08:26:14","guid":{"rendered":"https:\/\/lamanchaturismo.es\/sobre-mi\/"},"modified":"2022-12-28T11:58:07","modified_gmt":"2022-12-28T10:58:07","slug":"chi-sono","status":"publish","type":"page","link":"https:\/\/lamanchaturismo.es\/it\/chi-sono\/","title":{"rendered":"Chi Sono"},"content":{"rendered":"\t\t<div data-elementor-type=\"wp-page\" data-elementor-id=\"14492\" class=\"elementor elementor-14492 elementor-1350\" data-elementor-post-type=\"page\">\n\t\t\t\t\t\t<section class=\"elementor-section elementor-top-section elementor-element elementor-element-52a5dea elementor-section-full_width elementor-section-height-min-height elementor-section-height-default elementor-section-items-middle qodef-elementor-content-no qodef-elementor-stretch-row-no\" data-id=\"52a5dea\" data-element_type=\"section\" data-e-type=\"section\" data-settings=\"{&quot;background_background&quot;:&quot;classic&quot;}\">\n\t\t\t\t\t\t<div class=\"elementor-container elementor-column-gap-default\">\n\t\t\t\t\t<div class=\"elementor-column elementor-col-100 elementor-top-column elementor-element elementor-element-9f2d0d3\" data-id=\"9f2d0d3\" data-element_type=\"column\" data-e-type=\"column\">\n\t\t\t<div class=\"elementor-widget-wrap elementor-element-populated\">\n\t\t\t\t\t\t<div class=\"elementor-element elementor-element-e412445 elementor-widget elementor-widget-heading\" data-id=\"e412445\" data-element_type=\"widget\" data-e-type=\"widget\" data-widget_type=\"heading.default\">\n\t\t\t\t<div class=\"elementor-widget-container\">\n\t\t\t\t\t<h2 class=\"elementor-heading-title elementor-size-default\">Chi Sono<\/h2>\t\t\t\t<\/div>\n\t\t\t\t<\/div>\n\t\t\t\t\t<\/div>\n\t\t<\/div>\n\t\t\t\t\t<\/div>\n\t\t<\/section>\n\t\t\t\t<section class=\"elementor-section elementor-top-section elementor-element elementor-element-fe131b2 elementor-section-full_width elementor-section-height-full elementor-reverse-tablet elementor-reverse-mobile qodef-elementor-content-grid qodef-extended-grid qodef-extended-grid--right-even-cols qodef-extended-grid-reset--1024 elementor-section-content-bottom elementor-section-height-default elementor-section-items-middle qodef-elementor-stretch-row-no\" data-id=\"fe131b2\" data-element_type=\"section\" data-e-type=\"section\" data-settings=\"{&quot;background_background&quot;:&quot;classic&quot;}\">\n\t\t\t\t\t\t\t<div class=\"elementor-background-overlay\"><\/div>\n\t\t\t\t\t\t\t<div class=\"elementor-container elementor-column-gap-default\">\n\t\t\t\t\t<div class=\"elementor-column elementor-col-50 elementor-top-column elementor-element elementor-element-0ded262\" data-id=\"0ded262\" data-element_type=\"column\" data-e-type=\"column\">\n\t\t\t<div class=\"elementor-widget-wrap elementor-element-populated\">\n\t\t\t\t\t\t<div class=\"elementor-element elementor-element-5f8df75 elementor-widget elementor-widget-heading\" data-id=\"5f8df75\" data-element_type=\"widget\" data-e-type=\"widget\" data-widget_type=\"heading.default\">\n\t\t\t\t<div class=\"elementor-widget-container\">\n\t\t\t\t\t<h1 class=\"elementor-heading-title elementor-size-default\">CRISTINA,<br>LA TUA GUIDA TURISTICA UFFICIALE.<\/h1>\t\t\t\t<\/div>\n\t\t\t\t<\/div>\n\t\t\t\t<div class=\"elementor-element elementor-element-dea1dac elementor-widget__width-initial elementor-widget-tablet__width-inherit elementor-widget elementor-widget-text-editor\" data-id=\"dea1dac\" data-element_type=\"widget\" data-e-type=\"widget\" data-widget_type=\"text-editor.default\">\n\t\t\t\t<div class=\"elementor-widget-container\">\n\t\t\t\t\t\t\t\t\t<p>Mi chiamo Cristina e sono una Guida Turistica Ufficiale, abilitata in Castilla la Mancia, \u00e0 Madrid e nei Palazzi del Patrimonio Nazionale.<\/p>\n<p>Sono nata nella Mancia, s\u00ec&#8230;. nella regione dove si trova il vigneto pi\u00f9 grande al mondo.<\/p>\n<p>Fin da piccola sognavo di visitare tanti paesi lontani attraverso il mio mappamondo ed il mio atlante. Ho persono inventato le lingue con cui pensavo di farmi capire viaggiando in tutti quei paesi<\/p>\n<p>Per anni ho lavorato e mi sono anche divertita accompagnando gruppi nei loro viaggi in giro per il mondo, alla scoperta di altri popoli e Culture <\/p>\n<p>Per questo, gi\u00e0 da un po\u2019 ho deciso di trasmettere le emozioni e la passione che ho provato viaggiando, nella mia terra, La Mancia.<\/p>\n<p>Essere GUIDA TURISTICA UFFICIALE \u00e8 pi\u00f9 di un lavoro:<\/p>\n<p>\u00e8 un modo di vivere e di avere un rapporto con la mia terra e, nel mio caso, \u00e8 una professione per la quale continuo a formarmi, in una costante ricerca di conoscenza.<\/p>\n\t\t\t\t\t\t\t\t<\/div>\n\t\t\t\t<\/div>\n\t\t\t\t\t<\/div>\n\t\t<\/div>\n\t\t\t\t<div class=\"elementor-column elementor-col-50 elementor-top-column elementor-element elementor-element-ccb83c5\" data-id=\"ccb83c5\" data-element_type=\"column\" data-e-type=\"column\">\n\t\t\t<div class=\"elementor-widget-wrap elementor-element-populated\">\n\t\t\t\t\t\t<div class=\"elementor-element elementor-element-0df6c41 elementor-widget elementor-widget-image\" data-id=\"0df6c41\" data-element_type=\"widget\" data-e-type=\"widget\" data-widget_type=\"image.default\">\n\t\t\t\t<div class=\"elementor-widget-container\">\n\t\t\t\t\t\t\t\t\t\t\t\t\t\t\t<img fetchpriority=\"high\" decoding=\"async\" width=\"800\" height=\"791\" src=\"https:\/\/lamanchaturismo.es\/wp-content\/uploads\/2022\/06\/quien-soy.jpg\" class=\"attachment-full size-full wp-image-14866\" alt=\"\" srcset=\"https:\/\/lamanchaturismo.es\/wp-content\/uploads\/2022\/06\/quien-soy.jpg 800w, https:\/\/lamanchaturismo.es\/wp-content\/uploads\/2022\/06\/quien-soy-300x297.jpg 300w, https:\/\/lamanchaturismo.es\/wp-content\/uploads\/2022\/06\/quien-soy-150x148.jpg 150w, https:\/\/lamanchaturismo.es\/wp-content\/uploads\/2022\/06\/quien-soy-768x759.jpg 768w, https:\/\/lamanchaturismo.es\/wp-content\/uploads\/2022\/06\/quien-soy-650x643.jpg 650w, https:\/\/lamanchaturismo.es\/wp-content\/uploads\/2022\/06\/quien-soy-657x650.jpg 657w\" sizes=\"(max-width: 800px) 100vw, 800px\" \/>\t\t\t\t\t\t\t\t\t\t\t\t\t\t\t<\/div>\n\t\t\t\t<\/div>\n\t\t\t\t\t<\/div>\n\t\t<\/div>\n\t\t\t\t\t<\/div>\n\t\t<\/section>\n\t\t\t\t<\/div>\n\t\t","protected":false},"excerpt":{"rendered":"<p>Chi Sono CRISTINA,LA TUA GUIDA TURISTICA UFFICIALE. Mi chiamo Cristina e sono una Guida Turistica Ufficiale, abilitata in Castilla la Mancia, \u00e0 Madrid e nei Palazzi del Patrimonio Nazionale. Sono nata nella Mancia, s\u00ec&#8230;. nella regione dove si trova il vigneto pi\u00f9 grande al mondo. Fin da piccola sognavo di visitare tanti paesi lontani attraverso [&hellip;]<\/p>\n","protected":false},"author":1,"featured_media":0,"parent":0,"menu_order":0,"comment_status":"closed","ping_status":"closed","template":"","meta":{"footnotes":""},"class_list":["post-14492","page","type-page","status-publish","hentry"],"yoast_head":"<!-- This site is optimized with the Yoast SEO plugin v27.0 - https:\/\/yoast.com\/product\/yoast-seo-wordpress\/ -->\n<title>Chi Sono - La Mancha Turismo<\/title>\n<meta name=\"robots\" content=\"index, follow, max-snippet:-1, max-image-preview:large, max-video-preview:-1\" \/>\n<link rel=\"canonical\" href=\"https:\/\/lamanchaturismo.es\/it\/chi-sono\/\" \/>\n<meta property=\"og:locale\" content=\"it_IT\" \/>\n<meta property=\"og:type\" content=\"article\" \/>\n<meta property=\"og:title\" content=\"Chi Sono - La Mancha Turismo\" \/>\n<meta property=\"og:description\" content=\"Chi Sono CRISTINA,LA TUA GUIDA TURISTICA UFFICIALE. Mi chiamo Cristina e sono una Guida Turistica Ufficiale, abilitata in Castilla la Mancia, \u00e0 Madrid e nei Palazzi del Patrimonio Nazionale. Sono nata nella Mancia, s\u00ec&#8230;. nella regione dove si trova il vigneto pi\u00f9 grande al mondo. Fin da piccola sognavo di visitare tanti paesi lontani attraverso [&hellip;]\" \/>\n<meta property=\"og:url\" content=\"https:\/\/lamanchaturismo.es\/it\/chi-sono\/\" \/>\n<meta property=\"og:site_name\" content=\"La Mancha Turismo\" \/>\n<meta property=\"article:modified_time\" content=\"2022-12-28T10:58:07+00:00\" \/>\n<meta property=\"og:image\" content=\"https:\/\/lamanchaturismo.es\/wp-content\/uploads\/2022\/06\/quien-soy.jpg\" \/>\n<meta name=\"twitter:card\" content=\"summary_large_image\" \/>\n<meta name=\"twitter:label1\" content=\"Tempo di lettura stimato\" \/>\n\t<meta name=\"twitter:data1\" content=\"1 minuto\" \/>\n<script type=\"application\/ld+json\" class=\"yoast-schema-graph\">{\"@context\":\"https:\/\/schema.org\",\"@graph\":[{\"@type\":\"WebPage\",\"@id\":\"https:\/\/lamanchaturismo.es\/it\/chi-sono\/\",\"url\":\"https:\/\/lamanchaturismo.es\/it\/chi-sono\/\",\"name\":\"Chi Sono - La Mancha Turismo\",\"isPartOf\":{\"@id\":\"https:\/\/lamanchaturismo.es\/it\/#website\"},\"primaryImageOfPage\":{\"@id\":\"https:\/\/lamanchaturismo.es\/it\/chi-sono\/#primaryimage\"},\"image\":{\"@id\":\"https:\/\/lamanchaturismo.es\/it\/chi-sono\/#primaryimage\"},\"thumbnailUrl\":\"https:\/\/lamanchaturismo.es\/wp-content\/uploads\/2022\/06\/quien-soy.jpg\",\"datePublished\":\"2021-02-19T08:26:14+00:00\",\"dateModified\":\"2022-12-28T10:58:07+00:00\",\"breadcrumb\":{\"@id\":\"https:\/\/lamanchaturismo.es\/it\/chi-sono\/#breadcrumb\"},\"inLanguage\":\"it-IT\",\"potentialAction\":[{\"@type\":\"ReadAction\",\"target\":[\"https:\/\/lamanchaturismo.es\/it\/chi-sono\/\"]}]},{\"@type\":\"ImageObject\",\"inLanguage\":\"it-IT\",\"@id\":\"https:\/\/lamanchaturismo.es\/it\/chi-sono\/#primaryimage\",\"url\":\"https:\/\/lamanchaturismo.es\/wp-content\/uploads\/2022\/06\/quien-soy.jpg\",\"contentUrl\":\"https:\/\/lamanchaturismo.es\/wp-content\/uploads\/2022\/06\/quien-soy.jpg\"},{\"@type\":\"BreadcrumbList\",\"@id\":\"https:\/\/lamanchaturismo.es\/it\/chi-sono\/#breadcrumb\",\"itemListElement\":[{\"@type\":\"ListItem\",\"position\":1,\"name\":\"Home\",\"item\":\"https:\/\/lamanchaturismo.es\/it\/casa\/\"},{\"@type\":\"ListItem\",\"position\":2,\"name\":\"Chi Sono\"}]},{\"@type\":\"WebSite\",\"@id\":\"https:\/\/lamanchaturismo.es\/it\/#website\",\"url\":\"https:\/\/lamanchaturismo.es\/it\/\",\"name\":\"La Mancha Turismo\",\"description\":\"CRISTINA, TU GU\u00cdA OFICIAL DE TURISMO\",\"potentialAction\":[{\"@type\":\"SearchAction\",\"target\":{\"@type\":\"EntryPoint\",\"urlTemplate\":\"https:\/\/lamanchaturismo.es\/it\/?s={search_term_string}\"},\"query-input\":{\"@type\":\"PropertyValueSpecification\",\"valueRequired\":true,\"valueName\":\"search_term_string\"}}],\"inLanguage\":\"it-IT\"}]}<\/script>\n<!-- \/ Yoast SEO plugin. -->","yoast_head_json":{"title":"Chi Sono - La Mancha Turismo","robots":{"index":"index","follow":"follow","max-snippet":"max-snippet:-1","max-image-preview":"max-image-preview:large","max-video-preview":"max-video-preview:-1"},"canonical":"https:\/\/lamanchaturismo.es\/it\/chi-sono\/","og_locale":"it_IT","og_type":"article","og_title":"Chi Sono - La Mancha Turismo","og_description":"Chi Sono CRISTINA,LA TUA GUIDA TURISTICA UFFICIALE. Mi chiamo Cristina e sono una Guida Turistica Ufficiale, abilitata in Castilla la Mancia, \u00e0 Madrid e nei Palazzi del Patrimonio Nazionale. Sono nata nella Mancia, s\u00ec&#8230;. nella regione dove si trova il vigneto pi\u00f9 grande al mondo. Fin da piccola sognavo di visitare tanti paesi lontani attraverso [&hellip;]","og_url":"https:\/\/lamanchaturismo.es\/it\/chi-sono\/","og_site_name":"La Mancha Turismo","article_modified_time":"2022-12-28T10:58:07+00:00","og_image":[{"url":"https:\/\/lamanchaturismo.es\/wp-content\/uploads\/2022\/06\/quien-soy.jpg","type":"","width":"","height":""}],"twitter_card":"summary_large_image","twitter_misc":{"Tempo di lettura stimato":"1 minuto"},"schema":{"@context":"https:\/\/schema.org","@graph":[{"@type":"WebPage","@id":"https:\/\/lamanchaturismo.es\/it\/chi-sono\/","url":"https:\/\/lamanchaturismo.es\/it\/chi-sono\/","name":"Chi Sono - La Mancha Turismo","isPartOf":{"@id":"https:\/\/lamanchaturismo.es\/it\/#website"},"primaryImageOfPage":{"@id":"https:\/\/lamanchaturismo.es\/it\/chi-sono\/#primaryimage"},"image":{"@id":"https:\/\/lamanchaturismo.es\/it\/chi-sono\/#primaryimage"},"thumbnailUrl":"https:\/\/lamanchaturismo.es\/wp-content\/uploads\/2022\/06\/quien-soy.jpg","datePublished":"2021-02-19T08:26:14+00:00","dateModified":"2022-12-28T10:58:07+00:00","breadcrumb":{"@id":"https:\/\/lamanchaturismo.es\/it\/chi-sono\/#breadcrumb"},"inLanguage":"it-IT","potentialAction":[{"@type":"ReadAction","target":["https:\/\/lamanchaturismo.es\/it\/chi-sono\/"]}]},{"@type":"ImageObject","inLanguage":"it-IT","@id":"https:\/\/lamanchaturismo.es\/it\/chi-sono\/#primaryimage","url":"https:\/\/lamanchaturismo.es\/wp-content\/uploads\/2022\/06\/quien-soy.jpg","contentUrl":"https:\/\/lamanchaturismo.es\/wp-content\/uploads\/2022\/06\/quien-soy.jpg"},{"@type":"BreadcrumbList","@id":"https:\/\/lamanchaturismo.es\/it\/chi-sono\/#breadcrumb","itemListElement":[{"@type":"ListItem","position":1,"name":"Home","item":"https:\/\/lamanchaturismo.es\/it\/casa\/"},{"@type":"ListItem","position":2,"name":"Chi Sono"}]},{"@type":"WebSite","@id":"https:\/\/lamanchaturismo.es\/it\/#website","url":"https:\/\/lamanchaturismo.es\/it\/","name":"La Mancha Turismo","description":"CRISTINA, TU GU\u00cdA OFICIAL DE TURISMO","potentialAction":[{"@type":"SearchAction","target":{"@type":"EntryPoint","urlTemplate":"https:\/\/lamanchaturismo.es\/it\/?s={search_term_string}"},"query-input":{"@type":"PropertyValueSpecification","valueRequired":true,"valueName":"search_term_string"}}],"inLanguage":"it-IT"}]}},"_links":{"self":[{"href":"https:\/\/lamanchaturismo.es\/it\/wp-json\/wp\/v2\/pages\/14492","targetHints":{"allow":["GET"]}}],"collection":[{"href":"https:\/\/lamanchaturismo.es\/it\/wp-json\/wp\/v2\/pages"}],"about":[{"href":"https:\/\/lamanchaturismo.es\/it\/wp-json\/wp\/v2\/types\/page"}],"author":[{"embeddable":true,"href":"https:\/\/lamanchaturismo.es\/it\/wp-json\/wp\/v2\/users\/1"}],"replies":[{"embeddable":true,"href":"https:\/\/lamanchaturismo.es\/it\/wp-json\/wp\/v2\/comments?post=14492"}],"version-history":[{"count":14,"href":"https:\/\/lamanchaturismo.es\/it\/wp-json\/wp\/v2\/pages\/14492\/revisions"}],"predecessor-version":[{"id":16228,"href":"https:\/\/lamanchaturismo.es\/it\/wp-json\/wp\/v2\/pages\/14492\/revisions\/16228"}],"wp:attachment":[{"href":"https:\/\/lamanchaturismo.es\/it\/wp-json\/wp\/v2\/media?parent=14492"}],"curies":[{"name":"wp","href":"https:\/\/api.w.org\/{rel}","templated":true}]}}