{"id":14820,"date":"2022-04-28T09:29:19","date_gmt":"2022-04-28T09:29:19","guid":{"rendered":"https:\/\/lamanchaturismo.es\/votre-guide-en-ville\/votre-guide-a-tolede\/"},"modified":"2022-08-10T15:57:53","modified_gmt":"2022-08-10T15:57:53","slug":"votre-guide-a-tolede","status":"publish","type":"page","link":"https:\/\/lamanchaturismo.es\/fr\/votre-guide-en-ville\/votre-guide-a-tolede\/","title":{"rendered":"VOTRE GUIDE \u00c0 TOL\u00c8DE"},"content":{"rendered":"\t\t<div data-elementor-type=\"wp-page\" data-elementor-id=\"14820\" class=\"elementor elementor-14820 elementor-12792\" data-elementor-post-type=\"page\">\n\t\t\t\t\t\t<section class=\"elementor-section elementor-top-section elementor-element elementor-element-9c1ce7f elementor-section-content-middle elementor-section-boxed elementor-section-height-default elementor-section-height-default qodef-elementor-content-no qodef-elementor-stretch-row-no\" data-id=\"9c1ce7f\" data-element_type=\"section\" data-e-type=\"section\">\n\t\t\t\t\t\t<div class=\"elementor-container elementor-column-gap-extended\">\n\t\t\t\t\t<div class=\"elementor-column elementor-col-100 elementor-top-column elementor-element elementor-element-236c3f9\" data-id=\"236c3f9\" data-element_type=\"column\" data-e-type=\"column\">\n\t\t\t<div class=\"elementor-widget-wrap elementor-element-populated\">\n\t\t\t\t\t\t<div class=\"elementor-element elementor-element-df5272c elementor-widget elementor-widget-text-editor\" data-id=\"df5272c\" data-element_type=\"widget\" data-e-type=\"widget\" data-widget_type=\"text-editor.default\">\n\t\t\t\t<div class=\"elementor-widget-container\">\n\t\t\t\t\t\t\t\t\t<p>Ville Patrimoine de l&rsquo;Unesco et connue sous le nom de \u00ab\u00a0la ciudad de las Tres Culturas\u00a0\u00bb. \u00c0 Tol\u00e8de, vous trouverez l&rsquo;un des rares endroits au monde o\u00f9 vous pourrez vous promener le long d&rsquo;un trac\u00e9 urbanistique musulman, parsem\u00e9 de couvents et d&rsquo;\u00e9glises, d&rsquo;anciennes mosqu\u00e9es et synagogues. Laissez-vous surprendre par sa cath\u00e9drale, le quartier juif, d\u00e9couvrez le travail d&rsquo;El Greco et go\u00fbtez \u00e0 ses d\u00e9lices gastronomiques. <\/p>\t\t\t\t\t\t\t\t<\/div>\n\t\t\t\t<\/div>\n\t\t\t\t\t<\/div>\n\t\t<\/div>\n\t\t\t\t\t<\/div>\n\t\t<\/section>\n\t\t\t\t<section class=\"elementor-section elementor-top-section elementor-element elementor-element-4bdf26f elementor-section-boxed elementor-section-height-default elementor-section-height-default qodef-elementor-content-no qodef-elementor-stretch-row-no\" data-id=\"4bdf26f\" data-element_type=\"section\" data-e-type=\"section\">\n\t\t\t\t\t\t<div class=\"elementor-container elementor-column-gap-default\">\n\t\t\t\t\t<div class=\"elementor-column elementor-col-100 elementor-top-column elementor-element elementor-element-b2765d8\" data-id=\"b2765d8\" data-element_type=\"column\" data-e-type=\"column\">\n\t\t\t<div class=\"elementor-widget-wrap\">\n\t\t\t\t\t\t\t<\/div>\n\t\t<\/div>\n\t\t\t\t\t<\/div>\n\t\t<\/section>\n\t\t\t\t<\/div>\n\t\t","protected":false},"excerpt":{"rendered":"<p>Ville Patrimoine de l&rsquo;Unesco et connue sous le nom de \u00ab\u00a0la ciudad de las Tres Culturas\u00a0\u00bb. \u00c0 Tol\u00e8de, vous trouverez l&rsquo;un des rares endroits au monde o\u00f9 vous pourrez vous promener le long d&rsquo;un trac\u00e9 urbanistique musulman, parsem\u00e9 de couvents et d&rsquo;\u00e9glises, d&rsquo;anciennes mosqu\u00e9es et synagogues. Laissez-vous surprendre par sa cath\u00e9drale, le quartier juif, d\u00e9couvrez [&hellip;]<\/p>\n","protected":false},"author":2,"featured_media":0,"parent":14810,"menu_order":0,"comment_status":"closed","ping_status":"closed","template":"","meta":{"footnotes":""},"class_list":["post-14820","page","type-page","status-publish","hentry"],"yoast_head":"<!-- This site is optimized with the Yoast SEO plugin v27.0 - https:\/\/yoast.com\/product\/yoast-seo-wordpress\/ -->\n<title>VOTRE GUIDE \u00c0 TOL\u00c8DE - La Mancha Turismo<\/title>\n<meta name=\"robots\" content=\"index, follow, max-snippet:-1, max-image-preview:large, max-video-preview:-1\" \/>\n<link rel=\"canonical\" href=\"https:\/\/lamanchaturismo.es\/fr\/votre-guide-en-ville\/votre-guide-a-tolede\/\" \/>\n<meta property=\"og:locale\" content=\"fr_FR\" \/>\n<meta property=\"og:type\" content=\"article\" \/>\n<meta property=\"og:title\" content=\"VOTRE GUIDE \u00c0 TOL\u00c8DE - La Mancha Turismo\" \/>\n<meta property=\"og:description\" content=\"Ville Patrimoine de l&rsquo;Unesco et connue sous le nom de \u00ab\u00a0la ciudad de las Tres Culturas\u00a0\u00bb. \u00c0 Tol\u00e8de, vous trouverez l&rsquo;un des rares endroits au monde o\u00f9 vous pourrez vous promener le long d&rsquo;un trac\u00e9 urbanistique musulman, parsem\u00e9 de couvents et d&rsquo;\u00e9glises, d&rsquo;anciennes mosqu\u00e9es et synagogues. Laissez-vous surprendre par sa cath\u00e9drale, le quartier juif, d\u00e9couvrez [&hellip;]\" \/>\n<meta property=\"og:url\" content=\"https:\/\/lamanchaturismo.es\/fr\/votre-guide-en-ville\/votre-guide-a-tolede\/\" \/>\n<meta property=\"og:site_name\" content=\"La Mancha Turismo\" \/>\n<meta property=\"article:modified_time\" content=\"2022-08-10T15:57:53+00:00\" \/>\n<meta name=\"twitter:card\" content=\"summary_large_image\" \/>\n<script type=\"application\/ld+json\" class=\"yoast-schema-graph\">{\"@context\":\"https:\/\/schema.org\",\"@graph\":[{\"@type\":\"WebPage\",\"@id\":\"https:\/\/lamanchaturismo.es\/fr\/votre-guide-en-ville\/votre-guide-a-tolede\/\",\"url\":\"https:\/\/lamanchaturismo.es\/fr\/votre-guide-en-ville\/votre-guide-a-tolede\/\",\"name\":\"VOTRE GUIDE \u00c0 TOL\u00c8DE - La Mancha Turismo\",\"isPartOf\":{\"@id\":\"https:\/\/lamanchaturismo.es\/fr\/#website\"},\"datePublished\":\"2022-04-28T09:29:19+00:00\",\"dateModified\":\"2022-08-10T15:57:53+00:00\",\"breadcrumb\":{\"@id\":\"https:\/\/lamanchaturismo.es\/fr\/votre-guide-en-ville\/votre-guide-a-tolede\/#breadcrumb\"},\"inLanguage\":\"fr-FR\",\"potentialAction\":[{\"@type\":\"ReadAction\",\"target\":[\"https:\/\/lamanchaturismo.es\/fr\/votre-guide-en-ville\/votre-guide-a-tolede\/\"]}]},{\"@type\":\"BreadcrumbList\",\"@id\":\"https:\/\/lamanchaturismo.es\/fr\/votre-guide-en-ville\/votre-guide-a-tolede\/#breadcrumb\",\"itemListElement\":[{\"@type\":\"ListItem\",\"position\":1,\"name\":\"HOME\",\"item\":\"https:\/\/lamanchaturismo.es\/fr\/home\/\"},{\"@type\":\"ListItem\",\"position\":2,\"name\":\"VOTRE GUIDE EN VILLE\",\"item\":\"https:\/\/lamanchaturismo.es\/fr\/votre-guide-en-ville\/\"},{\"@type\":\"ListItem\",\"position\":3,\"name\":\"VOTRE GUIDE \u00c0 TOL\u00c8DE\"}]},{\"@type\":\"WebSite\",\"@id\":\"https:\/\/lamanchaturismo.es\/fr\/#website\",\"url\":\"https:\/\/lamanchaturismo.es\/fr\/\",\"name\":\"La Mancha Turismo\",\"description\":\"CRISTINA, TU GU\u00cdA OFICIAL DE TURISMO\",\"potentialAction\":[{\"@type\":\"SearchAction\",\"target\":{\"@type\":\"EntryPoint\",\"urlTemplate\":\"https:\/\/lamanchaturismo.es\/fr\/?s={search_term_string}\"},\"query-input\":{\"@type\":\"PropertyValueSpecification\",\"valueRequired\":true,\"valueName\":\"search_term_string\"}}],\"inLanguage\":\"fr-FR\"}]}<\/script>\n<!-- \/ Yoast SEO plugin. -->","yoast_head_json":{"title":"VOTRE GUIDE \u00c0 TOL\u00c8DE - La Mancha Turismo","robots":{"index":"index","follow":"follow","max-snippet":"max-snippet:-1","max-image-preview":"max-image-preview:large","max-video-preview":"max-video-preview:-1"},"canonical":"https:\/\/lamanchaturismo.es\/fr\/votre-guide-en-ville\/votre-guide-a-tolede\/","og_locale":"fr_FR","og_type":"article","og_title":"VOTRE GUIDE \u00c0 TOL\u00c8DE - La Mancha Turismo","og_description":"Ville Patrimoine de l&rsquo;Unesco et connue sous le nom de \u00ab\u00a0la ciudad de las Tres Culturas\u00a0\u00bb. \u00c0 Tol\u00e8de, vous trouverez l&rsquo;un des rares endroits au monde o\u00f9 vous pourrez vous promener le long d&rsquo;un trac\u00e9 urbanistique musulman, parsem\u00e9 de couvents et d&rsquo;\u00e9glises, d&rsquo;anciennes mosqu\u00e9es et synagogues. Laissez-vous surprendre par sa cath\u00e9drale, le quartier juif, d\u00e9couvrez [&hellip;]","og_url":"https:\/\/lamanchaturismo.es\/fr\/votre-guide-en-ville\/votre-guide-a-tolede\/","og_site_name":"La Mancha Turismo","article_modified_time":"2022-08-10T15:57:53+00:00","twitter_card":"summary_large_image","schema":{"@context":"https:\/\/schema.org","@graph":[{"@type":"WebPage","@id":"https:\/\/lamanchaturismo.es\/fr\/votre-guide-en-ville\/votre-guide-a-tolede\/","url":"https:\/\/lamanchaturismo.es\/fr\/votre-guide-en-ville\/votre-guide-a-tolede\/","name":"VOTRE GUIDE \u00c0 TOL\u00c8DE - La Mancha Turismo","isPartOf":{"@id":"https:\/\/lamanchaturismo.es\/fr\/#website"},"datePublished":"2022-04-28T09:29:19+00:00","dateModified":"2022-08-10T15:57:53+00:00","breadcrumb":{"@id":"https:\/\/lamanchaturismo.es\/fr\/votre-guide-en-ville\/votre-guide-a-tolede\/#breadcrumb"},"inLanguage":"fr-FR","potentialAction":[{"@type":"ReadAction","target":["https:\/\/lamanchaturismo.es\/fr\/votre-guide-en-ville\/votre-guide-a-tolede\/"]}]},{"@type":"BreadcrumbList","@id":"https:\/\/lamanchaturismo.es\/fr\/votre-guide-en-ville\/votre-guide-a-tolede\/#breadcrumb","itemListElement":[{"@type":"ListItem","position":1,"name":"HOME","item":"https:\/\/lamanchaturismo.es\/fr\/home\/"},{"@type":"ListItem","position":2,"name":"VOTRE GUIDE EN VILLE","item":"https:\/\/lamanchaturismo.es\/fr\/votre-guide-en-ville\/"},{"@type":"ListItem","position":3,"name":"VOTRE GUIDE \u00c0 TOL\u00c8DE"}]},{"@type":"WebSite","@id":"https:\/\/lamanchaturismo.es\/fr\/#website","url":"https:\/\/lamanchaturismo.es\/fr\/","name":"La Mancha Turismo","description":"CRISTINA, TU GU\u00cdA OFICIAL DE TURISMO","potentialAction":[{"@type":"SearchAction","target":{"@type":"EntryPoint","urlTemplate":"https:\/\/lamanchaturismo.es\/fr\/?s={search_term_string}"},"query-input":{"@type":"PropertyValueSpecification","valueRequired":true,"valueName":"search_term_string"}}],"inLanguage":"fr-FR"}]}},"_links":{"self":[{"href":"https:\/\/lamanchaturismo.es\/fr\/wp-json\/wp\/v2\/pages\/14820","targetHints":{"allow":["GET"]}}],"collection":[{"href":"https:\/\/lamanchaturismo.es\/fr\/wp-json\/wp\/v2\/pages"}],"about":[{"href":"https:\/\/lamanchaturismo.es\/fr\/wp-json\/wp\/v2\/types\/page"}],"author":[{"embeddable":true,"href":"https:\/\/lamanchaturismo.es\/fr\/wp-json\/wp\/v2\/users\/2"}],"replies":[{"embeddable":true,"href":"https:\/\/lamanchaturismo.es\/fr\/wp-json\/wp\/v2\/comments?post=14820"}],"version-history":[{"count":3,"href":"https:\/\/lamanchaturismo.es\/fr\/wp-json\/wp\/v2\/pages\/14820\/revisions"}],"predecessor-version":[{"id":15966,"href":"https:\/\/lamanchaturismo.es\/fr\/wp-json\/wp\/v2\/pages\/14820\/revisions\/15966"}],"up":[{"embeddable":true,"href":"https:\/\/lamanchaturismo.es\/fr\/wp-json\/wp\/v2\/pages\/14810"}],"wp:attachment":[{"href":"https:\/\/lamanchaturismo.es\/fr\/wp-json\/wp\/v2\/media?parent=14820"}],"curies":[{"name":"wp","href":"https:\/\/api.w.org\/{rel}","templated":true}]}}