{"id":14818,"date":"2022-04-28T09:27:19","date_gmt":"2022-04-28T07:27:19","guid":{"rendered":"https:\/\/lamanchaturismo.es\/votre-guide-en-ville\/votre-guide-a-madrid\/"},"modified":"2022-08-09T17:02:27","modified_gmt":"2022-08-09T17:02:27","slug":"votre-guide-a-madrid","status":"publish","type":"page","link":"https:\/\/lamanchaturismo.es\/fr\/votre-guide-en-ville\/votre-guide-a-madrid\/","title":{"rendered":"VOTRE GUIDE \u00c0 MADRID"},"content":{"rendered":"\t\t<div data-elementor-type=\"wp-page\" data-elementor-id=\"14818\" class=\"elementor elementor-14818 elementor-12782\" data-elementor-post-type=\"page\">\n\t\t\t\t\t\t<section class=\"elementor-section elementor-top-section elementor-element elementor-element-2ad503c elementor-section-content-middle elementor-section-boxed elementor-section-height-default elementor-section-height-default qodef-elementor-content-no qodef-elementor-stretch-row-no\" data-id=\"2ad503c\" data-element_type=\"section\" data-e-type=\"section\">\n\t\t\t\t\t\t<div class=\"elementor-container elementor-column-gap-extended\">\n\t\t\t\t\t<div class=\"elementor-column elementor-col-50 elementor-top-column elementor-element elementor-element-f45b657\" data-id=\"f45b657\" data-element_type=\"column\" data-e-type=\"column\">\n\t\t\t<div class=\"elementor-widget-wrap elementor-element-populated\">\n\t\t\t\t\t\t<div class=\"elementor-element elementor-element-8c5296a elementor-widget elementor-widget-text-editor\" data-id=\"8c5296a\" data-element_type=\"widget\" data-e-type=\"widget\" data-widget_type=\"text-editor.default\">\n\t\t\t\t<div class=\"elementor-widget-container\">\n\t\t\t\t\t\t\t\t\t<p>Commencez votre \u00ab\u00a0route Cervantes\u00a0\u00bb \u00e0 Alcal\u00e1 de Henares et continuez avec votre guide pour conna\u00eetre les secrets litt\u00e9raires du Si\u00e8cle d&rsquo;or dans le \u00ab\u00a0Barrio de las Letras\u00a0\u00bb de la capitale de l&rsquo;Espagne.<\/p><p>Et avec lamanchaturismo.es nous vous accompagnerons dans les principaux mus\u00e9es et quartiers de Madrid:<\/p><p>Mus\u00e9e du Prado, Palais Royal, Monast\u00e8re de l&rsquo;Escorial&#8230;<\/p>\t\t\t\t\t\t\t\t<\/div>\n\t\t\t\t<\/div>\n\t\t\t\t\t<\/div>\n\t\t<\/div>\n\t\t\t\t<div class=\"elementor-column elementor-col-50 elementor-top-column elementor-element elementor-element-318fe89\" data-id=\"318fe89\" data-element_type=\"column\" data-e-type=\"column\">\n\t\t\t<div class=\"elementor-widget-wrap elementor-element-populated\">\n\t\t\t\t\t\t<div class=\"elementor-element elementor-element-d239d0d elementor-widget elementor-widget-gallery\" data-id=\"d239d0d\" data-element_type=\"widget\" data-e-type=\"widget\" data-settings=\"{&quot;gallery_layout&quot;:&quot;masonry&quot;,&quot;columns&quot;:3,&quot;lazyload&quot;:&quot;yes&quot;,&quot;columns_tablet&quot;:2,&quot;columns_mobile&quot;:1,&quot;gap&quot;:{&quot;unit&quot;:&quot;px&quot;,&quot;size&quot;:10,&quot;sizes&quot;:[]},&quot;gap_tablet&quot;:{&quot;unit&quot;:&quot;px&quot;,&quot;size&quot;:10,&quot;sizes&quot;:[]},&quot;gap_mobile&quot;:{&quot;unit&quot;:&quot;px&quot;,&quot;size&quot;:10,&quot;sizes&quot;:[]},&quot;link_to&quot;:&quot;file&quot;,&quot;overlay_background&quot;:&quot;yes&quot;,&quot;content_hover_animation&quot;:&quot;fade-in&quot;}\" data-widget_type=\"gallery.default\">\n\t\t\t\t<div class=\"elementor-widget-container\">\n\t\t\t\t\t\t\t<div class=\"elementor-gallery__container\">\n\t\t\t\t\t\t\t<a class=\"e-gallery-item elementor-gallery-item elementor-animated-content\" href=\"https:\/\/lamanchaturismo.es\/wp-content\/uploads\/2022\/07\/36.aranjuez.jpg\" data-elementor-open-lightbox=\"yes\" data-elementor-lightbox-slideshow=\"d239d0d\" data-elementor-lightbox-title=\"ARANJUEZ\" data-elementor-lightbox-description=\"Palacio Real\" data-e-action-hash=\"#elementor-action%3Aaction%3Dlightbox%26settings%3DeyJpZCI6MTU0MDUsInVybCI6Imh0dHBzOlwvXC9sYW1hbmNoYXR1cmlzbW8uZXNcL3dwLWNvbnRlbnRcL3VwbG9hZHNcLzIwMjJcLzA3XC8zNi5hcmFuanVlei5qcGciLCJzbGlkZXNob3ciOiJkMjM5ZDBkIn0%3D\">\n\t\t\t\t\t<div class=\"e-gallery-image elementor-gallery-item__image\" data-thumbnail=\"https:\/\/lamanchaturismo.es\/wp-content\/uploads\/2022\/07\/36.aranjuez-300x169.jpg\" data-width=\"300\" data-height=\"169\" aria-label=\"Paisaje Cultural de la Humanidad de UNESCO,el palacio real de Aranjuez ha sido la residencia campestre de los reyes Espa\u00f1oles\" role=\"img\" ><\/div>\n\t\t\t\t\t\t\t\t\t\t\t<div class=\"elementor-gallery-item__overlay\"><\/div>\n\t\t\t\t\t\t\t\t\t\t\t\t\t\t<\/a>\n\t\t\t\t\t\t\t<a class=\"e-gallery-item elementor-gallery-item elementor-animated-content\" href=\"https:\/\/lamanchaturismo.es\/wp-content\/uploads\/2022\/07\/36.biblioteca_el_escorial.jpg\" data-elementor-open-lightbox=\"yes\" data-elementor-lightbox-slideshow=\"d239d0d\" data-elementor-lightbox-title=\"MONASTERIO DE EL ESCORIAL\" data-elementor-lightbox-description=\"Biblioteca\" data-e-action-hash=\"#elementor-action%3Aaction%3Dlightbox%26settings%3DeyJpZCI6MTU0MDgsInVybCI6Imh0dHBzOlwvXC9sYW1hbmNoYXR1cmlzbW8uZXNcL3dwLWNvbnRlbnRcL3VwbG9hZHNcLzIwMjJcLzA3XC8zNi5iaWJsaW90ZWNhX2VsX2VzY29yaWFsLmpwZyIsInNsaWRlc2hvdyI6ImQyMzlkMGQifQ%3D%3D\">\n\t\t\t\t\t<div class=\"e-gallery-image elementor-gallery-item__image\" data-thumbnail=\"https:\/\/lamanchaturismo.es\/wp-content\/uploads\/2022\/07\/36.biblioteca_el_escorial-300x153.jpg\" data-width=\"300\" data-height=\"153\" aria-label=\"El Real Monasterio de San Lorenzo de El Escorial re\u00fane en su interior el Palacio de Felipe II, el Pante\u00f3n Real, el Pante\u00f3n de Infantes,una impresionante Biblioteca, y un Convento\" role=\"img\" ><\/div>\n\t\t\t\t\t\t\t\t\t\t\t<div class=\"elementor-gallery-item__overlay\"><\/div>\n\t\t\t\t\t\t\t\t\t\t\t\t\t\t<\/a>\n\t\t\t\t\t\t\t<a class=\"e-gallery-item elementor-gallery-item elementor-animated-content\" href=\"https:\/\/lamanchaturismo.es\/wp-content\/uploads\/2022\/07\/36.detalle-palacio-cristal-scaled.jpg\" data-elementor-open-lightbox=\"yes\" data-elementor-lightbox-slideshow=\"d239d0d\" data-elementor-lightbox-title=\"PALACIO DE CRISTAL\" data-elementor-lightbox-description=\"Parque del Retiro\" data-e-action-hash=\"#elementor-action%3Aaction%3Dlightbox%26settings%3DeyJpZCI6MTU0MTEsInVybCI6Imh0dHBzOlwvXC9sYW1hbmNoYXR1cmlzbW8uZXNcL3dwLWNvbnRlbnRcL3VwbG9hZHNcLzIwMjJcLzA3XC8zNi5kZXRhbGxlLXBhbGFjaW8tY3Jpc3RhbC1zY2FsZWQuanBnIiwic2xpZGVzaG93IjoiZDIzOWQwZCJ9\">\n\t\t\t\t\t<div class=\"e-gallery-image elementor-gallery-item__image\" data-thumbnail=\"https:\/\/lamanchaturismo.es\/wp-content\/uploads\/2022\/07\/36.detalle-palacio-cristal-225x300.jpg\" data-width=\"225\" data-height=\"300\" aria-label=\"\" role=\"img\" ><\/div>\n\t\t\t\t\t\t\t\t\t\t\t<div class=\"elementor-gallery-item__overlay\"><\/div>\n\t\t\t\t\t\t\t\t\t\t\t\t\t\t<\/a>\n\t\t\t\t\t\t\t<a class=\"e-gallery-item elementor-gallery-item elementor-animated-content\" href=\"https:\/\/lamanchaturismo.es\/wp-content\/uploads\/2022\/07\/36.guernica.jpeg\" data-elementor-open-lightbox=\"yes\" data-elementor-lightbox-slideshow=\"d239d0d\" data-elementor-lightbox-title=\"MUSEO REINA SOFIA\" data-elementor-lightbox-description=\"Guernika (Pablo Picasso)\" data-e-action-hash=\"#elementor-action%3Aaction%3Dlightbox%26settings%3DeyJpZCI6MTU0MTQsInVybCI6Imh0dHBzOlwvXC9sYW1hbmNoYXR1cmlzbW8uZXNcL3dwLWNvbnRlbnRcL3VwbG9hZHNcLzIwMjJcLzA3XC8zNi5ndWVybmljYS5qcGVnIiwic2xpZGVzaG93IjoiZDIzOWQwZCJ9\">\n\t\t\t\t\t<div class=\"e-gallery-image elementor-gallery-item__image\" data-thumbnail=\"https:\/\/lamanchaturismo.es\/wp-content\/uploads\/2022\/07\/36.guernica-300x158.jpeg\" data-width=\"300\" data-height=\"158\" aria-label=\"\" role=\"img\" ><\/div>\n\t\t\t\t\t\t\t\t\t\t\t<div class=\"elementor-gallery-item__overlay\"><\/div>\n\t\t\t\t\t\t\t\t\t\t\t\t\t\t<\/a>\n\t\t\t\t\t\t\t<a class=\"e-gallery-item elementor-gallery-item elementor-animated-content\" href=\"https:\/\/lamanchaturismo.es\/wp-content\/uploads\/2022\/07\/36.las-meninas.jpg\" data-elementor-open-lightbox=\"yes\" data-elementor-lightbox-slideshow=\"d239d0d\" data-elementor-lightbox-title=\"MUSEO DE EL PRADO\" data-elementor-lightbox-description=\"Las Meninas( Diego Velazquez)\" data-e-action-hash=\"#elementor-action%3Aaction%3Dlightbox%26settings%3DeyJpZCI6MTU0MTcsInVybCI6Imh0dHBzOlwvXC9sYW1hbmNoYXR1cmlzbW8uZXNcL3dwLWNvbnRlbnRcL3VwbG9hZHNcLzIwMjJcLzA3XC8zNi5sYXMtbWVuaW5hcy5qcGciLCJzbGlkZXNob3ciOiJkMjM5ZDBkIn0%3D\">\n\t\t\t\t\t<div class=\"e-gallery-image elementor-gallery-item__image\" data-thumbnail=\"https:\/\/lamanchaturismo.es\/wp-content\/uploads\/2022\/07\/36.las-meninas.jpg\" data-width=\"210\" data-height=\"240\" aria-label=\"MUSEO NACIONAL DEL PRADO. MUSEO NACIONAL DEL PRADO. Conoce con tu gu\u00eda una de las pinacotecas m\u00e1s importantes del mundo con los grandes maestros de la pintura: El Bosco, Goya, Velazquez, EL Greco, Rubens...\" role=\"img\" ><\/div>\n\t\t\t\t\t\t\t\t\t\t\t<div class=\"elementor-gallery-item__overlay\"><\/div>\n\t\t\t\t\t\t\t\t\t\t\t\t\t\t<\/a>\n\t\t\t\t\t\t\t<a class=\"e-gallery-item elementor-gallery-item elementor-animated-content\" href=\"https:\/\/lamanchaturismo.es\/wp-content\/uploads\/2022\/07\/36.prado_.jpg\" data-elementor-open-lightbox=\"yes\" data-elementor-lightbox-slideshow=\"d239d0d\" data-elementor-lightbox-title=\"MUSEO NACIONAL DE EL PRADO\" data-e-action-hash=\"#elementor-action%3Aaction%3Dlightbox%26settings%3DeyJpZCI6MTU0MjAsInVybCI6Imh0dHBzOlwvXC9sYW1hbmNoYXR1cmlzbW8uZXNcL3dwLWNvbnRlbnRcL3VwbG9hZHNcLzIwMjJcLzA3XC8zNi5wcmFkb18uanBnIiwic2xpZGVzaG93IjoiZDIzOWQwZCJ9\">\n\t\t\t\t\t<div class=\"e-gallery-image elementor-gallery-item__image\" data-thumbnail=\"https:\/\/lamanchaturismo.es\/wp-content\/uploads\/2022\/07\/36.prado_-300x200.jpg\" data-width=\"300\" data-height=\"200\" aria-label=\"\" role=\"img\" ><\/div>\n\t\t\t\t\t\t\t\t\t\t\t<div class=\"elementor-gallery-item__overlay\"><\/div>\n\t\t\t\t\t\t\t\t\t\t\t\t\t\t<\/a>\n\t\t\t\t\t\t\t<a class=\"e-gallery-item elementor-gallery-item elementor-animated-content\" href=\"https:\/\/lamanchaturismo.es\/wp-content\/uploads\/2022\/07\/36.templo-de-debod.jpg\" data-elementor-open-lightbox=\"yes\" data-elementor-lightbox-slideshow=\"d239d0d\" data-elementor-lightbox-title=\"TEMPLO DE DEBOD\" data-elementor-lightbox-description=\"Madrid\" data-e-action-hash=\"#elementor-action%3Aaction%3Dlightbox%26settings%3DeyJpZCI6MTU0MjMsInVybCI6Imh0dHBzOlwvXC9sYW1hbmNoYXR1cmlzbW8uZXNcL3dwLWNvbnRlbnRcL3VwbG9hZHNcLzIwMjJcLzA3XC8zNi50ZW1wbG8tZGUtZGVib2QuanBnIiwic2xpZGVzaG93IjoiZDIzOWQwZCJ9\">\n\t\t\t\t\t<div class=\"e-gallery-image elementor-gallery-item__image\" data-thumbnail=\"https:\/\/lamanchaturismo.es\/wp-content\/uploads\/2022\/07\/36.templo-de-debod-300x203.jpg\" data-width=\"300\" data-height=\"203\" aria-label=\"\" role=\"img\" ><\/div>\n\t\t\t\t\t\t\t\t\t\t\t<div class=\"elementor-gallery-item__overlay\"><\/div>\n\t\t\t\t\t\t\t\t\t\t\t\t\t\t<\/a>\n\t\t\t\t\t<\/div>\n\t\t\t\t\t<\/div>\n\t\t\t\t<\/div>\n\t\t\t\t\t<\/div>\n\t\t<\/div>\n\t\t\t\t\t<\/div>\n\t\t<\/section>\n\t\t\t\t<section class=\"elementor-section elementor-top-section elementor-element elementor-element-4bdf26f elementor-section-boxed elementor-section-height-default elementor-section-height-default qodef-elementor-content-no qodef-elementor-stretch-row-no\" data-id=\"4bdf26f\" data-element_type=\"section\" data-e-type=\"section\">\n\t\t\t\t\t\t<div class=\"elementor-container elementor-column-gap-default\">\n\t\t\t\t\t<div class=\"elementor-column elementor-col-100 elementor-top-column elementor-element elementor-element-b2765d8\" data-id=\"b2765d8\" data-element_type=\"column\" data-e-type=\"column\">\n\t\t\t<div class=\"elementor-widget-wrap\">\n\t\t\t\t\t\t\t<\/div>\n\t\t<\/div>\n\t\t\t\t\t<\/div>\n\t\t<\/section>\n\t\t\t\t<\/div>\n\t\t","protected":false},"excerpt":{"rendered":"<p>Commencez votre \u00ab\u00a0route Cervantes\u00a0\u00bb \u00e0 Alcal\u00e1 de Henares et continuez avec votre guide pour conna\u00eetre les secrets litt\u00e9raires du Si\u00e8cle d&rsquo;or dans le \u00ab\u00a0Barrio de las Letras\u00a0\u00bb de la capitale de l&rsquo;Espagne. Et avec lamanchaturismo.es nous vous accompagnerons dans les principaux mus\u00e9es et quartiers de Madrid: Mus\u00e9e du Prado, Palais Royal, Monast\u00e8re de l&rsquo;Escorial&#8230;<\/p>\n","protected":false},"author":2,"featured_media":15403,"parent":14810,"menu_order":0,"comment_status":"closed","ping_status":"closed","template":"","meta":{"footnotes":""},"class_list":["post-14818","page","type-page","status-publish","has-post-thumbnail","hentry"],"yoast_head":"<!-- This site is optimized with the Yoast SEO plugin v27.0 - https:\/\/yoast.com\/product\/yoast-seo-wordpress\/ -->\n<title>VOTRE GUIDE \u00c0 MADRID - La Mancha Turismo<\/title>\n<meta name=\"robots\" content=\"index, follow, max-snippet:-1, max-image-preview:large, max-video-preview:-1\" \/>\n<link rel=\"canonical\" href=\"https:\/\/lamanchaturismo.es\/fr\/votre-guide-en-ville\/votre-guide-a-madrid\/\" \/>\n<meta property=\"og:locale\" content=\"fr_FR\" \/>\n<meta property=\"og:type\" content=\"article\" \/>\n<meta property=\"og:title\" content=\"VOTRE GUIDE \u00c0 MADRID - La Mancha Turismo\" \/>\n<meta property=\"og:description\" content=\"Commencez votre \u00ab\u00a0route Cervantes\u00a0\u00bb \u00e0 Alcal\u00e1 de Henares et continuez avec votre guide pour conna\u00eetre les secrets litt\u00e9raires du Si\u00e8cle d&rsquo;or dans le \u00ab\u00a0Barrio de las Letras\u00a0\u00bb de la capitale de l&rsquo;Espagne. Et avec lamanchaturismo.es nous vous accompagnerons dans les principaux mus\u00e9es et quartiers de Madrid: Mus\u00e9e du Prado, Palais Royal, Monast\u00e8re de l&rsquo;Escorial&#8230;\" \/>\n<meta property=\"og:url\" content=\"https:\/\/lamanchaturismo.es\/fr\/votre-guide-en-ville\/votre-guide-a-madrid\/\" \/>\n<meta property=\"og:site_name\" content=\"La Mancha Turismo\" \/>\n<meta property=\"article:modified_time\" content=\"2022-08-09T17:02:27+00:00\" \/>\n<meta name=\"twitter:card\" content=\"summary_large_image\" \/>\n<script type=\"application\/ld+json\" class=\"yoast-schema-graph\">{\"@context\":\"https:\/\/schema.org\",\"@graph\":[{\"@type\":\"WebPage\",\"@id\":\"https:\/\/lamanchaturismo.es\/fr\/votre-guide-en-ville\/votre-guide-a-madrid\/\",\"url\":\"https:\/\/lamanchaturismo.es\/fr\/votre-guide-en-ville\/votre-guide-a-madrid\/\",\"name\":\"VOTRE GUIDE \u00c0 MADRID - La Mancha Turismo\",\"isPartOf\":{\"@id\":\"https:\/\/lamanchaturismo.es\/fr\/#website\"},\"primaryImageOfPage\":{\"@id\":\"https:\/\/lamanchaturismo.es\/fr\/votre-guide-en-ville\/votre-guide-a-madrid\/#primaryimage\"},\"image\":{\"@id\":\"https:\/\/lamanchaturismo.es\/fr\/votre-guide-en-ville\/votre-guide-a-madrid\/#primaryimage\"},\"thumbnailUrl\":\"https:\/\/lamanchaturismo.es\/wp-content\/uploads\/2022\/07\/35.palacio_real_.jpg\",\"datePublished\":\"2022-04-28T07:27:19+00:00\",\"dateModified\":\"2022-08-09T17:02:27+00:00\",\"breadcrumb\":{\"@id\":\"https:\/\/lamanchaturismo.es\/fr\/votre-guide-en-ville\/votre-guide-a-madrid\/#breadcrumb\"},\"inLanguage\":\"fr-FR\",\"potentialAction\":[{\"@type\":\"ReadAction\",\"target\":[\"https:\/\/lamanchaturismo.es\/fr\/votre-guide-en-ville\/votre-guide-a-madrid\/\"]}]},{\"@type\":\"ImageObject\",\"inLanguage\":\"fr-FR\",\"@id\":\"https:\/\/lamanchaturismo.es\/fr\/votre-guide-en-ville\/votre-guide-a-madrid\/#primaryimage\",\"url\":\"https:\/\/lamanchaturismo.es\/wp-content\/uploads\/2022\/07\/35.palacio_real_.jpg\",\"contentUrl\":\"https:\/\/lamanchaturismo.es\/wp-content\/uploads\/2022\/07\/35.palacio_real_.jpg\",\"width\":1920,\"height\":600},{\"@type\":\"BreadcrumbList\",\"@id\":\"https:\/\/lamanchaturismo.es\/fr\/votre-guide-en-ville\/votre-guide-a-madrid\/#breadcrumb\",\"itemListElement\":[{\"@type\":\"ListItem\",\"position\":1,\"name\":\"HOME\",\"item\":\"https:\/\/lamanchaturismo.es\/fr\/home\/\"},{\"@type\":\"ListItem\",\"position\":2,\"name\":\"VOTRE GUIDE EN VILLE\",\"item\":\"https:\/\/lamanchaturismo.es\/fr\/votre-guide-en-ville\/\"},{\"@type\":\"ListItem\",\"position\":3,\"name\":\"VOTRE GUIDE \u00c0 MADRID\"}]},{\"@type\":\"WebSite\",\"@id\":\"https:\/\/lamanchaturismo.es\/fr\/#website\",\"url\":\"https:\/\/lamanchaturismo.es\/fr\/\",\"name\":\"La Mancha Turismo\",\"description\":\"CRISTINA, TU GU\u00cdA OFICIAL DE TURISMO\",\"potentialAction\":[{\"@type\":\"SearchAction\",\"target\":{\"@type\":\"EntryPoint\",\"urlTemplate\":\"https:\/\/lamanchaturismo.es\/fr\/?s={search_term_string}\"},\"query-input\":{\"@type\":\"PropertyValueSpecification\",\"valueRequired\":true,\"valueName\":\"search_term_string\"}}],\"inLanguage\":\"fr-FR\"}]}<\/script>\n<!-- \/ Yoast SEO plugin. -->","yoast_head_json":{"title":"VOTRE GUIDE \u00c0 MADRID - La Mancha Turismo","robots":{"index":"index","follow":"follow","max-snippet":"max-snippet:-1","max-image-preview":"max-image-preview:large","max-video-preview":"max-video-preview:-1"},"canonical":"https:\/\/lamanchaturismo.es\/fr\/votre-guide-en-ville\/votre-guide-a-madrid\/","og_locale":"fr_FR","og_type":"article","og_title":"VOTRE GUIDE \u00c0 MADRID - La Mancha Turismo","og_description":"Commencez votre \u00ab\u00a0route Cervantes\u00a0\u00bb \u00e0 Alcal\u00e1 de Henares et continuez avec votre guide pour conna\u00eetre les secrets litt\u00e9raires du Si\u00e8cle d&rsquo;or dans le \u00ab\u00a0Barrio de las Letras\u00a0\u00bb de la capitale de l&rsquo;Espagne. Et avec lamanchaturismo.es nous vous accompagnerons dans les principaux mus\u00e9es et quartiers de Madrid: Mus\u00e9e du Prado, Palais Royal, Monast\u00e8re de l&rsquo;Escorial&#8230;","og_url":"https:\/\/lamanchaturismo.es\/fr\/votre-guide-en-ville\/votre-guide-a-madrid\/","og_site_name":"La Mancha Turismo","article_modified_time":"2022-08-09T17:02:27+00:00","twitter_card":"summary_large_image","schema":{"@context":"https:\/\/schema.org","@graph":[{"@type":"WebPage","@id":"https:\/\/lamanchaturismo.es\/fr\/votre-guide-en-ville\/votre-guide-a-madrid\/","url":"https:\/\/lamanchaturismo.es\/fr\/votre-guide-en-ville\/votre-guide-a-madrid\/","name":"VOTRE GUIDE \u00c0 MADRID - La Mancha Turismo","isPartOf":{"@id":"https:\/\/lamanchaturismo.es\/fr\/#website"},"primaryImageOfPage":{"@id":"https:\/\/lamanchaturismo.es\/fr\/votre-guide-en-ville\/votre-guide-a-madrid\/#primaryimage"},"image":{"@id":"https:\/\/lamanchaturismo.es\/fr\/votre-guide-en-ville\/votre-guide-a-madrid\/#primaryimage"},"thumbnailUrl":"https:\/\/lamanchaturismo.es\/wp-content\/uploads\/2022\/07\/35.palacio_real_.jpg","datePublished":"2022-04-28T07:27:19+00:00","dateModified":"2022-08-09T17:02:27+00:00","breadcrumb":{"@id":"https:\/\/lamanchaturismo.es\/fr\/votre-guide-en-ville\/votre-guide-a-madrid\/#breadcrumb"},"inLanguage":"fr-FR","potentialAction":[{"@type":"ReadAction","target":["https:\/\/lamanchaturismo.es\/fr\/votre-guide-en-ville\/votre-guide-a-madrid\/"]}]},{"@type":"ImageObject","inLanguage":"fr-FR","@id":"https:\/\/lamanchaturismo.es\/fr\/votre-guide-en-ville\/votre-guide-a-madrid\/#primaryimage","url":"https:\/\/lamanchaturismo.es\/wp-content\/uploads\/2022\/07\/35.palacio_real_.jpg","contentUrl":"https:\/\/lamanchaturismo.es\/wp-content\/uploads\/2022\/07\/35.palacio_real_.jpg","width":1920,"height":600},{"@type":"BreadcrumbList","@id":"https:\/\/lamanchaturismo.es\/fr\/votre-guide-en-ville\/votre-guide-a-madrid\/#breadcrumb","itemListElement":[{"@type":"ListItem","position":1,"name":"HOME","item":"https:\/\/lamanchaturismo.es\/fr\/home\/"},{"@type":"ListItem","position":2,"name":"VOTRE GUIDE EN VILLE","item":"https:\/\/lamanchaturismo.es\/fr\/votre-guide-en-ville\/"},{"@type":"ListItem","position":3,"name":"VOTRE GUIDE \u00c0 MADRID"}]},{"@type":"WebSite","@id":"https:\/\/lamanchaturismo.es\/fr\/#website","url":"https:\/\/lamanchaturismo.es\/fr\/","name":"La Mancha Turismo","description":"CRISTINA, TU GU\u00cdA OFICIAL DE TURISMO","potentialAction":[{"@type":"SearchAction","target":{"@type":"EntryPoint","urlTemplate":"https:\/\/lamanchaturismo.es\/fr\/?s={search_term_string}"},"query-input":{"@type":"PropertyValueSpecification","valueRequired":true,"valueName":"search_term_string"}}],"inLanguage":"fr-FR"}]}},"_links":{"self":[{"href":"https:\/\/lamanchaturismo.es\/fr\/wp-json\/wp\/v2\/pages\/14818","targetHints":{"allow":["GET"]}}],"collection":[{"href":"https:\/\/lamanchaturismo.es\/fr\/wp-json\/wp\/v2\/pages"}],"about":[{"href":"https:\/\/lamanchaturismo.es\/fr\/wp-json\/wp\/v2\/types\/page"}],"author":[{"embeddable":true,"href":"https:\/\/lamanchaturismo.es\/fr\/wp-json\/wp\/v2\/users\/2"}],"replies":[{"embeddable":true,"href":"https:\/\/lamanchaturismo.es\/fr\/wp-json\/wp\/v2\/comments?post=14818"}],"version-history":[{"count":8,"href":"https:\/\/lamanchaturismo.es\/fr\/wp-json\/wp\/v2\/pages\/14818\/revisions"}],"predecessor-version":[{"id":15622,"href":"https:\/\/lamanchaturismo.es\/fr\/wp-json\/wp\/v2\/pages\/14818\/revisions\/15622"}],"up":[{"embeddable":true,"href":"https:\/\/lamanchaturismo.es\/fr\/wp-json\/wp\/v2\/pages\/14810"}],"wp:featuredmedia":[{"embeddable":true,"href":"https:\/\/lamanchaturismo.es\/fr\/wp-json\/wp\/v2\/media\/15403"}],"wp:attachment":[{"href":"https:\/\/lamanchaturismo.es\/fr\/wp-json\/wp\/v2\/media?parent=14818"}],"curies":[{"name":"wp","href":"https:\/\/api.w.org\/{rel}","templated":true}]}}