{"id":14783,"date":"2022-04-27T16:55:11","date_gmt":"2022-04-27T16:55:11","guid":{"rendered":"https:\/\/lamanchaturismo.es\/un-livre-ouvert\/don-quichotte-et-cervantes\/el-toboso\/"},"modified":"2022-06-07T15:43:57","modified_gmt":"2022-06-07T15:43:57","slug":"el-toboso","status":"publish","type":"page","link":"https:\/\/lamanchaturismo.es\/fr\/un-livre-ouvert\/don-quichotte-et-cervantes\/el-toboso\/","title":{"rendered":"El Toboso"},"content":{"rendered":"\t\t<div data-elementor-type=\"wp-page\" data-elementor-id=\"14783\" class=\"elementor elementor-14783 elementor-12592\" data-elementor-post-type=\"page\">\n\t\t\t\t\t\t<section class=\"elementor-section elementor-top-section elementor-element elementor-element-6b9786e elementor-section-boxed elementor-section-height-default elementor-section-height-default qodef-elementor-content-no qodef-elementor-stretch-row-no\" data-id=\"6b9786e\" data-element_type=\"section\" data-e-type=\"section\">\n\t\t\t\t\t\t<div class=\"elementor-container elementor-column-gap-default\">\n\t\t\t\t\t<div class=\"elementor-column elementor-col-100 elementor-top-column elementor-element elementor-element-cc2139a\" data-id=\"cc2139a\" data-element_type=\"column\" data-e-type=\"column\">\n\t\t\t<div class=\"elementor-widget-wrap\">\n\t\t\t\t\t\t\t<\/div>\n\t\t<\/div>\n\t\t\t\t\t<\/div>\n\t\t<\/section>\n\t\t\t\t<section class=\"elementor-section elementor-top-section elementor-element elementor-element-f98cf9f elementor-section-content-middle elementor-section-boxed elementor-section-height-default elementor-section-height-default qodef-elementor-content-no qodef-elementor-stretch-row-no\" data-id=\"f98cf9f\" data-element_type=\"section\" data-e-type=\"section\">\n\t\t\t\t\t\t<div class=\"elementor-container elementor-column-gap-extended\">\n\t\t\t\t\t<div class=\"elementor-column elementor-col-50 elementor-top-column elementor-element elementor-element-8e1f9c1\" data-id=\"8e1f9c1\" data-element_type=\"column\" data-e-type=\"column\">\n\t\t\t<div class=\"elementor-widget-wrap elementor-element-populated\">\n\t\t\t\t\t\t<div class=\"elementor-element elementor-element-2e55352 elementor-widget elementor-widget-text-editor\" data-id=\"2e55352\" data-element_type=\"widget\" data-e-type=\"widget\" data-widget_type=\"text-editor.default\">\n\t\t\t\t<div class=\"elementor-widget-container\">\n\t\t\t\t\t\t\t\t\t<p>Le berceau litt\u00e9raire de Dulcin\u00e9e, l\u00b4amour de Don Quichotte<\/p><p>\u00ab Dulcin\u00e9e du Toboso est la plus belle femme du monde, et moi, le plus malhereux chevalier de la terre \u00bb. Vous trouverez la maison de Dulcin\u00e9e, une maison de la Manche du XVIe di\u00e8cle, et le Mus\u00e9e Cervantino avec des nombreuses \u00e9ditions du roman dans une grand vari\u00e9t\u00e9 de langues.<\/p>\t\t\t\t\t\t\t\t<\/div>\n\t\t\t\t<\/div>\n\t\t\t\t\t<\/div>\n\t\t<\/div>\n\t\t\t\t<div class=\"elementor-column elementor-col-50 elementor-top-column elementor-element elementor-element-ee59633\" data-id=\"ee59633\" data-element_type=\"column\" data-e-type=\"column\">\n\t\t\t<div class=\"elementor-widget-wrap elementor-element-populated\">\n\t\t\t\t\t\t<div class=\"elementor-element elementor-element-f761a23 elementor-widget elementor-widget-gallery\" data-id=\"f761a23\" data-element_type=\"widget\" data-e-type=\"widget\" data-settings=\"{&quot;gallery_layout&quot;:&quot;masonry&quot;,&quot;columns&quot;:3,&quot;lazyload&quot;:&quot;yes&quot;,&quot;columns_tablet&quot;:2,&quot;columns_mobile&quot;:1,&quot;gap&quot;:{&quot;unit&quot;:&quot;px&quot;,&quot;size&quot;:10,&quot;sizes&quot;:[]},&quot;gap_tablet&quot;:{&quot;unit&quot;:&quot;px&quot;,&quot;size&quot;:10,&quot;sizes&quot;:[]},&quot;gap_mobile&quot;:{&quot;unit&quot;:&quot;px&quot;,&quot;size&quot;:10,&quot;sizes&quot;:[]},&quot;link_to&quot;:&quot;file&quot;,&quot;overlay_background&quot;:&quot;yes&quot;,&quot;content_hover_animation&quot;:&quot;fade-in&quot;}\" data-widget_type=\"gallery.default\">\n\t\t\t\t<div class=\"elementor-widget-container\">\n\t\t\t\t\t\t\t<div class=\"elementor-gallery__container\">\n\t\t\t\t\t\t\t<a class=\"e-gallery-item elementor-gallery-item elementor-animated-content\" href=\"https:\/\/lamanchaturismo.es\/wp-content\/uploads\/2021\/05\/Hamilton-c.jpg\" data-elementor-open-lightbox=\"yes\" data-elementor-lightbox-slideshow=\"f761a23\" data-elementor-lightbox-title=\"Hamilton-c\" data-e-action-hash=\"#elementor-action%3Aaction%3Dlightbox%26settings%3DeyJpZCI6MTAwNjUsInVybCI6Imh0dHBzOlwvXC9sYW1hbmNoYXR1cmlzbW8uZXNcL3dwLWNvbnRlbnRcL3VwbG9hZHNcLzIwMjFcLzA1XC9IYW1pbHRvbi1jLmpwZyIsInNsaWRlc2hvdyI6ImY3NjFhMjMifQ%3D%3D\">\n\t\t\t\t\t<div class=\"e-gallery-image elementor-gallery-item__image\" data-thumbnail=\"https:\/\/lamanchaturismo.es\/wp-content\/uploads\/2021\/05\/Hamilton-c-300x103.jpg\" data-width=\"300\" data-height=\"103\" aria-label=\"aa\" role=\"img\" ><\/div>\n\t\t\t\t\t\t\t\t\t\t\t<div class=\"elementor-gallery-item__overlay\"><\/div>\n\t\t\t\t\t\t\t\t\t\t\t\t\t\t<\/a>\n\t\t\t\t\t\t\t<a class=\"e-gallery-item elementor-gallery-item elementor-animated-content\" href=\"https:\/\/lamanchaturismo.es\/wp-content\/uploads\/2021\/05\/Hamilton-f.jpg\" data-elementor-open-lightbox=\"yes\" data-elementor-lightbox-slideshow=\"f761a23\" data-elementor-lightbox-title=\"Hamilton-f\" data-e-action-hash=\"#elementor-action%3Aaction%3Dlightbox%26settings%3DeyJpZCI6MTAwNjQsInVybCI6Imh0dHBzOlwvXC9sYW1hbmNoYXR1cmlzbW8uZXNcL3dwLWNvbnRlbnRcL3VwbG9hZHNcLzIwMjFcLzA1XC9IYW1pbHRvbi1mLmpwZyIsInNsaWRlc2hvdyI6ImY3NjFhMjMifQ%3D%3D\">\n\t\t\t\t\t<div class=\"e-gallery-image elementor-gallery-item__image\" data-thumbnail=\"https:\/\/lamanchaturismo.es\/wp-content\/uploads\/2021\/05\/Hamilton-f-221x300.jpg\" data-width=\"221\" data-height=\"300\" aria-label=\"aa\" role=\"img\" ><\/div>\n\t\t\t\t\t\t\t\t\t\t\t<div class=\"elementor-gallery-item__overlay\"><\/div>\n\t\t\t\t\t\t\t\t\t\t\t\t\t\t<\/a>\n\t\t\t\t\t\t\t<a class=\"e-gallery-item elementor-gallery-item elementor-animated-content\" href=\"https:\/\/lamanchaturismo.es\/wp-content\/uploads\/2021\/05\/Auckland-f.jpg\" data-elementor-open-lightbox=\"yes\" data-elementor-lightbox-slideshow=\"f761a23\" data-elementor-lightbox-title=\"Auckland-f\" data-e-action-hash=\"#elementor-action%3Aaction%3Dlightbox%26settings%3DeyJpZCI6MTAwNjIsInVybCI6Imh0dHBzOlwvXC9sYW1hbmNoYXR1cmlzbW8uZXNcL3dwLWNvbnRlbnRcL3VwbG9hZHNcLzIwMjFcLzA1XC9BdWNrbGFuZC1mLmpwZyIsInNsaWRlc2hvdyI6ImY3NjFhMjMifQ%3D%3D\">\n\t\t\t\t\t<div class=\"e-gallery-image elementor-gallery-item__image\" data-thumbnail=\"https:\/\/lamanchaturismo.es\/wp-content\/uploads\/2021\/05\/Auckland-f-221x300.jpg\" data-width=\"221\" data-height=\"300\" aria-label=\"aa\" role=\"img\" ><\/div>\n\t\t\t\t\t\t\t\t\t\t\t<div class=\"elementor-gallery-item__overlay\"><\/div>\n\t\t\t\t\t\t\t\t\t\t\t\t\t\t<\/a>\n\t\t\t\t\t\t\t<a class=\"e-gallery-item elementor-gallery-item elementor-animated-content\" href=\"https:\/\/lamanchaturismo.es\/wp-content\/uploads\/2021\/05\/Casablanca-f.jpg\" data-elementor-open-lightbox=\"yes\" data-elementor-lightbox-slideshow=\"f761a23\" data-elementor-lightbox-title=\"Casablanca-f\" data-e-action-hash=\"#elementor-action%3Aaction%3Dlightbox%26settings%3DeyJpZCI6MTAwNDQsInVybCI6Imh0dHBzOlwvXC9sYW1hbmNoYXR1cmlzbW8uZXNcL3dwLWNvbnRlbnRcL3VwbG9hZHNcLzIwMjFcLzA1XC9DYXNhYmxhbmNhLWYuanBnIiwic2xpZGVzaG93IjoiZjc2MWEyMyJ9\">\n\t\t\t\t\t<div class=\"e-gallery-image elementor-gallery-item__image\" data-thumbnail=\"https:\/\/lamanchaturismo.es\/wp-content\/uploads\/2021\/05\/Casablanca-f-221x300.jpg\" data-width=\"221\" data-height=\"300\" aria-label=\"aa\" role=\"img\" ><\/div>\n\t\t\t\t\t\t\t\t\t\t\t<div class=\"elementor-gallery-item__overlay\"><\/div>\n\t\t\t\t\t\t\t\t\t\t\t\t\t\t<\/a>\n\t\t\t\t\t\t\t<a class=\"e-gallery-item elementor-gallery-item elementor-animated-content\" href=\"https:\/\/lamanchaturismo.es\/wp-content\/uploads\/2021\/05\/Tangier-f.jpg\" data-elementor-open-lightbox=\"yes\" data-elementor-lightbox-slideshow=\"f761a23\" data-elementor-lightbox-title=\"Tangier-f\" data-e-action-hash=\"#elementor-action%3Aaction%3Dlightbox%26settings%3DeyJpZCI6MTAwNDYsInVybCI6Imh0dHBzOlwvXC9sYW1hbmNoYXR1cmlzbW8uZXNcL3dwLWNvbnRlbnRcL3VwbG9hZHNcLzIwMjFcLzA1XC9UYW5naWVyLWYuanBnIiwic2xpZGVzaG93IjoiZjc2MWEyMyJ9\">\n\t\t\t\t\t<div class=\"e-gallery-image elementor-gallery-item__image\" data-thumbnail=\"https:\/\/lamanchaturismo.es\/wp-content\/uploads\/2021\/05\/Tangier-f-221x300.jpg\" data-width=\"221\" data-height=\"300\" aria-label=\"aa\" role=\"img\" ><\/div>\n\t\t\t\t\t\t\t\t\t\t\t<div class=\"elementor-gallery-item__overlay\"><\/div>\n\t\t\t\t\t\t\t\t\t\t\t\t\t\t<\/a>\n\t\t\t\t\t\t\t<a class=\"e-gallery-item elementor-gallery-item elementor-animated-content\" href=\"https:\/\/lamanchaturismo.es\/wp-content\/uploads\/2021\/05\/Tangier-c.jpg\" data-elementor-open-lightbox=\"yes\" data-elementor-lightbox-slideshow=\"f761a23\" data-elementor-lightbox-title=\"Tangier-c\" data-e-action-hash=\"#elementor-action%3Aaction%3Dlightbox%26settings%3DeyJpZCI6MTAwNDcsInVybCI6Imh0dHBzOlwvXC9sYW1hbmNoYXR1cmlzbW8uZXNcL3dwLWNvbnRlbnRcL3VwbG9hZHNcLzIwMjFcLzA1XC9UYW5naWVyLWMuanBnIiwic2xpZGVzaG93IjoiZjc2MWEyMyJ9\">\n\t\t\t\t\t<div class=\"e-gallery-image elementor-gallery-item__image\" data-thumbnail=\"https:\/\/lamanchaturismo.es\/wp-content\/uploads\/2021\/05\/Tangier-c-300x103.jpg\" data-width=\"300\" data-height=\"103\" aria-label=\"aa\" role=\"img\" ><\/div>\n\t\t\t\t\t\t\t\t\t\t\t<div class=\"elementor-gallery-item__overlay\"><\/div>\n\t\t\t\t\t\t\t\t\t\t\t\t\t\t<\/a>\n\t\t\t\t\t<\/div>\n\t\t\t\t\t<\/div>\n\t\t\t\t<\/div>\n\t\t\t\t\t<\/div>\n\t\t<\/div>\n\t\t\t\t\t<\/div>\n\t\t<\/section>\n\t\t\t\t<\/div>\n\t\t","protected":false},"excerpt":{"rendered":"<p>Le berceau litt\u00e9raire de Dulcin\u00e9e, l\u00b4amour de Don Quichotte \u00ab Dulcin\u00e9e du Toboso est la plus belle femme du monde, et moi, le plus malhereux chevalier de la terre \u00bb. Vous trouverez la maison de Dulcin\u00e9e, une maison de la Manche du XVIe di\u00e8cle, et le Mus\u00e9e Cervantino avec des nombreuses \u00e9ditions du roman dans [&hellip;]<\/p>\n","protected":false},"author":2,"featured_media":0,"parent":14768,"menu_order":0,"comment_status":"closed","ping_status":"closed","template":"","meta":{"footnotes":""},"class_list":["post-14783","page","type-page","status-publish","hentry"],"yoast_head":"<!-- This site is optimized with the Yoast SEO plugin v27.0 - https:\/\/yoast.com\/product\/yoast-seo-wordpress\/ -->\n<title>El Toboso - La Mancha Turismo<\/title>\n<meta name=\"robots\" content=\"index, follow, max-snippet:-1, max-image-preview:large, max-video-preview:-1\" \/>\n<link rel=\"canonical\" href=\"https:\/\/lamanchaturismo.es\/fr\/un-livre-ouvert\/don-quichotte-et-cervantes\/el-toboso\/\" \/>\n<meta property=\"og:locale\" content=\"fr_FR\" \/>\n<meta property=\"og:type\" content=\"article\" \/>\n<meta property=\"og:title\" content=\"El Toboso - La Mancha Turismo\" \/>\n<meta property=\"og:description\" content=\"Le berceau litt\u00e9raire de Dulcin\u00e9e, l\u00b4amour de Don Quichotte \u00ab Dulcin\u00e9e du Toboso est la plus belle femme du monde, et moi, le plus malhereux chevalier de la terre \u00bb. Vous trouverez la maison de Dulcin\u00e9e, une maison de la Manche du XVIe di\u00e8cle, et le Mus\u00e9e Cervantino avec des nombreuses \u00e9ditions du roman dans [&hellip;]\" \/>\n<meta property=\"og:url\" content=\"https:\/\/lamanchaturismo.es\/fr\/un-livre-ouvert\/don-quichotte-et-cervantes\/el-toboso\/\" \/>\n<meta property=\"og:site_name\" content=\"La Mancha Turismo\" \/>\n<meta property=\"article:modified_time\" content=\"2022-06-07T15:43:57+00:00\" \/>\n<meta name=\"twitter:card\" content=\"summary_large_image\" \/>\n<script type=\"application\/ld+json\" class=\"yoast-schema-graph\">{\"@context\":\"https:\/\/schema.org\",\"@graph\":[{\"@type\":\"WebPage\",\"@id\":\"https:\/\/lamanchaturismo.es\/fr\/un-livre-ouvert\/don-quichotte-et-cervantes\/el-toboso\/\",\"url\":\"https:\/\/lamanchaturismo.es\/fr\/un-livre-ouvert\/don-quichotte-et-cervantes\/el-toboso\/\",\"name\":\"El Toboso - La Mancha Turismo\",\"isPartOf\":{\"@id\":\"https:\/\/lamanchaturismo.es\/fr\/#website\"},\"datePublished\":\"2022-04-27T16:55:11+00:00\",\"dateModified\":\"2022-06-07T15:43:57+00:00\",\"breadcrumb\":{\"@id\":\"https:\/\/lamanchaturismo.es\/fr\/un-livre-ouvert\/don-quichotte-et-cervantes\/el-toboso\/#breadcrumb\"},\"inLanguage\":\"fr-FR\",\"potentialAction\":[{\"@type\":\"ReadAction\",\"target\":[\"https:\/\/lamanchaturismo.es\/fr\/un-livre-ouvert\/don-quichotte-et-cervantes\/el-toboso\/\"]}]},{\"@type\":\"BreadcrumbList\",\"@id\":\"https:\/\/lamanchaturismo.es\/fr\/un-livre-ouvert\/don-quichotte-et-cervantes\/el-toboso\/#breadcrumb\",\"itemListElement\":[{\"@type\":\"ListItem\",\"position\":1,\"name\":\"HOME\",\"item\":\"https:\/\/lamanchaturismo.es\/fr\/home\/\"},{\"@type\":\"ListItem\",\"position\":2,\"name\":\"UN LIVRE OUVERT\",\"item\":\"https:\/\/lamanchaturismo.es\/fr\/un-livre-ouvert\/\"},{\"@type\":\"ListItem\",\"position\":3,\"name\":\"DON QUICHOTTE ET CERVANTES\",\"item\":\"https:\/\/lamanchaturismo.es\/fr\/con-un-libro-abierto\/d-quijote-y-cervantes\/\"},{\"@type\":\"ListItem\",\"position\":4,\"name\":\"El Toboso\"}]},{\"@type\":\"WebSite\",\"@id\":\"https:\/\/lamanchaturismo.es\/fr\/#website\",\"url\":\"https:\/\/lamanchaturismo.es\/fr\/\",\"name\":\"La Mancha Turismo\",\"description\":\"CRISTINA, TU GU\u00cdA OFICIAL DE TURISMO\",\"potentialAction\":[{\"@type\":\"SearchAction\",\"target\":{\"@type\":\"EntryPoint\",\"urlTemplate\":\"https:\/\/lamanchaturismo.es\/fr\/?s={search_term_string}\"},\"query-input\":{\"@type\":\"PropertyValueSpecification\",\"valueRequired\":true,\"valueName\":\"search_term_string\"}}],\"inLanguage\":\"fr-FR\"}]}<\/script>\n<!-- \/ Yoast SEO plugin. -->","yoast_head_json":{"title":"El Toboso - La Mancha Turismo","robots":{"index":"index","follow":"follow","max-snippet":"max-snippet:-1","max-image-preview":"max-image-preview:large","max-video-preview":"max-video-preview:-1"},"canonical":"https:\/\/lamanchaturismo.es\/fr\/un-livre-ouvert\/don-quichotte-et-cervantes\/el-toboso\/","og_locale":"fr_FR","og_type":"article","og_title":"El Toboso - La Mancha Turismo","og_description":"Le berceau litt\u00e9raire de Dulcin\u00e9e, l\u00b4amour de Don Quichotte \u00ab Dulcin\u00e9e du Toboso est la plus belle femme du monde, et moi, le plus malhereux chevalier de la terre \u00bb. Vous trouverez la maison de Dulcin\u00e9e, une maison de la Manche du XVIe di\u00e8cle, et le Mus\u00e9e Cervantino avec des nombreuses \u00e9ditions du roman dans [&hellip;]","og_url":"https:\/\/lamanchaturismo.es\/fr\/un-livre-ouvert\/don-quichotte-et-cervantes\/el-toboso\/","og_site_name":"La Mancha Turismo","article_modified_time":"2022-06-07T15:43:57+00:00","twitter_card":"summary_large_image","schema":{"@context":"https:\/\/schema.org","@graph":[{"@type":"WebPage","@id":"https:\/\/lamanchaturismo.es\/fr\/un-livre-ouvert\/don-quichotte-et-cervantes\/el-toboso\/","url":"https:\/\/lamanchaturismo.es\/fr\/un-livre-ouvert\/don-quichotte-et-cervantes\/el-toboso\/","name":"El Toboso - La Mancha Turismo","isPartOf":{"@id":"https:\/\/lamanchaturismo.es\/fr\/#website"},"datePublished":"2022-04-27T16:55:11+00:00","dateModified":"2022-06-07T15:43:57+00:00","breadcrumb":{"@id":"https:\/\/lamanchaturismo.es\/fr\/un-livre-ouvert\/don-quichotte-et-cervantes\/el-toboso\/#breadcrumb"},"inLanguage":"fr-FR","potentialAction":[{"@type":"ReadAction","target":["https:\/\/lamanchaturismo.es\/fr\/un-livre-ouvert\/don-quichotte-et-cervantes\/el-toboso\/"]}]},{"@type":"BreadcrumbList","@id":"https:\/\/lamanchaturismo.es\/fr\/un-livre-ouvert\/don-quichotte-et-cervantes\/el-toboso\/#breadcrumb","itemListElement":[{"@type":"ListItem","position":1,"name":"HOME","item":"https:\/\/lamanchaturismo.es\/fr\/home\/"},{"@type":"ListItem","position":2,"name":"UN LIVRE OUVERT","item":"https:\/\/lamanchaturismo.es\/fr\/un-livre-ouvert\/"},{"@type":"ListItem","position":3,"name":"DON QUICHOTTE ET CERVANTES","item":"https:\/\/lamanchaturismo.es\/fr\/con-un-libro-abierto\/d-quijote-y-cervantes\/"},{"@type":"ListItem","position":4,"name":"El Toboso"}]},{"@type":"WebSite","@id":"https:\/\/lamanchaturismo.es\/fr\/#website","url":"https:\/\/lamanchaturismo.es\/fr\/","name":"La Mancha Turismo","description":"CRISTINA, TU GU\u00cdA OFICIAL DE TURISMO","potentialAction":[{"@type":"SearchAction","target":{"@type":"EntryPoint","urlTemplate":"https:\/\/lamanchaturismo.es\/fr\/?s={search_term_string}"},"query-input":{"@type":"PropertyValueSpecification","valueRequired":true,"valueName":"search_term_string"}}],"inLanguage":"fr-FR"}]}},"_links":{"self":[{"href":"https:\/\/lamanchaturismo.es\/fr\/wp-json\/wp\/v2\/pages\/14783","targetHints":{"allow":["GET"]}}],"collection":[{"href":"https:\/\/lamanchaturismo.es\/fr\/wp-json\/wp\/v2\/pages"}],"about":[{"href":"https:\/\/lamanchaturismo.es\/fr\/wp-json\/wp\/v2\/types\/page"}],"author":[{"embeddable":true,"href":"https:\/\/lamanchaturismo.es\/fr\/wp-json\/wp\/v2\/users\/2"}],"replies":[{"embeddable":true,"href":"https:\/\/lamanchaturismo.es\/fr\/wp-json\/wp\/v2\/comments?post=14783"}],"version-history":[{"count":2,"href":"https:\/\/lamanchaturismo.es\/fr\/wp-json\/wp\/v2\/pages\/14783\/revisions"}],"predecessor-version":[{"id":14790,"href":"https:\/\/lamanchaturismo.es\/fr\/wp-json\/wp\/v2\/pages\/14783\/revisions\/14790"}],"up":[{"embeddable":true,"href":"https:\/\/lamanchaturismo.es\/fr\/wp-json\/wp\/v2\/pages\/14768"}],"wp:attachment":[{"href":"https:\/\/lamanchaturismo.es\/fr\/wp-json\/wp\/v2\/media?parent=14783"}],"curies":[{"name":"wp","href":"https:\/\/api.w.org\/{rel}","templated":true}]}}