{"id":14755,"date":"2022-04-27T15:48:28","date_gmt":"2022-04-27T13:48:28","guid":{"rendered":"https:\/\/lamanchaturismo.es\/de-lart\/palais-et-chateaux\/terre-des-ordres-militaires\/"},"modified":"2022-08-10T15:15:42","modified_gmt":"2022-08-10T15:15:42","slug":"terre-des-ordres-militaires","status":"publish","type":"page","link":"https:\/\/lamanchaturismo.es\/fr\/de-lart\/palais-et-chateaux\/terre-des-ordres-militaires\/","title":{"rendered":"TERRE DES ORDRES MILITAIRES"},"content":{"rendered":"\t\t<div data-elementor-type=\"wp-page\" data-elementor-id=\"14755\" class=\"elementor elementor-14755 elementor-12514\" data-elementor-post-type=\"page\">\n\t\t\t\t\t\t<section class=\"elementor-section elementor-top-section elementor-element elementor-element-f98cf9f elementor-section-content-middle elementor-section-boxed elementor-section-height-default elementor-section-height-default qodef-elementor-content-no qodef-elementor-stretch-row-no\" data-id=\"f98cf9f\" data-element_type=\"section\" data-e-type=\"section\">\n\t\t\t\t\t\t<div class=\"elementor-container elementor-column-gap-extended\">\n\t\t\t\t\t<div class=\"elementor-column elementor-col-50 elementor-top-column elementor-element elementor-element-8e1f9c1\" data-id=\"8e1f9c1\" data-element_type=\"column\" data-e-type=\"column\">\n\t\t\t<div class=\"elementor-widget-wrap elementor-element-populated\">\n\t\t\t\t\t\t<div class=\"elementor-element elementor-element-2e55352 elementor-widget elementor-widget-text-editor\" data-id=\"2e55352\" data-element_type=\"widget\" data-e-type=\"widget\" data-widget_type=\"text-editor.default\">\n\t\t\t\t<div class=\"elementor-widget-container\">\n\t\t\t\t\t\t\t\t\t<p><em>Nous sommes une Terre d&rsquo;Ordres Militaires <\/em><\/p><p>Le concept de Moine-Soldat atteindra la P\u00e9ninsule Ib\u00e9rique depuis la Terre Sainte. A partir du XIIe si\u00e8cle surgiront les Ordres Militaires Espagnols qui seront r\u00e9compens\u00e9s par les rois avec de grandes donations de territoires o\u00f9 des ch\u00e2teaux et des <em><i>b\u00e2timents d\u00e9fensifs seront construits.<\/i><\/em> <\/p><p><em><i>Profitez d&rsquo;une visite de diff\u00e9rentes villes de la r\u00e9gion pour en savoir plus sur la vie de ces chevaliers m\u00e9di\u00e9vaux.<\/i><\/em><\/p>\t\t\t\t\t\t\t\t<\/div>\n\t\t\t\t<\/div>\n\t\t\t\t\t<\/div>\n\t\t<\/div>\n\t\t\t\t<div class=\"elementor-column elementor-col-50 elementor-top-column elementor-element elementor-element-ee59633\" data-id=\"ee59633\" data-element_type=\"column\" data-e-type=\"column\">\n\t\t\t<div class=\"elementor-widget-wrap elementor-element-populated\">\n\t\t\t\t\t\t<div class=\"elementor-element elementor-element-f761a23 elementor-widget elementor-widget-gallery\" data-id=\"f761a23\" data-element_type=\"widget\" data-e-type=\"widget\" data-settings=\"{&quot;gallery_layout&quot;:&quot;masonry&quot;,&quot;columns&quot;:3,&quot;lazyload&quot;:&quot;yes&quot;,&quot;columns_tablet&quot;:2,&quot;columns_mobile&quot;:1,&quot;gap&quot;:{&quot;unit&quot;:&quot;px&quot;,&quot;size&quot;:10,&quot;sizes&quot;:[]},&quot;gap_tablet&quot;:{&quot;unit&quot;:&quot;px&quot;,&quot;size&quot;:10,&quot;sizes&quot;:[]},&quot;gap_mobile&quot;:{&quot;unit&quot;:&quot;px&quot;,&quot;size&quot;:10,&quot;sizes&quot;:[]},&quot;link_to&quot;:&quot;file&quot;,&quot;overlay_background&quot;:&quot;yes&quot;,&quot;content_hover_animation&quot;:&quot;fade-in&quot;}\" data-widget_type=\"gallery.default\">\n\t\t\t\t<div class=\"elementor-widget-container\">\n\t\t\t\t\t\t\t<div class=\"elementor-gallery__container\">\n\t\t\t\t\t\t\t<a class=\"e-gallery-item elementor-gallery-item elementor-animated-content\" href=\"https:\/\/lamanchaturismo.es\/wp-content\/uploads\/2022\/07\/19.-dentro-de-Ordenes-Militares-Batalla-Alarcos.jpg\" data-elementor-open-lightbox=\"yes\" data-elementor-lightbox-slideshow=\"f761a23\" data-elementor-lightbox-title=\"Tierra de \u00d3rdenes Militares\" data-e-action-hash=\"#elementor-action%3Aaction%3Dlightbox%26settings%3DeyJpZCI6MTUyMjYsInVybCI6Imh0dHBzOlwvXC9sYW1hbmNoYXR1cmlzbW8uZXNcL3dwLWNvbnRlbnRcL3VwbG9hZHNcLzIwMjJcLzA3XC8xOS4tZGVudHJvLWRlLU9yZGVuZXMtTWlsaXRhcmVzLUJhdGFsbGEtQWxhcmNvcy5qcGciLCJzbGlkZXNob3ciOiJmNzYxYTIzIn0%3D\">\n\t\t\t\t\t<div class=\"e-gallery-image elementor-gallery-item__image\" data-thumbnail=\"https:\/\/lamanchaturismo.es\/wp-content\/uploads\/2022\/07\/19.-dentro-de-Ordenes-Militares-Batalla-Alarcos-300x283.jpg\" data-width=\"300\" data-height=\"283\" aria-label=\"Durante la Reconquista, nuestra Tierra fue frontera entre los Reinos cristianos y musulmanes. Se van cediendo territorios a estos Caballeros para defenderlos y repoblarlos\" role=\"img\" ><\/div>\n\t\t\t\t\t\t\t\t\t\t\t<div class=\"elementor-gallery-item__overlay\"><\/div>\n\t\t\t\t\t\t\t\t\t\t\t\t\t\t<\/a>\n\t\t\t\t\t\t\t<a class=\"e-gallery-item elementor-gallery-item elementor-animated-content\" href=\"https:\/\/lamanchaturismo.es\/wp-content\/uploads\/2022\/07\/19.Calatrava-la-Nueva-02.jpg\" data-elementor-open-lightbox=\"yes\" data-elementor-lightbox-slideshow=\"f761a23\" data-elementor-lightbox-title=\"Calatrava la Nueva\" data-e-action-hash=\"#elementor-action%3Aaction%3Dlightbox%26settings%3DeyJpZCI6MTUyMzIsInVybCI6Imh0dHBzOlwvXC9sYW1hbmNoYXR1cmlzbW8uZXNcL3dwLWNvbnRlbnRcL3VwbG9hZHNcLzIwMjJcLzA3XC8xOS5DYWxhdHJhdmEtbGEtTnVldmEtMDIuanBnIiwic2xpZGVzaG93IjoiZjc2MWEyMyJ9\">\n\t\t\t\t\t<div class=\"e-gallery-image elementor-gallery-item__image\" data-thumbnail=\"https:\/\/lamanchaturismo.es\/wp-content\/uploads\/2022\/07\/19.Calatrava-la-Nueva-02-221x300.jpg\" data-width=\"221\" data-height=\"300\" aria-label=\"\" role=\"img\" ><\/div>\n\t\t\t\t\t\t\t\t\t\t\t<div class=\"elementor-gallery-item__overlay\"><\/div>\n\t\t\t\t\t\t\t\t\t\t\t\t\t\t<\/a>\n\t\t\t\t\t\t\t<a class=\"e-gallery-item elementor-gallery-item elementor-animated-content\" href=\"https:\/\/lamanchaturismo.es\/wp-content\/uploads\/2022\/07\/19.calatravalavieja.jpg\" data-elementor-open-lightbox=\"yes\" data-elementor-lightbox-slideshow=\"f761a23\" data-elementor-lightbox-title=\"Calatrava la Vieja\" data-e-action-hash=\"#elementor-action%3Aaction%3Dlightbox%26settings%3DeyJpZCI6MTUyMzUsInVybCI6Imh0dHBzOlwvXC9sYW1hbmNoYXR1cmlzbW8uZXNcL3dwLWNvbnRlbnRcL3VwbG9hZHNcLzIwMjJcLzA3XC8xOS5jYWxhdHJhdmFsYXZpZWphLmpwZyIsInNsaWRlc2hvdyI6ImY3NjFhMjMifQ%3D%3D\">\n\t\t\t\t\t<div class=\"e-gallery-image elementor-gallery-item__image\" data-thumbnail=\"https:\/\/lamanchaturismo.es\/wp-content\/uploads\/2022\/07\/19.calatravalavieja-300x169.jpg\" data-width=\"300\" data-height=\"169\" aria-label=\"\" role=\"img\" ><\/div>\n\t\t\t\t\t\t\t\t\t\t\t<div class=\"elementor-gallery-item__overlay\"><\/div>\n\t\t\t\t\t\t\t\t\t\t\t\t\t\t<\/a>\n\t\t\t\t\t\t\t<a class=\"e-gallery-item elementor-gallery-item elementor-animated-content\" href=\"https:\/\/lamanchaturismo.es\/wp-content\/uploads\/2022\/07\/19.CASTILLO-DE-CONSUEGRA-768x401-1.jpg\" data-elementor-open-lightbox=\"yes\" data-elementor-lightbox-slideshow=\"f761a23\" data-elementor-lightbox-title=\"Consuegra.\" data-e-action-hash=\"#elementor-action%3Aaction%3Dlightbox%26settings%3DeyJpZCI6MTUyMzgsInVybCI6Imh0dHBzOlwvXC9sYW1hbmNoYXR1cmlzbW8uZXNcL3dwLWNvbnRlbnRcL3VwbG9hZHNcLzIwMjJcLzA3XC8xOS5DQVNUSUxMTy1ERS1DT05TVUVHUkEtNzY4eDQwMS0xLmpwZyIsInNsaWRlc2hvdyI6ImY3NjFhMjMifQ%3D%3D\">\n\t\t\t\t\t<div class=\"e-gallery-image elementor-gallery-item__image\" data-thumbnail=\"https:\/\/lamanchaturismo.es\/wp-content\/uploads\/2022\/07\/19.CASTILLO-DE-CONSUEGRA-768x401-1-300x157.jpg\" data-width=\"300\" data-height=\"157\" aria-label=\"\" role=\"img\" ><\/div>\n\t\t\t\t\t\t\t\t\t\t\t<div class=\"elementor-gallery-item__overlay\"><\/div>\n\t\t\t\t\t\t\t\t\t\t\t\t\t\t<\/a>\n\t\t\t\t\t\t\t<a class=\"e-gallery-item elementor-gallery-item elementor-animated-content\" href=\"https:\/\/lamanchaturismo.es\/wp-content\/uploads\/2022\/07\/19.Ciudad-Real-06.jpg\" data-elementor-open-lightbox=\"yes\" data-elementor-lightbox-slideshow=\"f761a23\" data-elementor-lightbox-title=\"Catedral de Ciudad Real\" data-e-action-hash=\"#elementor-action%3Aaction%3Dlightbox%26settings%3DeyJpZCI6MTUyNDEsInVybCI6Imh0dHBzOlwvXC9sYW1hbmNoYXR1cmlzbW8uZXNcL3dwLWNvbnRlbnRcL3VwbG9hZHNcLzIwMjJcLzA3XC8xOS5DaXVkYWQtUmVhbC0wNi5qcGciLCJzbGlkZXNob3ciOiJmNzYxYTIzIn0%3D\">\n\t\t\t\t\t<div class=\"e-gallery-image elementor-gallery-item__image\" data-thumbnail=\"https:\/\/lamanchaturismo.es\/wp-content\/uploads\/2022\/07\/19.Ciudad-Real-06-221x300.jpg\" data-width=\"221\" data-height=\"300\" aria-label=\"\" role=\"img\" ><\/div>\n\t\t\t\t\t\t\t\t\t\t\t<div class=\"elementor-gallery-item__overlay\"><\/div>\n\t\t\t\t\t\t\t\t\t\t\t\t\t\t<\/a>\n\t\t\t\t\t\t\t<a class=\"e-gallery-item elementor-gallery-item elementor-animated-content\" href=\"https:\/\/lamanchaturismo.es\/wp-content\/uploads\/2022\/07\/19.cuartel-orden-santiago.jpg\" data-elementor-open-lightbox=\"yes\" data-elementor-lightbox-slideshow=\"f761a23\" data-elementor-lightbox-title=\"Villanueva de los Infantes.\" data-e-action-hash=\"#elementor-action%3Aaction%3Dlightbox%26settings%3DeyJpZCI6MTUyNDQsInVybCI6Imh0dHBzOlwvXC9sYW1hbmNoYXR1cmlzbW8uZXNcL3dwLWNvbnRlbnRcL3VwbG9hZHNcLzIwMjJcLzA3XC8xOS5jdWFydGVsLW9yZGVuLXNhbnRpYWdvLmpwZyIsInNsaWRlc2hvdyI6ImY3NjFhMjMifQ%3D%3D\">\n\t\t\t\t\t<div class=\"e-gallery-image elementor-gallery-item__image\" data-thumbnail=\"https:\/\/lamanchaturismo.es\/wp-content\/uploads\/2022\/07\/19.cuartel-orden-santiago-300x293.jpg\" data-width=\"300\" data-height=\"293\" aria-label=\"\" role=\"img\" ><\/div>\n\t\t\t\t\t\t\t\t\t\t\t<div class=\"elementor-gallery-item__overlay\"><\/div>\n\t\t\t\t\t\t\t\t\t\t\t\t\t\t<\/a>\n\t\t\t\t\t<\/div>\n\t\t\t\t\t<\/div>\n\t\t\t\t<\/div>\n\t\t\t\t\t<\/div>\n\t\t<\/div>\n\t\t\t\t\t<\/div>\n\t\t<\/section>\n\t\t\t\t<\/div>\n\t\t","protected":false},"excerpt":{"rendered":"<p>Nous sommes une Terre d&rsquo;Ordres Militaires Le concept de Moine-Soldat atteindra la P\u00e9ninsule Ib\u00e9rique depuis la Terre Sainte. A partir du XIIe si\u00e8cle surgiront les Ordres Militaires Espagnols qui seront r\u00e9compens\u00e9s par les rois avec de grandes donations de territoires o\u00f9 des ch\u00e2teaux et des b\u00e2timents d\u00e9fensifs seront construits. Profitez d&rsquo;une visite de diff\u00e9rentes villes [&hellip;]<\/p>\n","protected":false},"author":2,"featured_media":0,"parent":14741,"menu_order":0,"comment_status":"closed","ping_status":"closed","template":"","meta":{"footnotes":""},"class_list":["post-14755","page","type-page","status-publish","hentry"],"yoast_head":"<!-- This site is optimized with the Yoast SEO plugin v27.0 - https:\/\/yoast.com\/product\/yoast-seo-wordpress\/ -->\n<title>TERRE DES ORDRES MILITAIRES - La Mancha Turismo<\/title>\n<meta name=\"robots\" content=\"index, follow, max-snippet:-1, max-image-preview:large, max-video-preview:-1\" \/>\n<link rel=\"canonical\" href=\"https:\/\/lamanchaturismo.es\/fr\/de-lart\/palais-et-chateaux\/terre-des-ordres-militaires\/\" \/>\n<meta property=\"og:locale\" content=\"fr_FR\" \/>\n<meta property=\"og:type\" content=\"article\" \/>\n<meta property=\"og:title\" content=\"TERRE DES ORDRES MILITAIRES - La Mancha Turismo\" \/>\n<meta property=\"og:description\" content=\"Nous sommes une Terre d&rsquo;Ordres Militaires Le concept de Moine-Soldat atteindra la P\u00e9ninsule Ib\u00e9rique depuis la Terre Sainte. A partir du XIIe si\u00e8cle surgiront les Ordres Militaires Espagnols qui seront r\u00e9compens\u00e9s par les rois avec de grandes donations de territoires o\u00f9 des ch\u00e2teaux et des b\u00e2timents d\u00e9fensifs seront construits. Profitez d&rsquo;une visite de diff\u00e9rentes villes [&hellip;]\" \/>\n<meta property=\"og:url\" content=\"https:\/\/lamanchaturismo.es\/fr\/de-lart\/palais-et-chateaux\/terre-des-ordres-militaires\/\" \/>\n<meta property=\"og:site_name\" content=\"La Mancha Turismo\" \/>\n<meta property=\"article:modified_time\" content=\"2022-08-10T15:15:42+00:00\" \/>\n<meta name=\"twitter:card\" content=\"summary_large_image\" \/>\n<script type=\"application\/ld+json\" class=\"yoast-schema-graph\">{\"@context\":\"https:\/\/schema.org\",\"@graph\":[{\"@type\":\"WebPage\",\"@id\":\"https:\/\/lamanchaturismo.es\/fr\/de-lart\/palais-et-chateaux\/terre-des-ordres-militaires\/\",\"url\":\"https:\/\/lamanchaturismo.es\/fr\/de-lart\/palais-et-chateaux\/terre-des-ordres-militaires\/\",\"name\":\"TERRE DES ORDRES MILITAIRES - La Mancha Turismo\",\"isPartOf\":{\"@id\":\"https:\/\/lamanchaturismo.es\/fr\/#website\"},\"datePublished\":\"2022-04-27T13:48:28+00:00\",\"dateModified\":\"2022-08-10T15:15:42+00:00\",\"breadcrumb\":{\"@id\":\"https:\/\/lamanchaturismo.es\/fr\/de-lart\/palais-et-chateaux\/terre-des-ordres-militaires\/#breadcrumb\"},\"inLanguage\":\"fr-FR\",\"potentialAction\":[{\"@type\":\"ReadAction\",\"target\":[\"https:\/\/lamanchaturismo.es\/fr\/de-lart\/palais-et-chateaux\/terre-des-ordres-militaires\/\"]}]},{\"@type\":\"BreadcrumbList\",\"@id\":\"https:\/\/lamanchaturismo.es\/fr\/de-lart\/palais-et-chateaux\/terre-des-ordres-militaires\/#breadcrumb\",\"itemListElement\":[{\"@type\":\"ListItem\",\"position\":1,\"name\":\"HOME\",\"item\":\"https:\/\/lamanchaturismo.es\/fr\/home\/\"},{\"@type\":\"ListItem\",\"position\":2,\"name\":\"DE L\u00b4aRT\",\"item\":\"https:\/\/lamanchaturismo.es\/fr\/de-lart\/\"},{\"@type\":\"ListItem\",\"position\":3,\"name\":\"PALAIS ET CH\u00c2TEAUX.\",\"item\":\"https:\/\/lamanchaturismo.es\/fr\/de-lart\/palais-et-chateaux\/\"},{\"@type\":\"ListItem\",\"position\":4,\"name\":\"TERRE DES ORDRES MILITAIRES\"}]},{\"@type\":\"WebSite\",\"@id\":\"https:\/\/lamanchaturismo.es\/fr\/#website\",\"url\":\"https:\/\/lamanchaturismo.es\/fr\/\",\"name\":\"La Mancha Turismo\",\"description\":\"CRISTINA, TU GU\u00cdA OFICIAL DE TURISMO\",\"potentialAction\":[{\"@type\":\"SearchAction\",\"target\":{\"@type\":\"EntryPoint\",\"urlTemplate\":\"https:\/\/lamanchaturismo.es\/fr\/?s={search_term_string}\"},\"query-input\":{\"@type\":\"PropertyValueSpecification\",\"valueRequired\":true,\"valueName\":\"search_term_string\"}}],\"inLanguage\":\"fr-FR\"}]}<\/script>\n<!-- \/ Yoast SEO plugin. -->","yoast_head_json":{"title":"TERRE DES ORDRES MILITAIRES - La Mancha Turismo","robots":{"index":"index","follow":"follow","max-snippet":"max-snippet:-1","max-image-preview":"max-image-preview:large","max-video-preview":"max-video-preview:-1"},"canonical":"https:\/\/lamanchaturismo.es\/fr\/de-lart\/palais-et-chateaux\/terre-des-ordres-militaires\/","og_locale":"fr_FR","og_type":"article","og_title":"TERRE DES ORDRES MILITAIRES - La Mancha Turismo","og_description":"Nous sommes une Terre d&rsquo;Ordres Militaires Le concept de Moine-Soldat atteindra la P\u00e9ninsule Ib\u00e9rique depuis la Terre Sainte. A partir du XIIe si\u00e8cle surgiront les Ordres Militaires Espagnols qui seront r\u00e9compens\u00e9s par les rois avec de grandes donations de territoires o\u00f9 des ch\u00e2teaux et des b\u00e2timents d\u00e9fensifs seront construits. Profitez d&rsquo;une visite de diff\u00e9rentes villes [&hellip;]","og_url":"https:\/\/lamanchaturismo.es\/fr\/de-lart\/palais-et-chateaux\/terre-des-ordres-militaires\/","og_site_name":"La Mancha Turismo","article_modified_time":"2022-08-10T15:15:42+00:00","twitter_card":"summary_large_image","schema":{"@context":"https:\/\/schema.org","@graph":[{"@type":"WebPage","@id":"https:\/\/lamanchaturismo.es\/fr\/de-lart\/palais-et-chateaux\/terre-des-ordres-militaires\/","url":"https:\/\/lamanchaturismo.es\/fr\/de-lart\/palais-et-chateaux\/terre-des-ordres-militaires\/","name":"TERRE DES ORDRES MILITAIRES - La Mancha Turismo","isPartOf":{"@id":"https:\/\/lamanchaturismo.es\/fr\/#website"},"datePublished":"2022-04-27T13:48:28+00:00","dateModified":"2022-08-10T15:15:42+00:00","breadcrumb":{"@id":"https:\/\/lamanchaturismo.es\/fr\/de-lart\/palais-et-chateaux\/terre-des-ordres-militaires\/#breadcrumb"},"inLanguage":"fr-FR","potentialAction":[{"@type":"ReadAction","target":["https:\/\/lamanchaturismo.es\/fr\/de-lart\/palais-et-chateaux\/terre-des-ordres-militaires\/"]}]},{"@type":"BreadcrumbList","@id":"https:\/\/lamanchaturismo.es\/fr\/de-lart\/palais-et-chateaux\/terre-des-ordres-militaires\/#breadcrumb","itemListElement":[{"@type":"ListItem","position":1,"name":"HOME","item":"https:\/\/lamanchaturismo.es\/fr\/home\/"},{"@type":"ListItem","position":2,"name":"DE L\u00b4aRT","item":"https:\/\/lamanchaturismo.es\/fr\/de-lart\/"},{"@type":"ListItem","position":3,"name":"PALAIS ET CH\u00c2TEAUX.","item":"https:\/\/lamanchaturismo.es\/fr\/de-lart\/palais-et-chateaux\/"},{"@type":"ListItem","position":4,"name":"TERRE DES ORDRES MILITAIRES"}]},{"@type":"WebSite","@id":"https:\/\/lamanchaturismo.es\/fr\/#website","url":"https:\/\/lamanchaturismo.es\/fr\/","name":"La Mancha Turismo","description":"CRISTINA, TU GU\u00cdA OFICIAL DE TURISMO","potentialAction":[{"@type":"SearchAction","target":{"@type":"EntryPoint","urlTemplate":"https:\/\/lamanchaturismo.es\/fr\/?s={search_term_string}"},"query-input":{"@type":"PropertyValueSpecification","valueRequired":true,"valueName":"search_term_string"}}],"inLanguage":"fr-FR"}]}},"_links":{"self":[{"href":"https:\/\/lamanchaturismo.es\/fr\/wp-json\/wp\/v2\/pages\/14755","targetHints":{"allow":["GET"]}}],"collection":[{"href":"https:\/\/lamanchaturismo.es\/fr\/wp-json\/wp\/v2\/pages"}],"about":[{"href":"https:\/\/lamanchaturismo.es\/fr\/wp-json\/wp\/v2\/types\/page"}],"author":[{"embeddable":true,"href":"https:\/\/lamanchaturismo.es\/fr\/wp-json\/wp\/v2\/users\/2"}],"replies":[{"embeddable":true,"href":"https:\/\/lamanchaturismo.es\/fr\/wp-json\/wp\/v2\/comments?post=14755"}],"version-history":[{"count":6,"href":"https:\/\/lamanchaturismo.es\/fr\/wp-json\/wp\/v2\/pages\/14755\/revisions"}],"predecessor-version":[{"id":15896,"href":"https:\/\/lamanchaturismo.es\/fr\/wp-json\/wp\/v2\/pages\/14755\/revisions\/15896"}],"up":[{"embeddable":true,"href":"https:\/\/lamanchaturismo.es\/fr\/wp-json\/wp\/v2\/pages\/14741"}],"wp:attachment":[{"href":"https:\/\/lamanchaturismo.es\/fr\/wp-json\/wp\/v2\/media?parent=14755"}],"curies":[{"name":"wp","href":"https:\/\/api.w.org\/{rel}","templated":true}]}}