{"id":14732,"date":"2022-04-27T15:06:42","date_gmt":"2022-04-27T13:06:42","guid":{"rendered":"https:\/\/lamanchaturismo.es\/de-lart\/les-plus-beaux-villages-despagne\/almagro\/"},"modified":"2022-12-02T14:29:35","modified_gmt":"2022-12-02T13:29:35","slug":"almagro","status":"publish","type":"page","link":"https:\/\/lamanchaturismo.es\/fr\/de-lart\/les-plus-beaux-villages-despagne\/almagro\/","title":{"rendered":"ALMAGRO"},"content":{"rendered":"\t\t<div data-elementor-type=\"wp-page\" data-elementor-id=\"14732\" class=\"elementor elementor-14732 elementor-12460\" data-elementor-post-type=\"page\">\n\t\t\t\t\t\t<section class=\"elementor-section elementor-top-section elementor-element elementor-element-6b9786e elementor-section-full_width elementor-section-stretched elementor-section-height-default elementor-section-height-default qodef-elementor-content-no qodef-elementor-stretch-row-no\" data-id=\"6b9786e\" data-element_type=\"section\" data-e-type=\"section\" data-settings=\"{&quot;stretch_section&quot;:&quot;section-stretched&quot;}\">\n\t\t\t\t\t\t<div class=\"elementor-container elementor-column-gap-no\">\n\t\t\t\t\t<div class=\"elementor-column elementor-col-100 elementor-top-column elementor-element elementor-element-cc2139a\" data-id=\"cc2139a\" data-element_type=\"column\" data-e-type=\"column\">\n\t\t\t<div class=\"elementor-widget-wrap elementor-element-populated\">\n\t\t\t\t\t\t<div class=\"elementor-element elementor-element-90b06b3 elementor-widget elementor-widget-video\" data-id=\"90b06b3\" data-element_type=\"widget\" data-e-type=\"widget\" data-settings=\"{&quot;video_type&quot;:&quot;hosted&quot;,&quot;loop&quot;:&quot;yes&quot;,&quot;controls&quot;:&quot;yes&quot;}\" data-widget_type=\"video.default\">\n\t\t\t\t<div class=\"elementor-widget-container\">\n\t\t\t\t\t\t\t<div class=\"e-hosted-video elementor-wrapper elementor-open-inline\">\n\t\t\t\t\t<video class=\"elementor-video\" src=\"https:\/\/lamanchaturismo.es\/wp-content\/uploads\/2022\/05\/ALMAGRO-logo.mp4\" loop=\"\" controls=\"\" preload=\"metadata\" controlsList=\"nodownload\"><\/video>\n\t\t\t\t<\/div>\n\t\t\t\t\t\t<\/div>\n\t\t\t\t<\/div>\n\t\t\t\t\t<\/div>\n\t\t<\/div>\n\t\t\t\t\t<\/div>\n\t\t<\/section>\n\t\t\t\t<section class=\"elementor-section elementor-top-section elementor-element elementor-element-be90cc8 elementor-section-boxed elementor-section-height-default elementor-section-height-default qodef-elementor-content-no qodef-elementor-stretch-row-no\" data-id=\"be90cc8\" data-element_type=\"section\" data-e-type=\"section\">\n\t\t\t\t\t\t<div class=\"elementor-container elementor-column-gap-default\">\n\t\t\t\t\t<div class=\"elementor-column elementor-col-100 elementor-top-column elementor-element elementor-element-a7d7391\" data-id=\"a7d7391\" data-element_type=\"column\" data-e-type=\"column\">\n\t\t\t<div class=\"elementor-widget-wrap elementor-element-populated\">\n\t\t\t\t\t\t<div class=\"elementor-element elementor-element-dfb691e elementor-align-center elementor-widget elementor-widget-breadcrumbs\" data-id=\"dfb691e\" data-element_type=\"widget\" data-e-type=\"widget\" data-widget_type=\"breadcrumbs.default\">\n\t\t\t\t<div class=\"elementor-widget-container\">\n\t\t\t\t\t<p id=\"breadcrumbs\"><span><span><a href=\"https:\/\/lamanchaturismo.es\/fr\/home\/\">HOME<\/a><\/span><\/span><\/p>\t\t\t\t<\/div>\n\t\t\t\t<\/div>\n\t\t\t\t<div class=\"elementor-element elementor-element-b2f125c elementor-widget elementor-widget-spacer\" data-id=\"b2f125c\" data-element_type=\"widget\" data-e-type=\"widget\" data-widget_type=\"spacer.default\">\n\t\t\t\t<div class=\"elementor-widget-container\">\n\t\t\t\t\t\t\t<div class=\"elementor-spacer\">\n\t\t\t<div class=\"elementor-spacer-inner\"><\/div>\n\t\t<\/div>\n\t\t\t\t\t\t<\/div>\n\t\t\t\t<\/div>\n\t\t\t\t\t<\/div>\n\t\t<\/div>\n\t\t\t\t\t<\/div>\n\t\t<\/section>\n\t\t\t\t<section class=\"elementor-section elementor-top-section elementor-element elementor-element-f98cf9f elementor-section-content-middle elementor-section-boxed elementor-section-height-default elementor-section-height-default qodef-elementor-content-no qodef-elementor-stretch-row-no\" data-id=\"f98cf9f\" data-element_type=\"section\" data-e-type=\"section\">\n\t\t\t\t\t\t<div class=\"elementor-container elementor-column-gap-extended\">\n\t\t\t\t\t<div class=\"elementor-column elementor-col-100 elementor-top-column elementor-element elementor-element-8e1f9c1\" data-id=\"8e1f9c1\" data-element_type=\"column\" data-e-type=\"column\">\n\t\t\t<div class=\"elementor-widget-wrap elementor-element-populated\">\n\t\t\t\t\t\t<div class=\"elementor-element elementor-element-2e55352 elementor-widget elementor-widget-text-editor\" data-id=\"2e55352\" data-element_type=\"widget\" data-e-type=\"widget\" data-widget_type=\"text-editor.default\">\n\t\t\t\t<div class=\"elementor-widget-container\">\n\t\t\t\t\t\t\t\t\t<p><em>Le monde entier est un th\u00e9\u00e2tre.<\/em><\/p>\n<p>Un des plus beaux villages de La Mancha.<\/p>\n<p>Une promenade \u00e0 travers l&rsquo;Histoire de l&rsquo;Art gr\u00e2ce \u00e0 de magnifiques places, des Palais orn\u00e9s d&rsquo;armoiries, des \u00e9glises et des coins de r\u00eave.<\/p>\n<p>Almagro est une fen\u00eatre ouverte sur l&rsquo;univers du th\u00e9\u00e2tre et c&rsquo;est ici que l&rsquo;on trouve le Mus\u00e9e National du Th\u00e9\u00e2tre ainsi que le seul \u00ab\u00a0Corral de Comedias\u00a0\u00bb du Si\u00e8cle d&rsquo;or espagnol qui existe encore aujourd&rsquo;hui.<\/p>\n\t\t\t\t\t\t\t\t<\/div>\n\t\t\t\t<\/div>\n\t\t\t\t\t<\/div>\n\t\t<\/div>\n\t\t\t\t\t<\/div>\n\t\t<\/section>\n\t\t\t\t<section class=\"elementor-section elementor-top-section elementor-element elementor-element-021dcf1 elementor-section-boxed elementor-section-height-default elementor-section-height-default qodef-elementor-content-no qodef-elementor-stretch-row-no\" data-id=\"021dcf1\" data-element_type=\"section\" data-e-type=\"section\">\n\t\t\t\t\t\t<div class=\"elementor-container elementor-column-gap-default\">\n\t\t\t\t\t<div class=\"elementor-column elementor-col-100 elementor-top-column elementor-element elementor-element-f559cc8\" data-id=\"f559cc8\" data-element_type=\"column\" data-e-type=\"column\">\n\t\t\t<div class=\"elementor-widget-wrap\">\n\t\t\t\t\t\t\t<\/div>\n\t\t<\/div>\n\t\t\t\t\t<\/div>\n\t\t<\/section>\n\t\t\t\t<\/div>\n\t\t","protected":false},"excerpt":{"rendered":"<p>https:\/\/lamanchaturismo.es\/wp-content\/uploads\/2022\/05\/ALMAGRO-logo.mp4 Le monde entier est un th\u00e9\u00e2tre. Un des plus beaux villages de La Mancha. Une promenade \u00e0 travers l&rsquo;Histoire de l&rsquo;Art gr\u00e2ce \u00e0 de magnifiques places, des Palais orn\u00e9s d&rsquo;armoiries, des \u00e9glises et des coins de r\u00eave. Almagro est une fen\u00eatre ouverte sur l&rsquo;univers du th\u00e9\u00e2tre et c&rsquo;est ici que l&rsquo;on trouve le Mus\u00e9e [&hellip;]<\/p>\n","protected":false},"author":2,"featured_media":0,"parent":14726,"menu_order":0,"comment_status":"closed","ping_status":"closed","template":"","meta":{"footnotes":""},"class_list":["post-14732","page","type-page","status-publish","hentry"],"yoast_head":"<!-- This site is optimized with the Yoast SEO plugin v27.0 - https:\/\/yoast.com\/product\/yoast-seo-wordpress\/ -->\n<title>ALMAGRO - La Mancha Turismo<\/title>\n<meta name=\"robots\" content=\"index, follow, max-snippet:-1, max-image-preview:large, max-video-preview:-1\" \/>\n<link rel=\"canonical\" href=\"https:\/\/lamanchaturismo.es\/fr\/de-lart\/les-plus-beaux-villages-despagne\/almagro\/\" \/>\n<meta property=\"og:locale\" content=\"fr_FR\" \/>\n<meta property=\"og:type\" content=\"article\" \/>\n<meta property=\"og:title\" content=\"ALMAGRO - La Mancha Turismo\" \/>\n<meta property=\"og:description\" content=\"https:\/\/lamanchaturismo.es\/wp-content\/uploads\/2022\/05\/ALMAGRO-logo.mp4 Le monde entier est un th\u00e9\u00e2tre. Un des plus beaux villages de La Mancha. Une promenade \u00e0 travers l&rsquo;Histoire de l&rsquo;Art gr\u00e2ce \u00e0 de magnifiques places, des Palais orn\u00e9s d&rsquo;armoiries, des \u00e9glises et des coins de r\u00eave. Almagro est une fen\u00eatre ouverte sur l&rsquo;univers du th\u00e9\u00e2tre et c&rsquo;est ici que l&rsquo;on trouve le Mus\u00e9e [&hellip;]\" \/>\n<meta property=\"og:url\" content=\"https:\/\/lamanchaturismo.es\/fr\/de-lart\/les-plus-beaux-villages-despagne\/almagro\/\" \/>\n<meta property=\"og:site_name\" content=\"La Mancha Turismo\" \/>\n<meta property=\"article:modified_time\" content=\"2022-12-02T13:29:35+00:00\" \/>\n<meta name=\"twitter:card\" content=\"summary_large_image\" \/>\n<meta name=\"twitter:label1\" content=\"Dur\u00e9e de lecture estim\u00e9e\" \/>\n\t<meta name=\"twitter:data1\" content=\"1 minute\" \/>\n<script type=\"application\/ld+json\" class=\"yoast-schema-graph\">{\"@context\":\"https:\/\/schema.org\",\"@graph\":[{\"@type\":\"WebPage\",\"@id\":\"https:\/\/lamanchaturismo.es\/fr\/de-lart\/les-plus-beaux-villages-despagne\/almagro\/\",\"url\":\"https:\/\/lamanchaturismo.es\/fr\/de-lart\/les-plus-beaux-villages-despagne\/almagro\/\",\"name\":\"ALMAGRO - La Mancha Turismo\",\"isPartOf\":{\"@id\":\"https:\/\/lamanchaturismo.es\/fr\/#website\"},\"datePublished\":\"2022-04-27T13:06:42+00:00\",\"dateModified\":\"2022-12-02T13:29:35+00:00\",\"breadcrumb\":{\"@id\":\"https:\/\/lamanchaturismo.es\/fr\/de-lart\/les-plus-beaux-villages-despagne\/almagro\/#breadcrumb\"},\"inLanguage\":\"fr-FR\",\"potentialAction\":[{\"@type\":\"ReadAction\",\"target\":[\"https:\/\/lamanchaturismo.es\/fr\/de-lart\/les-plus-beaux-villages-despagne\/almagro\/\"]}]},{\"@type\":\"BreadcrumbList\",\"@id\":\"https:\/\/lamanchaturismo.es\/fr\/de-lart\/les-plus-beaux-villages-despagne\/almagro\/#breadcrumb\",\"itemListElement\":[{\"@type\":\"ListItem\",\"position\":1,\"name\":\"HOME\",\"item\":\"https:\/\/lamanchaturismo.es\/fr\/home\/\"},{\"@type\":\"ListItem\",\"position\":2,\"name\":\"DE L\u00b4aRT\",\"item\":\"https:\/\/lamanchaturismo.es\/fr\/de-lart\/\"},{\"@type\":\"ListItem\",\"position\":3,\"name\":\"LES PLUS BEAUX VILLAGES D&#8217;ESPAGNE\",\"item\":\"https:\/\/lamanchaturismo.es\/fr\/de-lart\/les-plus-beaux-villages-despagne\/\"},{\"@type\":\"ListItem\",\"position\":4,\"name\":\"ALMAGRO\"}]},{\"@type\":\"WebSite\",\"@id\":\"https:\/\/lamanchaturismo.es\/fr\/#website\",\"url\":\"https:\/\/lamanchaturismo.es\/fr\/\",\"name\":\"La Mancha Turismo\",\"description\":\"CRISTINA, TU GU\u00cdA OFICIAL DE TURISMO\",\"potentialAction\":[{\"@type\":\"SearchAction\",\"target\":{\"@type\":\"EntryPoint\",\"urlTemplate\":\"https:\/\/lamanchaturismo.es\/fr\/?s={search_term_string}\"},\"query-input\":{\"@type\":\"PropertyValueSpecification\",\"valueRequired\":true,\"valueName\":\"search_term_string\"}}],\"inLanguage\":\"fr-FR\"}]}<\/script>\n<!-- \/ Yoast SEO plugin. -->","yoast_head_json":{"title":"ALMAGRO - La Mancha Turismo","robots":{"index":"index","follow":"follow","max-snippet":"max-snippet:-1","max-image-preview":"max-image-preview:large","max-video-preview":"max-video-preview:-1"},"canonical":"https:\/\/lamanchaturismo.es\/fr\/de-lart\/les-plus-beaux-villages-despagne\/almagro\/","og_locale":"fr_FR","og_type":"article","og_title":"ALMAGRO - La Mancha Turismo","og_description":"https:\/\/lamanchaturismo.es\/wp-content\/uploads\/2022\/05\/ALMAGRO-logo.mp4 Le monde entier est un th\u00e9\u00e2tre. Un des plus beaux villages de La Mancha. Une promenade \u00e0 travers l&rsquo;Histoire de l&rsquo;Art gr\u00e2ce \u00e0 de magnifiques places, des Palais orn\u00e9s d&rsquo;armoiries, des \u00e9glises et des coins de r\u00eave. Almagro est une fen\u00eatre ouverte sur l&rsquo;univers du th\u00e9\u00e2tre et c&rsquo;est ici que l&rsquo;on trouve le Mus\u00e9e [&hellip;]","og_url":"https:\/\/lamanchaturismo.es\/fr\/de-lart\/les-plus-beaux-villages-despagne\/almagro\/","og_site_name":"La Mancha Turismo","article_modified_time":"2022-12-02T13:29:35+00:00","twitter_card":"summary_large_image","twitter_misc":{"Dur\u00e9e de lecture estim\u00e9e":"1 minute"},"schema":{"@context":"https:\/\/schema.org","@graph":[{"@type":"WebPage","@id":"https:\/\/lamanchaturismo.es\/fr\/de-lart\/les-plus-beaux-villages-despagne\/almagro\/","url":"https:\/\/lamanchaturismo.es\/fr\/de-lart\/les-plus-beaux-villages-despagne\/almagro\/","name":"ALMAGRO - La Mancha Turismo","isPartOf":{"@id":"https:\/\/lamanchaturismo.es\/fr\/#website"},"datePublished":"2022-04-27T13:06:42+00:00","dateModified":"2022-12-02T13:29:35+00:00","breadcrumb":{"@id":"https:\/\/lamanchaturismo.es\/fr\/de-lart\/les-plus-beaux-villages-despagne\/almagro\/#breadcrumb"},"inLanguage":"fr-FR","potentialAction":[{"@type":"ReadAction","target":["https:\/\/lamanchaturismo.es\/fr\/de-lart\/les-plus-beaux-villages-despagne\/almagro\/"]}]},{"@type":"BreadcrumbList","@id":"https:\/\/lamanchaturismo.es\/fr\/de-lart\/les-plus-beaux-villages-despagne\/almagro\/#breadcrumb","itemListElement":[{"@type":"ListItem","position":1,"name":"HOME","item":"https:\/\/lamanchaturismo.es\/fr\/home\/"},{"@type":"ListItem","position":2,"name":"DE L\u00b4aRT","item":"https:\/\/lamanchaturismo.es\/fr\/de-lart\/"},{"@type":"ListItem","position":3,"name":"LES PLUS BEAUX VILLAGES D&#8217;ESPAGNE","item":"https:\/\/lamanchaturismo.es\/fr\/de-lart\/les-plus-beaux-villages-despagne\/"},{"@type":"ListItem","position":4,"name":"ALMAGRO"}]},{"@type":"WebSite","@id":"https:\/\/lamanchaturismo.es\/fr\/#website","url":"https:\/\/lamanchaturismo.es\/fr\/","name":"La Mancha Turismo","description":"CRISTINA, TU GU\u00cdA OFICIAL DE TURISMO","potentialAction":[{"@type":"SearchAction","target":{"@type":"EntryPoint","urlTemplate":"https:\/\/lamanchaturismo.es\/fr\/?s={search_term_string}"},"query-input":{"@type":"PropertyValueSpecification","valueRequired":true,"valueName":"search_term_string"}}],"inLanguage":"fr-FR"}]}},"_links":{"self":[{"href":"https:\/\/lamanchaturismo.es\/fr\/wp-json\/wp\/v2\/pages\/14732","targetHints":{"allow":["GET"]}}],"collection":[{"href":"https:\/\/lamanchaturismo.es\/fr\/wp-json\/wp\/v2\/pages"}],"about":[{"href":"https:\/\/lamanchaturismo.es\/fr\/wp-json\/wp\/v2\/types\/page"}],"author":[{"embeddable":true,"href":"https:\/\/lamanchaturismo.es\/fr\/wp-json\/wp\/v2\/users\/2"}],"replies":[{"embeddable":true,"href":"https:\/\/lamanchaturismo.es\/fr\/wp-json\/wp\/v2\/comments?post=14732"}],"version-history":[{"count":7,"href":"https:\/\/lamanchaturismo.es\/fr\/wp-json\/wp\/v2\/pages\/14732\/revisions"}],"predecessor-version":[{"id":16197,"href":"https:\/\/lamanchaturismo.es\/fr\/wp-json\/wp\/v2\/pages\/14732\/revisions\/16197"}],"up":[{"embeddable":true,"href":"https:\/\/lamanchaturismo.es\/fr\/wp-json\/wp\/v2\/pages\/14726"}],"wp:attachment":[{"href":"https:\/\/lamanchaturismo.es\/fr\/wp-json\/wp\/v2\/media?parent=14732"}],"curies":[{"name":"wp","href":"https:\/\/api.w.org\/{rel}","templated":true}]}}