{"id":14709,"date":"2021-02-19T09:26:14","date_gmt":"2021-02-19T08:26:14","guid":{"rendered":"https:\/\/lamanchaturismo.es\/a-propos-de-moi\/"},"modified":"2022-12-28T11:57:17","modified_gmt":"2022-12-28T10:57:17","slug":"a-propos-de-moi","status":"publish","type":"page","link":"https:\/\/lamanchaturismo.es\/fr\/a-propos-de-moi\/","title":{"rendered":"\u00c0 PROPOS DE MOI"},"content":{"rendered":"\t\t<div data-elementor-type=\"wp-page\" data-elementor-id=\"14709\" class=\"elementor elementor-14709 elementor-1350\" data-elementor-post-type=\"page\">\n\t\t\t\t\t\t<section class=\"elementor-section elementor-top-section elementor-element elementor-element-52a5dea elementor-section-full_width elementor-section-height-min-height elementor-section-height-default elementor-section-items-middle qodef-elementor-content-no qodef-elementor-stretch-row-no\" data-id=\"52a5dea\" data-element_type=\"section\" data-e-type=\"section\" data-settings=\"{&quot;background_background&quot;:&quot;classic&quot;}\">\n\t\t\t\t\t\t<div class=\"elementor-container elementor-column-gap-default\">\n\t\t\t\t\t<div class=\"elementor-column elementor-col-100 elementor-top-column elementor-element elementor-element-9f2d0d3\" data-id=\"9f2d0d3\" data-element_type=\"column\" data-e-type=\"column\">\n\t\t\t<div class=\"elementor-widget-wrap elementor-element-populated\">\n\t\t\t\t\t\t<div class=\"elementor-element elementor-element-e412445 elementor-widget elementor-widget-heading\" data-id=\"e412445\" data-element_type=\"widget\" data-e-type=\"widget\" data-widget_type=\"heading.default\">\n\t\t\t\t<div class=\"elementor-widget-container\">\n\t\t\t\t\t<h2 class=\"elementor-heading-title elementor-size-default\">\u00c0 PROPOS DE MOI<\/h2>\t\t\t\t<\/div>\n\t\t\t\t<\/div>\n\t\t\t\t\t<\/div>\n\t\t<\/div>\n\t\t\t\t\t<\/div>\n\t\t<\/section>\n\t\t\t\t<section class=\"elementor-section elementor-top-section elementor-element elementor-element-fe131b2 elementor-section-full_width elementor-section-height-full elementor-reverse-tablet elementor-reverse-mobile qodef-elementor-content-grid qodef-extended-grid qodef-extended-grid--right-even-cols qodef-extended-grid-reset--1024 elementor-section-content-bottom elementor-section-height-default elementor-section-items-middle qodef-elementor-stretch-row-no\" data-id=\"fe131b2\" data-element_type=\"section\" data-e-type=\"section\" data-settings=\"{&quot;background_background&quot;:&quot;classic&quot;}\">\n\t\t\t\t\t\t\t<div class=\"elementor-background-overlay\"><\/div>\n\t\t\t\t\t\t\t<div class=\"elementor-container elementor-column-gap-default\">\n\t\t\t\t\t<div class=\"elementor-column elementor-col-50 elementor-top-column elementor-element elementor-element-0ded262\" data-id=\"0ded262\" data-element_type=\"column\" data-e-type=\"column\">\n\t\t\t<div class=\"elementor-widget-wrap elementor-element-populated\">\n\t\t\t\t\t\t<div class=\"elementor-element elementor-element-5f8df75 elementor-widget elementor-widget-heading\" data-id=\"5f8df75\" data-element_type=\"widget\" data-e-type=\"widget\" data-widget_type=\"heading.default\">\n\t\t\t\t<div class=\"elementor-widget-container\">\n\t\t\t\t\t<h1 class=\"elementor-heading-title elementor-size-default\">CRISTINA,<br>CRISTINA, VOTRE GUIDE CONFERENCIER<\/h1>\t\t\t\t<\/div>\n\t\t\t\t<\/div>\n\t\t\t\t<div class=\"elementor-element elementor-element-dea1dac elementor-widget__width-initial elementor-widget-tablet__width-inherit elementor-widget elementor-widget-text-editor\" data-id=\"dea1dac\" data-element_type=\"widget\" data-e-type=\"widget\" data-widget_type=\"text-editor.default\">\n\t\t\t\t<div class=\"elementor-widget-container\">\n\t\t\t\t\t\t\t\t\t<p>Je m&rsquo;appelle Cristina, et je suis guide-conf\u00e9rencier certifi\u00e9e par les r\u00e9gions de Castilla la Mancha et de Madrid ainsi que par le Patrimoine National.<\/p>\n<p>Je suis originaire de la r\u00e9gion de La Mancha, la r\u00e9gion o\u00f9 se trouve le plus grand vignoble du monde.<\/p>\n<p>Quand j&rsquo;\u00e9tais enfant, je regardais les endroits lointains gr\u00e2ce a mon \u00ab\u00a0globe terrestre\u201d et mon atlas. Et j\u00b4 inventais les langues avec lesquelles j\u00b4esp\u00e9rais me faire comprendre au fil de mes voyages imaginaires<\/p>\n<p>Pendant des ann\u00e9es, j\u00b4ai travaill\u00e9 et pris plaisir \u00e0 accompagner des groupes de voyageurs \u00e0 travers le monde, \u00e0 la decouverte d\u00b4autres peuples et cultures <\/p>\n<p>Aujourd&rsquo;hui, je d\u00e9sire transmettre ces \u00e9motions que j&rsquo;ai ressenties en voyageant, mais dans ma r\u00e9gion, La Mancha.<\/p>\n<p>\u00catre GUIDE-CONF\u00c9RENCIER est plus qu&rsquo;un m\u00e9tier.<\/p>\n<p>C&rsquo;est une fa\u00e7on de vivre et d&rsquo;\u00eatre en relation avec mon environnement, et pour moi, c&rsquo;est une vocation. C&rsquo;est cette soif de d\u00e9couverte qui me pousse continuellement \u00e0 la recherche de connaissances et \u00e0 me former encore aujourd&rsquo;hui.<\/p>\n\t\t\t\t\t\t\t\t<\/div>\n\t\t\t\t<\/div>\n\t\t\t\t\t<\/div>\n\t\t<\/div>\n\t\t\t\t<div class=\"elementor-column elementor-col-50 elementor-top-column elementor-element elementor-element-ccb83c5\" data-id=\"ccb83c5\" data-element_type=\"column\" data-e-type=\"column\">\n\t\t\t<div class=\"elementor-widget-wrap elementor-element-populated\">\n\t\t\t\t\t\t<div class=\"elementor-element elementor-element-0df6c41 elementor-widget elementor-widget-image\" data-id=\"0df6c41\" data-element_type=\"widget\" data-e-type=\"widget\" data-widget_type=\"image.default\">\n\t\t\t\t<div class=\"elementor-widget-container\">\n\t\t\t\t\t\t\t\t\t\t\t\t\t\t\t<img fetchpriority=\"high\" decoding=\"async\" width=\"800\" height=\"791\" src=\"https:\/\/lamanchaturismo.es\/wp-content\/uploads\/2022\/06\/quien-soy.jpg\" class=\"attachment-full size-full wp-image-14865\" alt=\"\" srcset=\"https:\/\/lamanchaturismo.es\/wp-content\/uploads\/2022\/06\/quien-soy.jpg 800w, https:\/\/lamanchaturismo.es\/wp-content\/uploads\/2022\/06\/quien-soy-300x297.jpg 300w, https:\/\/lamanchaturismo.es\/wp-content\/uploads\/2022\/06\/quien-soy-150x148.jpg 150w, https:\/\/lamanchaturismo.es\/wp-content\/uploads\/2022\/06\/quien-soy-768x759.jpg 768w, https:\/\/lamanchaturismo.es\/wp-content\/uploads\/2022\/06\/quien-soy-650x643.jpg 650w, https:\/\/lamanchaturismo.es\/wp-content\/uploads\/2022\/06\/quien-soy-657x650.jpg 657w\" sizes=\"(max-width: 800px) 100vw, 800px\" \/>\t\t\t\t\t\t\t\t\t\t\t\t\t\t\t<\/div>\n\t\t\t\t<\/div>\n\t\t\t\t\t<\/div>\n\t\t<\/div>\n\t\t\t\t\t<\/div>\n\t\t<\/section>\n\t\t\t\t<\/div>\n\t\t","protected":false},"excerpt":{"rendered":"<p>\u00c0 PROPOS DE MOI CRISTINA,CRISTINA, VOTRE GUIDE CONFERENCIER Je m&rsquo;appelle Cristina, et je suis guide-conf\u00e9rencier certifi\u00e9e par les r\u00e9gions de Castilla la Mancha et de Madrid ainsi que par le Patrimoine National. Je suis originaire de la r\u00e9gion de La Mancha, la r\u00e9gion o\u00f9 se trouve le plus grand vignoble du monde. Quand j&rsquo;\u00e9tais enfant, [&hellip;]<\/p>\n","protected":false},"author":1,"featured_media":0,"parent":0,"menu_order":0,"comment_status":"closed","ping_status":"closed","template":"","meta":{"footnotes":""},"class_list":["post-14709","page","type-page","status-publish","hentry"],"yoast_head":"<!-- This site is optimized with the Yoast SEO plugin v27.0 - https:\/\/yoast.com\/product\/yoast-seo-wordpress\/ -->\n<title>\u00c0 PROPOS DE MOI - La Mancha Turismo<\/title>\n<meta name=\"robots\" content=\"index, follow, max-snippet:-1, max-image-preview:large, max-video-preview:-1\" \/>\n<link rel=\"canonical\" href=\"https:\/\/lamanchaturismo.es\/fr\/a-propos-de-moi\/\" \/>\n<meta property=\"og:locale\" content=\"fr_FR\" \/>\n<meta property=\"og:type\" content=\"article\" \/>\n<meta property=\"og:title\" content=\"\u00c0 PROPOS DE MOI - La Mancha Turismo\" \/>\n<meta property=\"og:description\" content=\"\u00c0 PROPOS DE MOI CRISTINA,CRISTINA, VOTRE GUIDE CONFERENCIER Je m&rsquo;appelle Cristina, et je suis guide-conf\u00e9rencier certifi\u00e9e par les r\u00e9gions de Castilla la Mancha et de Madrid ainsi que par le Patrimoine National. Je suis originaire de la r\u00e9gion de La Mancha, la r\u00e9gion o\u00f9 se trouve le plus grand vignoble du monde. Quand j&rsquo;\u00e9tais enfant, [&hellip;]\" \/>\n<meta property=\"og:url\" content=\"https:\/\/lamanchaturismo.es\/fr\/a-propos-de-moi\/\" \/>\n<meta property=\"og:site_name\" content=\"La Mancha Turismo\" \/>\n<meta property=\"article:modified_time\" content=\"2022-12-28T10:57:17+00:00\" \/>\n<meta property=\"og:image\" content=\"https:\/\/lamanchaturismo.es\/wp-content\/uploads\/2022\/06\/quien-soy.jpg\" \/>\n<meta name=\"twitter:card\" content=\"summary_large_image\" \/>\n<meta name=\"twitter:label1\" content=\"Dur\u00e9e de lecture estim\u00e9e\" \/>\n\t<meta name=\"twitter:data1\" content=\"1 minute\" \/>\n<script type=\"application\/ld+json\" class=\"yoast-schema-graph\">{\"@context\":\"https:\/\/schema.org\",\"@graph\":[{\"@type\":\"WebPage\",\"@id\":\"https:\/\/lamanchaturismo.es\/fr\/a-propos-de-moi\/\",\"url\":\"https:\/\/lamanchaturismo.es\/fr\/a-propos-de-moi\/\",\"name\":\"\u00c0 PROPOS DE MOI - La Mancha Turismo\",\"isPartOf\":{\"@id\":\"https:\/\/lamanchaturismo.es\/fr\/#website\"},\"primaryImageOfPage\":{\"@id\":\"https:\/\/lamanchaturismo.es\/fr\/a-propos-de-moi\/#primaryimage\"},\"image\":{\"@id\":\"https:\/\/lamanchaturismo.es\/fr\/a-propos-de-moi\/#primaryimage\"},\"thumbnailUrl\":\"https:\/\/lamanchaturismo.es\/wp-content\/uploads\/2022\/06\/quien-soy.jpg\",\"datePublished\":\"2021-02-19T08:26:14+00:00\",\"dateModified\":\"2022-12-28T10:57:17+00:00\",\"breadcrumb\":{\"@id\":\"https:\/\/lamanchaturismo.es\/fr\/a-propos-de-moi\/#breadcrumb\"},\"inLanguage\":\"fr-FR\",\"potentialAction\":[{\"@type\":\"ReadAction\",\"target\":[\"https:\/\/lamanchaturismo.es\/fr\/a-propos-de-moi\/\"]}]},{\"@type\":\"ImageObject\",\"inLanguage\":\"fr-FR\",\"@id\":\"https:\/\/lamanchaturismo.es\/fr\/a-propos-de-moi\/#primaryimage\",\"url\":\"https:\/\/lamanchaturismo.es\/wp-content\/uploads\/2022\/06\/quien-soy.jpg\",\"contentUrl\":\"https:\/\/lamanchaturismo.es\/wp-content\/uploads\/2022\/06\/quien-soy.jpg\"},{\"@type\":\"BreadcrumbList\",\"@id\":\"https:\/\/lamanchaturismo.es\/fr\/a-propos-de-moi\/#breadcrumb\",\"itemListElement\":[{\"@type\":\"ListItem\",\"position\":1,\"name\":\"HOME\",\"item\":\"https:\/\/lamanchaturismo.es\/fr\/home\/\"},{\"@type\":\"ListItem\",\"position\":2,\"name\":\"\u00c0 PROPOS DE MOI\"}]},{\"@type\":\"WebSite\",\"@id\":\"https:\/\/lamanchaturismo.es\/fr\/#website\",\"url\":\"https:\/\/lamanchaturismo.es\/fr\/\",\"name\":\"La Mancha Turismo\",\"description\":\"CRISTINA, TU GU\u00cdA OFICIAL DE TURISMO\",\"potentialAction\":[{\"@type\":\"SearchAction\",\"target\":{\"@type\":\"EntryPoint\",\"urlTemplate\":\"https:\/\/lamanchaturismo.es\/fr\/?s={search_term_string}\"},\"query-input\":{\"@type\":\"PropertyValueSpecification\",\"valueRequired\":true,\"valueName\":\"search_term_string\"}}],\"inLanguage\":\"fr-FR\"}]}<\/script>\n<!-- \/ Yoast SEO plugin. -->","yoast_head_json":{"title":"\u00c0 PROPOS DE MOI - La Mancha Turismo","robots":{"index":"index","follow":"follow","max-snippet":"max-snippet:-1","max-image-preview":"max-image-preview:large","max-video-preview":"max-video-preview:-1"},"canonical":"https:\/\/lamanchaturismo.es\/fr\/a-propos-de-moi\/","og_locale":"fr_FR","og_type":"article","og_title":"\u00c0 PROPOS DE MOI - La Mancha Turismo","og_description":"\u00c0 PROPOS DE MOI CRISTINA,CRISTINA, VOTRE GUIDE CONFERENCIER Je m&rsquo;appelle Cristina, et je suis guide-conf\u00e9rencier certifi\u00e9e par les r\u00e9gions de Castilla la Mancha et de Madrid ainsi que par le Patrimoine National. Je suis originaire de la r\u00e9gion de La Mancha, la r\u00e9gion o\u00f9 se trouve le plus grand vignoble du monde. Quand j&rsquo;\u00e9tais enfant, [&hellip;]","og_url":"https:\/\/lamanchaturismo.es\/fr\/a-propos-de-moi\/","og_site_name":"La Mancha Turismo","article_modified_time":"2022-12-28T10:57:17+00:00","og_image":[{"url":"https:\/\/lamanchaturismo.es\/wp-content\/uploads\/2022\/06\/quien-soy.jpg","type":"","width":"","height":""}],"twitter_card":"summary_large_image","twitter_misc":{"Dur\u00e9e de lecture estim\u00e9e":"1 minute"},"schema":{"@context":"https:\/\/schema.org","@graph":[{"@type":"WebPage","@id":"https:\/\/lamanchaturismo.es\/fr\/a-propos-de-moi\/","url":"https:\/\/lamanchaturismo.es\/fr\/a-propos-de-moi\/","name":"\u00c0 PROPOS DE MOI - La Mancha Turismo","isPartOf":{"@id":"https:\/\/lamanchaturismo.es\/fr\/#website"},"primaryImageOfPage":{"@id":"https:\/\/lamanchaturismo.es\/fr\/a-propos-de-moi\/#primaryimage"},"image":{"@id":"https:\/\/lamanchaturismo.es\/fr\/a-propos-de-moi\/#primaryimage"},"thumbnailUrl":"https:\/\/lamanchaturismo.es\/wp-content\/uploads\/2022\/06\/quien-soy.jpg","datePublished":"2021-02-19T08:26:14+00:00","dateModified":"2022-12-28T10:57:17+00:00","breadcrumb":{"@id":"https:\/\/lamanchaturismo.es\/fr\/a-propos-de-moi\/#breadcrumb"},"inLanguage":"fr-FR","potentialAction":[{"@type":"ReadAction","target":["https:\/\/lamanchaturismo.es\/fr\/a-propos-de-moi\/"]}]},{"@type":"ImageObject","inLanguage":"fr-FR","@id":"https:\/\/lamanchaturismo.es\/fr\/a-propos-de-moi\/#primaryimage","url":"https:\/\/lamanchaturismo.es\/wp-content\/uploads\/2022\/06\/quien-soy.jpg","contentUrl":"https:\/\/lamanchaturismo.es\/wp-content\/uploads\/2022\/06\/quien-soy.jpg"},{"@type":"BreadcrumbList","@id":"https:\/\/lamanchaturismo.es\/fr\/a-propos-de-moi\/#breadcrumb","itemListElement":[{"@type":"ListItem","position":1,"name":"HOME","item":"https:\/\/lamanchaturismo.es\/fr\/home\/"},{"@type":"ListItem","position":2,"name":"\u00c0 PROPOS DE MOI"}]},{"@type":"WebSite","@id":"https:\/\/lamanchaturismo.es\/fr\/#website","url":"https:\/\/lamanchaturismo.es\/fr\/","name":"La Mancha Turismo","description":"CRISTINA, TU GU\u00cdA OFICIAL DE TURISMO","potentialAction":[{"@type":"SearchAction","target":{"@type":"EntryPoint","urlTemplate":"https:\/\/lamanchaturismo.es\/fr\/?s={search_term_string}"},"query-input":{"@type":"PropertyValueSpecification","valueRequired":true,"valueName":"search_term_string"}}],"inLanguage":"fr-FR"}]}},"_links":{"self":[{"href":"https:\/\/lamanchaturismo.es\/fr\/wp-json\/wp\/v2\/pages\/14709","targetHints":{"allow":["GET"]}}],"collection":[{"href":"https:\/\/lamanchaturismo.es\/fr\/wp-json\/wp\/v2\/pages"}],"about":[{"href":"https:\/\/lamanchaturismo.es\/fr\/wp-json\/wp\/v2\/types\/page"}],"author":[{"embeddable":true,"href":"https:\/\/lamanchaturismo.es\/fr\/wp-json\/wp\/v2\/users\/1"}],"replies":[{"embeddable":true,"href":"https:\/\/lamanchaturismo.es\/fr\/wp-json\/wp\/v2\/comments?post=14709"}],"version-history":[{"count":9,"href":"https:\/\/lamanchaturismo.es\/fr\/wp-json\/wp\/v2\/pages\/14709\/revisions"}],"predecessor-version":[{"id":16226,"href":"https:\/\/lamanchaturismo.es\/fr\/wp-json\/wp\/v2\/pages\/14709\/revisions\/16226"}],"wp:attachment":[{"href":"https:\/\/lamanchaturismo.es\/fr\/wp-json\/wp\/v2\/media?parent=14709"}],"curies":[{"name":"wp","href":"https:\/\/api.w.org\/{rel}","templated":true}]}}